{"id":1080,"date":"2022-08-28T20:49:15","date_gmt":"2022-08-28T17:49:15","guid":{"rendered":"https:\/\/drmakclinic.com\/?page_id=1080"},"modified":"2025-01-30T08:00:49","modified_gmt":"2025-01-30T05:00:49","slug":"lip-lift","status":"publish","type":"page","link":"https:\/\/drmakclinic.com\/fr\/procedures\/aesthetic-plastic-surgery\/lip-lift\/","title":{"rendered":"Lip Lift"},"content":{"rendered":"<div class=\"brz-root__container brz-reset-all brz brz-root__container-page\">\n<section id=\"_knchlgrnkiwsrthbkdnxvoqzpvuxvvyvvtug\" class=\"brz-section brz-css-9943tj\">\n<div class=\"brz-section__content brz-section--boxed brz-css-jowqo1 brz-css-5tkprn\" data-brz-custom-id=\"sggruzvezkrawmemgteulwotlvdiqzctyeyl\">\n<div class=\"brz-bg\">\n<div class=\"brz-bg-color\"><\/div>\n<\/div>\n<div class=\"brz-container brz-css-15ojshz\">\n<div class=\"brz-row__container brz-css-1rfoyvb\" data-brz-custom-id=\"lihnatzashtfouoddgrflikjeldbxvklihab\">\n<div class=\"brz-bg\"><\/div>\n<div class=\"brz-row brz-css-10i1anj brz-css-190011g\">\n<div class=\"brz-columns brz-css-1oegpt0 brz-css-1u3igr1\" data-brz-custom-id=\"fmcwglnopdmlooggpnwhhfmokkfxzwguwfts\">\n<div class=\"brz-bg\"><\/div>\n<div class=\"brz-column__items brz-css-futnxl\">\n<div id=\"\" class=\"brz-css-dtvmjx brz-wrapper\">\n<div class=\"brz-icon-text brz-css-1doowct brz-css-m5ku6b\" data-brz-custom-id=\"ylpdhrbdrikbyislbewsaqqimqvnvgeqteqy\">\n<div class=\"brz-icon__container\" data-brz-custom-id=\"fxctyysnyfpigvsqwyibowvsnifolfkrbzxh\"><span class=\"brz-icon brz-span brz-css-g2ouwt brz-css-1fuwg4s\"><\/span><\/div>\n<div class=\"brz-text-btn\">\n<div class=\"brz-rich-text brz-rich-text__custom brz-css-1m5oop6\" data-brz-custom-id=\"hkzsffoumcfpvduytewgzjqoulkspyzawfnw\">\n<div data-brz-translate-text=\"1\">\n<p class=\"brz-lh-lg-1 brz-ls-lg-0 brz-fw-lg-400 brz-fss-lg-px brz-fs-lg-66 brz-ft-upload brz-ff-izzivsxniqvyexslaslvwzgtgnghvrxuxiru brz-tp-lg-empty brz-css-fz9fM\" data-generated-css=\"brz-css-onfld\" data-uniq-id=\"abbhn\"><span>LIFTING DES L\u00caVRES<\/span><\/p>\n<\/div>\n<\/div>\n<\/div>\n<\/div>\n<\/div>\n<\/div>\n<\/div>\n<\/div>\n<\/div>\n<\/div>\n<\/div>\n<\/section>\n<section id=\"_hpvsafcapakjqteyfimozhsziflcenulqhyf\" class=\"brz-section brz-css-9943tj\">\n<div class=\"brz-section__content brz-section--boxed brz-css-jowqo1 brz-css-15gjtc6\" data-brz-custom-id=\"xuanouacdlnbdzmltkvhairozvnhjyaejzhp\">\n<div class=\"brz-bg\">\n<div class=\"brz-bg-color\"><\/div>\n<\/div>\n<div class=\"brz-container brz-css-15ojshz\">\n<div id=\"\" class=\"brz-css-dtvmjx brz-wrapper\">\n<div class=\"brz-line brz-line-default brz-css-is1nqc brz-css-192as5i\" data-brz-custom-id=\"bbhlawfqgunnweygsovcgmhxtfeshczithgl\">\n<hr class=\"brz-hr\"><\/div>\n<\/div>\n<div class=\"brz-row__container brz-css-1rfoyvb\" data-brz-custom-id=\"cdnyqutgzflwydrzthooqhelknfbmvhcivqa\">\n<div class=\"brz-bg\"><\/div>\n<div class=\"brz-row brz-css-10i1anj brz-css-6t2qzx\">\n<div class=\"brz-columns brz-css-1oegpt0 brz-css-1yknzm0\" data-brz-custom-id=\"enufqzmcztubopnwahtqowrqazmueybxnzoh\">\n<div class=\"brz-bg\"><\/div>\n<div class=\"brz-column__items brz-css-futnxl brz-css-qsrt8n\">\n<div id=\"\" class=\"brz-css-dtvmjx brz-css-zpqbgh brz-wrapper\">\n<div class=\"brz-rich-text brz-rich-text__custom brz-css-1m5oop6\" data-brz-custom-id=\"dgvawibivuidcvdzyxfulrapqrsedpjkfpwb\">\n<div data-brz-translate-text=\"1\">\n<p class=\"brz-tp-lg-empty brz-ff-manrope brz-ft-google brz-fs-lg-13 brz-fss-lg-px brz-fw-lg-700 brz-ls-lg-1_1 brz-lh-lg-1_5 brz-css-u2Fib\" data-uniq-id=\"opaww\" data-generated-css=\"brz-css-fsskn\"><span class=\"brz-capitalize-on\">LIFTING DES L\u00caVRES<\/span><\/p>\n<\/div>\n<\/div>\n<\/div>\n<div id=\"\" class=\"brz-css-dtvmjx brz-css-11kqbyk brz-wrapper\">\n<div class=\"brz-rich-text brz-rich-text__custom brz-css-1m5oop6\" data-brz-custom-id=\"ypyclulshpjvbscvfccunavoitgtlfdyhgci\">\n<div data-brz-translate-text=\"1\">\n<p class=\"brz-ls-lg-0 brz-fw-lg-400 brz-fss-lg-px brz-fs-lg-36 brz-ft-upload brz-ff-ckyztbazucvfgxnrkwthfbuhnumrbfrmhags brz-tp-lg-empty brz-lh-lg-1_3 brz-css-fpTrM\" data-generated-css=\"brz-css-jhgle\" data-uniq-id=\"tlriw\"><span class=\"brz-cp-color2\">Un lifting des l\u00e8vres est une intervention chirurgicale esth\u00e9tique qui cr\u00e9e un \u00e9quilibre et une forme plus esth\u00e9tique de la zone de vos l\u00e8vres.<\/span><\/p>\n<\/div>\n<\/div>\n<\/div>\n<div id=\"\" class=\"brz-css-dtvmjx brz-css-1l9avqa brz-wrapper\">\n<div class=\"brz-spacer brz-css-i4na7f brz-css-1tk2d17\"><\/div>\n<\/div>\n<div id=\"\" class=\"brz-css-dtvmjx brz-css-8gu8a3 brz-wrapper\">\n<div class=\"brz-icon-text brz-css-1doowct\" data-brz-custom-id=\"gedjiuiaaowhmcnnmqmestetchzxbhimtogd\">\n<div class=\"brz-icon__container\" data-brz-custom-id=\"olpqprwupbchqithewcwnzrtgzkmbdsdhhjd\"><span class=\"brz-icon brz-span brz-css-g2ouwt brz-css-1b9sp90\"><\/span><\/div>\n<div class=\"brz-text-btn\">\n<div class=\"brz-rich-text brz-rich-text__custom brz-css-1m5oop6\" data-brz-custom-id=\"jekjrcwzgmfnnwrncnrpyomjyzesllfpsvzl\">\n<div data-brz-translate-text=\"1\">\n<p class=\"brz-lh-lg-1_3 brz-fw-xs-400 brz-fw-sm-400 brz-fw-lg-400 brz-ft-google brz-ff-arimo brz-ls-xs-0 brz-ls-sm-0 brz-ls-lg-0 brz-fs-xs-17 brz-fs-sm-17 brz-fs-lg-18 brz-lh-sm-1_4 brz-lh-xs-1_4 brz-css-ciCCm\" data-generated-css=\"brz-css-bwgxt\" data-uniq-id=\"gevep\"><span>Anesth\u00e9sie &#8211; g\u00e9n\u00e9rale et locale<\/span><\/p>\n<\/div>\n<\/div>\n<\/div>\n<\/div>\n<\/div>\n<div id=\"\" class=\"brz-css-dtvmjx brz-css-1l9avqa brz-wrapper\">\n<div class=\"brz-spacer brz-css-i4na7f brz-css-1gpagkt\"><\/div>\n<\/div>\n<div id=\"\" class=\"brz-css-dtvmjx brz-css-yvmeev brz-wrapper\">\n<div class=\"brz-icon-text brz-css-1doowct\" data-brz-custom-id=\"pizglrctkskjbzixytjtdpushimozavkkfza\">\n<div class=\"brz-icon__container\" data-brz-custom-id=\"wwzaprlajidjuxgkkfpvnbdwsfluxydxpfzj\"><span class=\"brz-icon brz-span brz-css-g2ouwt brz-css-b0hyn2\"><\/span><\/div>\n<div class=\"brz-text-btn\">\n<div class=\"brz-rich-text brz-rich-text__custom brz-css-1m5oop6\" data-brz-custom-id=\"tdhyoytqpnvkmjzfnzjhygkblauaqzbsoout\">\n<div data-brz-translate-text=\"1\">\n<p class=\"brz-lh-sm-1_4 brz-lh-lg-1_3 brz-fw-xs-400 brz-fw-sm-400 brz-fw-lg-400 brz-ft-google brz-ff-arimo brz-ls-xs-0 brz-ls-sm-0 brz-ls-lg-0 brz-fs-xs-17 brz-fs-sm-17 brz-fs-lg-18 brz-lh-xs-1_4 brz-css-rhyHe\" data-uniq-id=\"vklkj\" data-generated-css=\"brz-css-teauf\"><span>Dur\u00e9e du s\u00e9jour &#8211; 4 nuits<\/span><\/p>\n<\/div>\n<\/div>\n<\/div>\n<\/div>\n<\/div>\n<div id=\"\" class=\"brz-css-dtvmjx brz-css-1l9avqa brz-wrapper\">\n<div class=\"brz-spacer brz-css-i4na7f brz-css-p3wq3i\"><\/div>\n<\/div>\n<div id=\"\" class=\"brz-css-dtvmjx brz-css-1iiw4ea brz-wrapper\">\n<div class=\"brz-icon-text brz-css-1doowct\" data-brz-custom-id=\"zmsnzuvcfxzwqfkhonwtclubvraupldgyanc\">\n<div class=\"brz-icon__container\" data-brz-custom-id=\"bpximiprcfrdfuoqgvxgkaonrujqlffxiecc\"><span class=\"brz-icon brz-span brz-css-g2ouwt brz-css-ecu0g9\"><\/span><\/div>\n<div class=\"brz-text-btn\">\n<div class=\"brz-rich-text brz-rich-text__custom brz-css-1m5oop6\" data-brz-custom-id=\"lqfkldrejvcnwqrcqnldjofudmjvomiymkjq\">\n<div data-brz-translate-text=\"1\">\n<p class=\"brz-lh-sm-1_4 brz-lh-lg-1_3 brz-fw-xs-400 brz-fw-sm-400 brz-fw-lg-400 brz-ft-google brz-ff-arimo brz-ls-xs-0 brz-ls-sm-0 brz-ls-lg-0 brz-fs-xs-17 brz-fs-sm-17 brz-fs-lg-18 brz-lh-xs-1_4 brz-css-orFcJ\" data-uniq-id=\"xfnxz\" data-generated-css=\"brz-css-xmmdd\"><span>Dur\u00e9e de la chirurgie &#8211; 1 heure<\/span><\/p>\n<\/div>\n<\/div>\n<\/div>\n<\/div>\n<\/div>\n<div id=\"\" class=\"brz-css-dtvmjx brz-css-1l9avqa brz-wrapper\">\n<div class=\"brz-spacer brz-css-i4na7f brz-css-1spqv50\"><\/div>\n<\/div>\n<div id=\"\" class=\"brz-css-dtvmjx brz-css-1qdbxkv brz-wrapper\">\n<div class=\"brz-icon-text brz-css-1doowct\" data-brz-custom-id=\"mnzkrfnzrnoyajpqvmjtghumzqhabzmztcod\">\n<div class=\"brz-icon__container\" data-brz-custom-id=\"qnbcxadwfpvsgxxaswzybpwtdbhguvqhnefs\"><span class=\"brz-icon brz-span brz-css-g2ouwt brz-css-11ckoso\"><\/span><\/div>\n<div class=\"brz-text-btn\">\n<div class=\"brz-rich-text brz-rich-text__custom brz-css-1m5oop6\" data-brz-custom-id=\"bvmihnkmtejstzeiepcbmjnsuecdpbaeodqe\">\n<div data-brz-translate-text=\"1\">\n<p class=\"brz-lh-xs-1_4 brz-fs-lg-18 brz-fs-sm-17 brz-fs-xs-17 brz-ls-lg-0 brz-ls-sm-0 brz-ls-xs-0 brz-ff-arimo brz-ft-google brz-fw-lg-400 brz-fw-sm-400 brz-fw-xs-400 brz-lh-lg-1_3 brz-lh-sm-1_4 brz-css-enmsl\" data-uniq-id=\"grbod\" data-generated-css=\"brz-css-kujva\"><span>Retour \u00e0 la vie normale &#8211; 10 jours<\/span><\/p>\n<\/div>\n<\/div>\n<\/div>\n<\/div>\n<\/div>\n<div id=\"\" class=\"brz-css-dtvmjx brz-css-1l9avqa brz-wrapper\">\n<div class=\"brz-spacer brz-css-i4na7f brz-css-1u2qx4t\"><\/div>\n<\/div>\n<\/div>\n<\/div>\n<div class=\"brz-columns brz-css-1oegpt0 brz-css-9mjm3y\" data-brz-custom-id=\"ppgzwfksgcpaqaexiosvjynfyipdumacnfgc\">\n<div class=\"brz-bg\"><\/div>\n<div class=\"brz-column__items brz-css-futnxl brz-css-1fafvoz\">\n<div id=\"\" class=\"brz-css-dtvmjx brz-css-w5il5x brz-wrapper\">\n<div class=\"brz-image brz-css-xm2t2z brz-css-x3jj25\" data-brz-custom-id=\"uoeselluhclyqhpqopkldhefrrctponfjgvy\"><img decoding=\"async\" class=\"brz-img\" src=\"https:\/\/drmakclinic.com\/fr?brizy_media=wp-8c95d4297c43fa3a4ec6a37399cfbe7e.png&amp;brizy_crop=original\" alt=\"\" loading=\"lazy\"><\/div>\n<\/div>\n<\/div>\n<\/div>\n<\/div>\n<\/div>\n<\/div>\n<\/div>\n<\/section>\n<section id=\"_gisnfrkmmshlsmgmdcijcfuxjjtdjbhjfaiw\" class=\"brz-section brz-css-9943tj\">\n<div class=\"brz-section__content brz-section--boxed brz-css-jowqo1 brz-css-1v06vgn\" data-brz-custom-id=\"deodhouzghkecdqhggucysswosedtmprumpd\">\n<div class=\"brz-bg\">\n<div class=\"brz-bg-color\"><\/div>\n<\/div>\n<div class=\"brz-container brz-css-15ojshz\">\n<div id=\"\" class=\"brz-css-dtvmjx brz-wrapper\">\n<div class=\"brz-line brz-line-default brz-css-is1nqc brz-css-5x66q\" data-brz-custom-id=\"cxpbltsttnosrgyemoatjsmijryztgxgeaul\">\n<hr class=\"brz-hr\"><\/div>\n<\/div>\n<div class=\"brz-row__container brz-css-1rfoyvb\" data-brz-custom-id=\"wpbewiywyjqafagqvbcdtwwjxvgaqbqglysv\">\n<div class=\"brz-bg\"><\/div>\n<div class=\"brz-row brz-css-10i1anj\">\n<div class=\"brz-columns brz-css-1oegpt0 brz-css-zjgmyu\" data-brz-custom-id=\"rveyjechzuaayfhaykqiatlyqbjbfnwkgxpy\">\n<div class=\"brz-bg\"><\/div>\n<div class=\"brz-column__items brz-css-futnxl\"><\/div>\n<\/div>\n<div class=\"brz-columns brz-css-1oegpt0 brz-css-16v3fhf\" data-brz-custom-id=\"qygpnubffdzfuexhvqpazvlynjojpfkxvwlo\">\n<div class=\"brz-bg\"><\/div>\n<div class=\"brz-column__items brz-css-futnxl\">\n<div id=\"\" class=\"brz-css-dtvmjx brz-wrapper\">\n<div class=\"brz-rich-text brz-rich-text__custom brz-css-1m5oop6\" data-brz-custom-id=\"zdjhbazauflldccyboynqycdwciebgwrudnq\">\n<div data-brz-translate-text=\"1\">\n<p class=\"brz-tp-lg-empty brz-ff-ckyztbazucvfgxnrkwthfbuhnumrbfrmhags brz-ft-upload brz-fs-lg-21 brz-fss-lg-px brz-fw-lg-400 brz-ls-lg-0 brz-lh-lg-1_9 brz-css-shETO\" data-uniq-id=\"eahkh\" data-generated-css=\"brz-css-wvnpr\"><span class=\"brz-cp-color2\">Avant vos traitements, vous devrez peut-\u00eatre \u00e9galement :<\/span><\/p>\n<\/div>\n<\/div>\n<\/div>\n<div id=\"\" class=\"brz-css-dtvmjx brz-css-17vrvb9 brz-wrapper\">\n<div class=\"brz-icon-text brz-css-1doowct\" data-brz-custom-id=\"upblnbcjzspnefygsqgcyyjucyqkxulknpxo\">\n<div class=\"brz-icon__container\" data-brz-custom-id=\"wgjgcijkkvjmyhwswrjsyzwjelkznwrrqscq\"><span class=\"brz-icon brz-span brz-css-g2ouwt brz-css-1w74cu2\"><\/span><\/div>\n<div class=\"brz-text-btn\">\n<div class=\"brz-rich-text brz-rich-text__custom brz-css-1m5oop6\" data-brz-custom-id=\"omwrzsbaryocptwbqwyryaemnuhttagceshg\">\n<div data-brz-translate-text=\"1\">\n<p class=\"brz-lh-lg-1_3 brz-fw-xs-400 brz-fw-sm-400 brz-fw-lg-400 brz-ft-google brz-ff-arimo brz-ls-xs-0 brz-ls-sm-0 brz-ls-lg-0 brz-fs-xs-17 brz-fs-sm-17 brz-fs-lg-18 brz-lh-sm-1_4 brz-lh-xs-1_4 brz-css-aIXcY\" data-generated-css=\"brz-css-zmygj\" data-uniq-id=\"joirg\"><span>Arr\u00eater de fumer. Fumer diminue le flux sanguin dans la peau et peut ralentir le processus de gu\u00e9rison. Si vous fumez, le Dr Mak vous recommandera d&rsquo;arr\u00eater de fumer avant la chirurgie et pendant la convalescence.<\/span><\/p>\n<\/div>\n<\/div>\n<\/div>\n<\/div>\n<\/div>\n<div id=\"\" class=\"brz-css-dtvmjx brz-css-1l9avqa brz-wrapper\">\n<div class=\"brz-spacer brz-css-i4na7f brz-css-1dj0crq\"><\/div>\n<\/div>\n<div id=\"\" class=\"brz-css-dtvmjx brz-css-yfqkvo brz-wrapper\">\n<div class=\"brz-icon-text brz-css-1doowct\" data-brz-custom-id=\"pujvjnysbvjjbbbccyehziwowceutiyoxvfa\">\n<div class=\"brz-icon__container\" data-brz-custom-id=\"rnfvmmanrkcgfpqjqazdopmufcowrnnrgzns\"><span class=\"brz-icon brz-span brz-css-g2ouwt brz-css-1jl0i6l\"><\/span><\/div>\n<div class=\"brz-text-btn\">\n<div class=\"brz-rich-text brz-rich-text__custom brz-css-1m5oop6\" data-brz-custom-id=\"ktylhqjnutqoqsrxbnhsondrpiqrppzzgyah\">\n<div data-brz-translate-text=\"1\">\n<p class=\"brz-lh-lg-1_3 brz-fw-xs-400 brz-fw-sm-400 brz-fw-lg-400 brz-ft-google brz-ff-arimo brz-ls-xs-0 brz-ls-sm-0 brz-ls-lg-0 brz-fs-xs-17 brz-fs-sm-17 brz-fs-lg-18 brz-lh-sm-1_4 brz-lh-xs-1_4 brz-css-hkWFe\" data-generated-css=\"brz-css-mlcpi\" data-uniq-id=\"ueqpv\"><span>\u00c9vitez certains m\u00e9dicaments. Vous devrez probablement \u00e9viter de prendre de l&rsquo;aspirine, des anti-inflammatoires, des anabolisants et des suppl\u00e9ments \u00e0 base de plantes, qui peuvent augmenter les saignements.<\/span><\/p>\n<\/div>\n<\/div>\n<\/div>\n<\/div>\n<\/div>\n<\/div>\n<\/div>\n<div class=\"brz-columns brz-css-1oegpt0 brz-css-1pv8i88\" data-brz-custom-id=\"fgfgkyplhkffgigjmmsbavfdijhclnfnwncq\">\n<div class=\"brz-bg\"><\/div>\n<div class=\"brz-column__items brz-css-futnxl\"><\/div>\n<\/div>\n<\/div>\n<\/div>\n<\/div>\n<\/div>\n<\/section>\n<section id=\"_rdzadolutlejuthkviyszzfxmhlucsjcuzfg\" class=\"brz-section brz-css-9943tj\">\n<div class=\"brz-section__content brz-section--boxed brz-css-jowqo1 brz-css-12se5ai\" data-brz-custom-id=\"mglxnxhtxndwzgobohqocyawxehhmyikocjs\">\n<div class=\"brz-bg\">\n<div class=\"brz-bg-color\"><\/div>\n<\/div>\n<div class=\"brz-container brz-css-15ojshz\">\n<div id=\"\" class=\"brz-css-dtvmjx brz-wrapper\">\n<div class=\"brz-line brz-line-default brz-css-is1nqc brz-css-16abapy\" data-brz-custom-id=\"kmlrezuxqgkkuwqpjhguizxawrtmflqplhkd\">\n<hr class=\"brz-hr\"><\/div>\n<\/div>\n<\/div>\n<\/div>\n<\/section>\n<section id=\"_xjxipcuwakpkxcyfuyyhcyjsxwmcwemuexqj\" class=\"brz-section brz-css-9943tj\">\n<div class=\"brz-section__content brz-section--boxed brz-css-jowqo1 brz-css-sio5ix\" data-brz-custom-id=\"pneavxppbjxdggbckntdasczbgygjqatrwzb\">\n<div class=\"brz-bg\">\n<div class=\"brz-bg-color\"><\/div>\n<\/div>\n<div class=\"brz-container brz-css-15ojshz\">\n<div id=\"\" class=\"brz-css-dtvmjx brz-wrapper\">\n<div class=\"brz-line brz-line-default brz-css-is1nqc brz-css-1xphddk\" data-brz-custom-id=\"dieimlymlefxxqekwpzzotpbteiujiuafaou\">\n<hr class=\"brz-hr\"><\/div>\n<\/div>\n<div id=\"\" class=\"brz-css-dtvmjx brz-css-1l9avqa brz-wrapper\">\n<div class=\"brz-spacer brz-css-i4na7f brz-css-1lbrcgs\"><\/div>\n<\/div>\n<div class=\"brz-row__container brz-css-1rfoyvb\" data-brz-custom-id=\"jxnhpqctmubwhvphikyiybjatdjmfqlgmxpy\">\n<div class=\"brz-bg\"><\/div>\n<div class=\"brz-row brz-css-10i1anj brz-css-6t2qzx\">\n<div class=\"brz-columns brz-css-1oegpt0 brz-css-ytej77\" data-brz-custom-id=\"dhkyzxwijmxwsgvhlfvyafevnsmpneseqdbh\">\n<div class=\"brz-bg\"><\/div>\n<div class=\"brz-column__items brz-css-futnxl brz-css-gce2cq\">\n<div id=\"\" class=\"brz-css-dtvmjx brz-css-tbnfwz brz-wrapper\">\n<div class=\"brz-image brz-css-1igujh6 brz-css-1xtujha\" data-brz-custom-id=\"yaaqqixzfycptyacgojfhvumaqfhjlwzpdke\"><img decoding=\"async\" class=\"brz-img\" src=\"https:\/\/drmakclinic.com\/fr?brizy_media=wp-9b7486b9d786a0648588605ea135d33b.jpg&amp;brizy_crop=iW%3D316%26iH%3D211%26oX%3D90%26oY%3D23%26cW%3D105%26cH%3D106\" alt=\"\" loading=\"lazy\"><\/div>\n<\/div>\n<\/div>\n<\/div>\n<div class=\"brz-columns brz-css-1oegpt0 brz-css-11goaha\" data-brz-custom-id=\"bsmzpkxmaxcjtqxmsaqqebipbopzwqquucpm\">\n<div class=\"brz-bg\"><\/div>\n<div class=\"brz-column__items brz-css-futnxl brz-css-173ucxx\">\n<div id=\"\" class=\"brz-css-dtvmjx brz-wrapper\">\n<div class=\"brz-rich-text brz-rich-text__custom brz-css-1m5oop6\" data-brz-custom-id=\"iwirdctsasbbvqifvjjkzmiefcxdqgjqumge\">\n<div data-brz-translate-text=\"1\">\n<p data-uniq-id=\"egydo\" data-generated-css=\"brz-css-trizt\" class=\"brz-tp-lg-empty brz-ff-ckyztbazucvfgxnrkwthfbuhnumrbfrmhags brz-ft-upload brz-fs-lg-24 brz-fss-lg-px brz-fw-lg-400 brz-ls-lg-0 brz-lh-lg-1_5 brz-css-bfBC3\">As you begin your journey toward considering plastic surgery and other cosmetic enhancements , my goal as your plastic surgeon is to provide you the highest quality of care throughout the entire process.<\/p>\n<\/div>\n<\/div>\n<\/div>\n<div id=\"\" class=\"brz-css-dtvmjx brz-css-1l9avqa brz-css-1on9hj7 brz-wrapper\">\n<div class=\"brz-spacer brz-css-i4na7f brz-css-aj31ho\"><\/div>\n<\/div>\n<div id=\"\" class=\"brz-css-dtvmjx brz-css-19c3idn brz-wrapper\">\n<div class=\"brz-rich-text brz-rich-text__custom brz-css-1m5oop6\" data-brz-custom-id=\"sgkvrvetvvnrsgecfimkcncqfdgljvpkxdud\">\n<div data-brz-translate-text=\"1\">\n<p class=\"brz-text-xs-center brz-tp-lg-heading4 brz-css-xa0q1\" data-uniq-id=\"mrayu\" data-generated-css=\"brz-css-yakzy\"><strong class=\"brz-cp-color2\">Dr. Mehmet Arif Karag\u00f6z<\/strong><\/p>\n<\/div>\n<\/div>\n<\/div>\n<div id=\"\" class=\"brz-css-dtvmjx brz-css-1lohll0 brz-wrapper\">\n<div class=\"brz-rich-text brz-rich-text__custom brz-css-1m5oop6\" data-brz-custom-id=\"saptweyhyvjxakgzrusnpabtnvgnfvtoixzo\">\n<div data-brz-translate-text=\"1\">\n<p class=\"brz-text-xs-center brz-tp-lg-paragraph brz-css-cZACs\" data-uniq-id=\"xuihj\" data-generated-css=\"brz-css-uaiir\"><span class=\"brz-cp-color7\">DRMAK Plastic Surgeon<\/span><\/p>\n<\/div>\n<\/div>\n<\/div>\n<\/div>\n<\/div>\n<\/div>\n<\/div>\n<div id=\"\" class=\"brz-css-dtvmjx brz-css-1l9avqa brz-css-1mx9qk3 brz-wrapper\">\n<div class=\"brz-spacer brz-css-i4na7f brz-css-x46dy3\"><\/div>\n<\/div>\n<div id=\"\" class=\"brz-css-dtvmjx brz-wrapper\">\n<div class=\"brz-line brz-line-default brz-css-is1nqc brz-css-162eoyb\" data-brz-custom-id=\"pbfooodhtqkfkycxsihxodyethanjbtavuhl\">\n<hr class=\"brz-hr\"><\/div>\n<\/div>\n<\/div>\n<\/div>\n<\/section>\n<\/div>\n<p>    <!-- version:1738213249 --><\/p>\n","protected":false},"excerpt":{"rendered":"<p>LIFTING DES L\u00caVRES LIFTING DES L\u00caVRES Un lifting des l\u00e8vres est une intervention chirurgicale esth\u00e9tique qui cr\u00e9e un \u00e9quilibre et une forme plus esth\u00e9tique de la zone de vos l\u00e8vres. Anesth\u00e9sie &#8211; g\u00e9n\u00e9rale et locale Dur\u00e9e du s\u00e9jour &#8211; 4 nuits Dur\u00e9e de la chirurgie &#8211; 1 heure Retour \u00e0 la vie normale &#8211; 10 [&hellip;]<\/p>\n","protected":false},"author":1,"featured_media":0,"parent":1038,"menu_order":0,"comment_status":"closed","ping_status":"closed","template":"","meta":{"footnotes":""},"class_list":["post-1080","page","type-page","status-publish","hentry"],"blocksy_meta":{"styles_descriptor":{"styles":{"desktop":"","tablet":"","mobile":""},"google_fonts":[],"version":6}},"_links":{"self":[{"href":"https:\/\/drmakclinic.com\/fr\/wp-json\/wp\/v2\/pages\/1080","targetHints":{"allow":["GET"]}}],"collection":[{"href":"https:\/\/drmakclinic.com\/fr\/wp-json\/wp\/v2\/pages"}],"about":[{"href":"https:\/\/drmakclinic.com\/fr\/wp-json\/wp\/v2\/types\/page"}],"author":[{"embeddable":true,"href":"https:\/\/drmakclinic.com\/fr\/wp-json\/wp\/v2\/users\/1"}],"replies":[{"embeddable":true,"href":"https:\/\/drmakclinic.com\/fr\/wp-json\/wp\/v2\/comments?post=1080"}],"version-history":[{"count":0,"href":"https:\/\/drmakclinic.com\/fr\/wp-json\/wp\/v2\/pages\/1080\/revisions"}],"up":[{"embeddable":true,"href":"https:\/\/drmakclinic.com\/fr\/wp-json\/wp\/v2\/pages\/1038"}],"wp:attachment":[{"href":"https:\/\/drmakclinic.com\/fr\/wp-json\/wp\/v2\/media?parent=1080"}],"curies":[{"name":"wp","href":"https:\/\/api.w.org\/{rel}","templated":true}]}}