{"id":1083,"date":"2022-08-28T20:49:31","date_gmt":"2022-08-28T17:49:31","guid":{"rendered":"https:\/\/drmakclinic.com\/?page_id=1083"},"modified":"2025-01-30T22:05:33","modified_gmt":"2025-01-30T19:05:33","slug":"lower-eyelid-surgery","status":"publish","type":"page","link":"https:\/\/drmakclinic.com\/fr\/procedures\/aesthetic-plastic-surgery\/lower-eyelid-surgery\/","title":{"rendered":"Lower Eyelid Surgery"},"content":{"rendered":"<div class=\"brz-root__container brz-reset-all brz brz-root__container-page\">\n<section id=\"_ftyzxcbrkobgjnlwxylaxaqflqzqyrgayhae\" class=\"brz-section brz-css-iov830\">\n<div class=\"brz-section__content brz-section--boxed brz-css-sdh5my brz-css-1pep6bb\" data-brz-custom-id=\"dpkavrkuoglthnleapvirjitvjbfdpoelsco\">\n<div class=\"brz-bg\">\n<div class=\"brz-bg-color\"><\/div>\n<\/div>\n<div class=\"brz-container brz-css-uff599\">\n<div class=\"brz-row__container brz-css-1g6jzj0\" data-brz-custom-id=\"jhysfqnficwmqyjcvfxyigiduswspxrrnnnb\">\n<div class=\"brz-bg\"><\/div>\n<div class=\"brz-row brz-css-1hpbnhx brz-css-1p7j2sc\">\n<div class=\"brz-columns brz-css-1wkhk1y brz-css-12uaq39\" data-brz-custom-id=\"ylsefbpddhmkidzinsxuhqrwhoajvlywzfjn\">\n<div class=\"brz-bg\"><\/div>\n<div class=\"brz-column__items brz-css-1uf23lz\">\n<div id=\"\" class=\"brz-css-1hufobf brz-wrapper\">\n<div class=\"brz-icon-text brz-css-18qc8mm brz-css-1szso1m\" data-brz-custom-id=\"vklsbgnynmmtkijhajwjvlfavvjrhhpfwxkc\">\n<div class=\"brz-icon__container\" data-brz-custom-id=\"eenpxpbmwllcorneibrmbbogfjvgsnndpolv\"><span class=\"brz-icon brz-span brz-css-5pgeeh brz-css-scdar8\"><\/span><\/div>\n<div class=\"brz-text-btn\">\n<div class=\"brz-rich-text brz-rich-text__custom brz-css-3ippt7\" data-brz-custom-id=\"sepbgqfldhjyjbfbveyoshmscnrjqjvuicla\">\n<div data-brz-translate-text=\"1\">\n<p class=\"brz-tp-lg-empty brz-ff-izzivsxniqvyexslaslvwzgtgnghvrxuxiru brz-ft-upload brz-fs-lg-66 brz-fss-lg-px brz-fw-lg-400 brz-ls-lg-0 brz-lh-lg-1 brz-css-lEftB\" data-uniq-id=\"oskqz\" data-generated-css=\"brz-css-dlknm\"><span>CHIRURGIE DES PAUPI\u00c8RES INF\u00c9RIEURES<\/span><\/p>\n<\/div>\n<\/div>\n<\/div>\n<\/div>\n<\/div>\n<\/div>\n<\/div>\n<\/div>\n<\/div>\n<\/div>\n<\/div>\n<\/section>\n<section id=\"_ejntgctycjmsttebuuxvbwrkefrasffusijt\" class=\"brz-section brz-css-iov830\">\n<div class=\"brz-section__content brz-section--boxed brz-css-sdh5my brz-css-kgn6rv\" data-brz-custom-id=\"qvkdzojmrzveydbgdrfiiieozhtgmtcpedft\">\n<div class=\"brz-bg\">\n<div class=\"brz-bg-color\"><\/div>\n<\/div>\n<div class=\"brz-container brz-css-uff599\">\n<div id=\"\" class=\"brz-css-1hufobf brz-wrapper\">\n<div class=\"brz-line brz-line-default brz-css-1wg65fj brz-css-1iyk5k1\" data-brz-custom-id=\"dxtvosubhicuhqpjctvswmghqcwqzahpdkoh\">\n<hr class=\"brz-hr\"><\/div>\n<\/div>\n<div class=\"brz-row__container brz-css-1g6jzj0\" data-brz-custom-id=\"vuexcfxzywmtcxbdjssbkfatalgjeibjlxyf\">\n<div class=\"brz-bg\"><\/div>\n<div class=\"brz-row brz-css-1hpbnhx brz-css-1xxsa8\">\n<div class=\"brz-columns brz-css-1wkhk1y brz-css-9qccy8\" data-brz-custom-id=\"kgdhinyuhccowzomyglnucmpmaomoargdjww\">\n<div class=\"brz-bg\"><\/div>\n<div class=\"brz-column__items brz-css-1uf23lz brz-css-74e9gi\">\n<div id=\"\" class=\"brz-css-1hufobf brz-css-27ru1v brz-wrapper\">\n<div class=\"brz-rich-text brz-rich-text__custom brz-css-3ippt7\" data-brz-custom-id=\"uedbfookhfupzbkhrqbjnaslerlzwdeeedzr\">\n<div data-brz-translate-text=\"1\">\n<p class=\"brz-tp-lg-empty brz-ff-manrope brz-ft-google brz-fs-lg-13 brz-fss-lg-px brz-fw-lg-700 brz-ls-lg-1_1 brz-lh-lg-1_5 brz-css-nAZ85\" data-uniq-id=\"flpsw\" data-generated-css=\"brz-css-jshpe\"><span class=\"brz-capitalize-on\">CHIRURGIE DES PAUPI\u00c8RES INF\u00c9RIEURES<\/span><\/p>\n<\/div>\n<\/div>\n<\/div>\n<div id=\"\" class=\"brz-css-1hufobf brz-css-900fc1 brz-wrapper\">\n<div class=\"brz-rich-text brz-rich-text__custom brz-css-3ippt7\" data-brz-custom-id=\"ogvamqqghspywcjhgokobbnpgceyyfwxrmvq\">\n<div data-brz-translate-text=\"1\">\n<p class=\"brz-lh-lg-1_3 brz-tp-lg-empty brz-ff-ckyztbazucvfgxnrkwthfbuhnumrbfrmhags brz-ft-upload brz-fs-lg-36 brz-fss-lg-px brz-fw-lg-400 brz-ls-lg-0 brz-css-etrJ2\" data-uniq-id=\"uoxze\" data-generated-css=\"brz-css-ivubv\"><span>La chirurgie pour r\u00e9parer les poches au dessous des yeux et l&rsquo;exc\u00e8s de peau est une proc\u00e9dure plus complexe que la chirurgie des paupi\u00e8res sup\u00e9rieures et n\u00e9cessite principalement une anesth\u00e9sie g\u00e9n\u00e9rale.<\/span><\/p>\n<\/div>\n<\/div>\n<\/div>\n<div id=\"\" class=\"brz-css-1hufobf brz-css-1sbaf41 brz-wrapper\">\n<div class=\"brz-spacer brz-css-1r87qdk brz-css-1sbpk4p\"><\/div>\n<\/div>\n<div id=\"\" class=\"brz-css-1hufobf brz-css-1sbaf41 brz-wrapper\">\n<div class=\"brz-spacer brz-css-1r87qdk brz-css-ywzxf7\"><\/div>\n<\/div>\n<div id=\"\" class=\"brz-css-1hufobf brz-css-t3vxqe brz-wrapper\">\n<div class=\"brz-icon-text brz-css-18qc8mm\" data-brz-custom-id=\"kgxljcrsllwfezbxlvazgizbqugvekejzoyc\">\n<div class=\"brz-icon__container\" data-brz-custom-id=\"mafyjdwruzdjmofpmtllfhzjuyxviwglvvmq\"><span class=\"brz-icon brz-span brz-css-5pgeeh brz-css-pm5i57\"><\/span><\/div>\n<div class=\"brz-text-btn\">\n<div class=\"brz-rich-text brz-rich-text__custom brz-css-3ippt7\" data-brz-custom-id=\"rgqntvejunxsboiirrwaqgynknstpmlpvhzd\">\n<div data-brz-translate-text=\"1\">\n<p class=\"brz-lh-xs-1_4 brz-lh-sm-1_4 brz-fs-lg-18 brz-fs-sm-17 brz-fs-xs-17 brz-ls-lg-0 brz-ls-sm-0 brz-ls-xs-0 brz-ff-arimo brz-ft-google brz-fw-lg-400 brz-fw-sm-400 brz-fw-xs-400 brz-lh-lg-1_3 brz-css-fKMIg\" data-uniq-id=\"ngtux\" data-generated-css=\"brz-css-cnqiu\"><span>Anesth\u00e9sie : g\u00e9n\u00e9rale ou s\u00e9dation<\/span><\/p>\n<\/div>\n<\/div>\n<\/div>\n<\/div>\n<\/div>\n<div id=\"\" class=\"brz-css-1hufobf brz-css-1sbaf41 brz-wrapper\">\n<div class=\"brz-spacer brz-css-1r87qdk brz-css-1iipxma\"><\/div>\n<\/div>\n<div id=\"\" class=\"brz-css-1hufobf brz-css-yzqbvr brz-wrapper\">\n<div class=\"brz-icon-text brz-css-18qc8mm\" data-brz-custom-id=\"wszsxidavetjdtdmaiborwlhhzzbsdvnehks\">\n<div class=\"brz-icon__container\" data-brz-custom-id=\"ipnemfhxvnimnumvblfnpaizlkqzbsmwaqgc\"><span class=\"brz-icon brz-span brz-css-5pgeeh brz-css-c4eyil\"><\/span><\/div>\n<div class=\"brz-text-btn\">\n<div class=\"brz-rich-text brz-rich-text__custom brz-css-3ippt7\" data-brz-custom-id=\"nsiwlvkzcfmgnkkljkafpknababllgsymect\">\n<div data-brz-translate-text=\"1\">\n<p class=\"brz-lh-sm-1_4 brz-lh-lg-1_3 brz-fw-xs-400 brz-fw-sm-400 brz-fw-lg-400 brz-ft-google brz-ff-arimo brz-ls-xs-0 brz-ls-sm-0 brz-ls-lg-0 brz-fs-xs-17 brz-fs-sm-17 brz-fs-lg-18 brz-lh-xs-1_4 brz-css-atJtb\" data-uniq-id=\"jastv\" data-generated-css=\"brz-css-edkjd\"><span>Dur\u00e9e du s\u00e9jour : 5 nuits<\/span><\/p>\n<\/div>\n<\/div>\n<\/div>\n<\/div>\n<\/div>\n<div id=\"\" class=\"brz-css-1hufobf brz-css-1sbaf41 brz-wrapper\">\n<div class=\"brz-spacer brz-css-1r87qdk brz-css-1mf1leq\"><\/div>\n<\/div>\n<div id=\"\" class=\"brz-css-1hufobf brz-css-l0dg75 brz-wrapper\">\n<div class=\"brz-icon-text brz-css-18qc8mm\" data-brz-custom-id=\"zlvkerlkltvpgwllmgvkxqvasbgydgubzzxn\">\n<div class=\"brz-icon__container\" data-brz-custom-id=\"nvrzsjovslctthnaqocmqhfhdxaaxgcmxxvq\"><span class=\"brz-icon brz-span brz-css-5pgeeh brz-css-yn5kcq\"><\/span><\/div>\n<div class=\"brz-text-btn\">\n<div class=\"brz-rich-text brz-rich-text__custom brz-css-3ippt7\" data-brz-custom-id=\"xbmfsxpplvjqgnvlcrbymjsfidovcdbdhsgx\">\n<div data-brz-translate-text=\"1\">\n<p class=\"brz-lh-sm-1_4 brz-lh-lg-1_3 brz-fw-xs-400 brz-fw-sm-400 brz-fw-lg-400 brz-ft-google brz-ff-arimo brz-ls-xs-0 brz-ls-sm-0 brz-ls-lg-0 brz-fs-xs-17 brz-fs-sm-17 brz-fs-lg-18 brz-lh-xs-1_4 brz-css-nGUhf\" data-uniq-id=\"bjtvv\" data-generated-css=\"brz-css-vkamj\"><span>Dur\u00e9e de l&rsquo;intervention : 1 heure<\/span><\/p>\n<\/div>\n<\/div>\n<\/div>\n<\/div>\n<\/div>\n<div id=\"\" class=\"brz-css-1hufobf brz-css-1sbaf41 brz-wrapper\">\n<div class=\"brz-spacer brz-css-1r87qdk brz-css-1b1lrsr\"><\/div>\n<\/div>\n<div id=\"\" class=\"brz-css-1hufobf brz-css-s67c29 brz-wrapper\">\n<div class=\"brz-icon-text brz-css-18qc8mm\" data-brz-custom-id=\"dvnobsxrwzujweofvgxkukqsurcjxzwuohtv\">\n<div class=\"brz-icon__container\" data-brz-custom-id=\"ikpgomtmkuciyjvrduppgrsrpdsiyxacsfev\"><span class=\"brz-icon brz-span brz-css-5pgeeh brz-css-199indx\"><\/span><\/div>\n<div class=\"brz-text-btn\">\n<div class=\"brz-rich-text brz-rich-text__custom brz-css-3ippt7\" data-brz-custom-id=\"jyiomjdiouddzjwoolohdpbnrvcmggzqzucj\">\n<div data-brz-translate-text=\"1\">\n<p class=\"brz-lh-xs-1_4 brz-fs-lg-18 brz-fs-sm-17 brz-fs-xs-17 brz-ls-lg-0 brz-ls-sm-0 brz-ls-xs-0 brz-ff-arimo brz-ft-google brz-fw-lg-400 brz-fw-sm-400 brz-fw-xs-400 brz-lh-lg-1_3 brz-lh-sm-1_4 brz-css-cu85l\" data-uniq-id=\"olwng\" data-generated-css=\"brz-css-tkqjc\"><span>Retour \u00e0 la vie normale : 1 semaine<\/span><\/p>\n<\/div>\n<\/div>\n<\/div>\n<\/div>\n<\/div>\n<div id=\"\" class=\"brz-css-1hufobf brz-css-1sbaf41 brz-wrapper\">\n<div class=\"brz-spacer brz-css-1r87qdk brz-css-1dckyls\"><\/div>\n<\/div>\n<\/div>\n<\/div>\n<div class=\"brz-columns brz-css-1wkhk1y brz-css-1d1gzw0\" data-brz-custom-id=\"dkvwewfhmuzummydrhghwwliahiidnnguipt\">\n<div class=\"brz-bg\"><\/div>\n<div class=\"brz-column__items brz-css-1uf23lz brz-css-b810tj\">\n<div id=\"\" class=\"brz-css-1hufobf brz-css-955n5l brz-wrapper\">\n<div class=\"brz-image brz-css-g1r4m8 brz-css-1c76wh6\" data-brz-custom-id=\"oornienmtpwcaxafuejzshwrhgwftexuccgu\"><img decoding=\"async\" class=\"brz-img\" src=\"https:\/\/drmakclinic.com\/fr?brizy_media=wp-c1939866f713c97e5d256ca62e43b8f4.png&amp;brizy_crop=original\" alt=\"\" loading=\"lazy\"><\/div>\n<\/div>\n<\/div>\n<\/div>\n<\/div>\n<\/div>\n<\/div>\n<\/div>\n<\/section>\n<section id=\"_kmivzxzyfylguanuqehmiibsvyowrnpipbty\" class=\"brz-section brz-css-iov830\">\n<div class=\"brz-section__content brz-section--boxed brz-css-sdh5my brz-css-7jvnrw\" data-brz-custom-id=\"qkgrsnlcucmbwpvhbinchxcrlzpxjpgotrdg\">\n<div class=\"brz-bg\">\n<div class=\"brz-bg-color\"><\/div>\n<\/div>\n<div class=\"brz-container brz-css-uff599\">\n<div id=\"\" class=\"brz-css-1hufobf brz-wrapper\">\n<div class=\"brz-line brz-line-default brz-css-1wg65fj brz-css-bheczp\" data-brz-custom-id=\"umypiinmbhxaaxycbfcrhctioljmibikphco\">\n<hr class=\"brz-hr\"><\/div>\n<\/div>\n<div class=\"brz-row__container brz-css-1g6jzj0\" data-brz-custom-id=\"fkcbtnjjmogngmskwtvovjzdefyghdncqurj\">\n<div class=\"brz-bg\"><\/div>\n<div class=\"brz-row brz-css-1hpbnhx\">\n<div class=\"brz-columns brz-css-1wkhk1y brz-css-13euf83\" data-brz-custom-id=\"trbhzgqmakltpuyldotafcokohmohiagztcc\">\n<div class=\"brz-bg\"><\/div>\n<div class=\"brz-column__items brz-css-1uf23lz\"><\/div>\n<\/div>\n<div class=\"brz-columns brz-css-1wkhk1y brz-css-lzelgg\" data-brz-custom-id=\"ynduspykouczmlxppeqyvgcascgqaizsmqfs\">\n<div class=\"brz-bg\"><\/div>\n<div class=\"brz-column__items brz-css-1uf23lz\">\n<div id=\"\" class=\"brz-css-1hufobf brz-wrapper\">\n<div class=\"brz-rich-text brz-rich-text__custom brz-css-3ippt7\" data-brz-custom-id=\"tjqxvqablzkbjfselwshtzrtpvlyxdoozwus\">\n<div data-brz-translate-text=\"1\">\n<p class=\"brz-tp-lg-empty brz-ff-manrope brz-ft-google brz-fs-lg-18 brz-fss-lg-px brz-fw-lg-400 brz-ls-lg-0 brz-lh-lg-1_9 brz-css-brqDL\" data-uniq-id=\"tkyqe\" data-generated-css=\"brz-css-jldjd\"><span class=\"brz-cp-color2\">Le Dr Mak combine parfois cette proc\u00e9dure avec un transfert de graisse de la paupi\u00e8re inf\u00e9rieure pour garantir les r\u00e9sultats les plus jeunes et durables. Les structures de la paupi\u00e8re inf\u00e9rieure peuvent \u00eatre abord\u00e9es par une incision sous les cils inf\u00e9rieurs (subciliaire) ou \u00e0 l&rsquo;int\u00e9rieur de la paupi\u00e8re inf\u00e9rieure (conjonctivale). Comme la peau est si fine autour des yeux, presque tous les patients auront des ecchymoses autour des yeux, ce qui peut prendre 2 \u00e0 3 semaines pour dispara\u00eetre compl\u00e8tement, mais cela peut g\u00e9n\u00e9ralement \u00eatre recouvert de maquillage apr\u00e8s environ 1 semaine.<\/span><\/p>\n<\/div>\n<\/div>\n<\/div>\n<div id=\"\" class=\"brz-css-1hufobf brz-wrapper\">\n<div class=\"brz-rich-text brz-rich-text__custom brz-css-3ippt7\" data-brz-custom-id=\"mqjdqgkfevvejjbqxmixgxtocnncbgsjnefa\">\n<div data-brz-translate-text=\"1\">\n<p class=\"brz-tp-lg-empty brz-ff-ckyztbazucvfgxnrkwthfbuhnumrbfrmhags brz-ft-upload brz-fs-lg-22 brz-fss-lg-px brz-fw-lg-400 brz-ls-lg-0 brz-lh-lg-1_9 brz-css-sEW3O\" data-uniq-id=\"wpknp\" data-generated-css=\"brz-css-ofiah\"><span class=\"brz-cp-color2\">Avant vos traitements, vous devrez peut-\u00eatre \u00e9galement :<\/span><\/p>\n<\/div>\n<\/div>\n<\/div>\n<div id=\"\" class=\"brz-css-1hufobf brz-css-1uq2qg3 brz-wrapper\">\n<div class=\"brz-icon-text brz-css-18qc8mm\" data-brz-custom-id=\"rbtrhyygniizitlocsbzfcswwypeiwgetiyz\">\n<div class=\"brz-icon__container\" data-brz-custom-id=\"ynizgxmjqeiauyhxvymwhjljftlbpqcunmfb\"><span class=\"brz-icon brz-span brz-css-5pgeeh brz-css-bk70d9\"><\/span><\/div>\n<div class=\"brz-text-btn\">\n<div class=\"brz-rich-text brz-rich-text__custom brz-css-3ippt7\" data-brz-custom-id=\"kfgelpzjcofbhkcmnhmfzbbimfcrgiycfxgj\">\n<div data-brz-translate-text=\"1\">\n<p class=\"brz-lh-sm-1_4 brz-lh-lg-1_3 brz-fw-xs-400 brz-fw-sm-400 brz-fw-lg-400 brz-ft-google brz-ff-arimo brz-ls-xs-0 brz-ls-sm-0 brz-ls-lg-0 brz-fs-xs-17 brz-fs-sm-17 brz-fs-lg-18 brz-lh-xs-1_4 brz-css-xkb_D\" data-generated-css=\"brz-css-qjaks\" data-uniq-id=\"tnvmx\"><span>Arr\u00eater de fumer. Fumer diminue le flux sanguin dans la peau et peut ralentir le processus de gu\u00e9rison. Si vous fumez, le Dr Mak vous recommandera d&rsquo;arr\u00eater de fumer avant la chirurgie et pendant la convalescence.<\/span><\/p>\n<\/div>\n<\/div>\n<\/div>\n<\/div>\n<\/div>\n<div id=\"\" class=\"brz-css-1hufobf brz-css-1sbaf41 brz-wrapper\">\n<div class=\"brz-spacer brz-css-1r87qdk brz-css-7wxzhi\"><\/div>\n<\/div>\n<div id=\"\" class=\"brz-css-1hufobf brz-css-1l89iq7 brz-wrapper\">\n<div class=\"brz-icon-text brz-css-18qc8mm\" data-brz-custom-id=\"tyymbjyslyzqlvlziykmphpxdirvfzoftkmf\">\n<div class=\"brz-icon__container\" data-brz-custom-id=\"mccopazxgoxhhpodrdtgbccxndgtsnylpvnu\"><span class=\"brz-icon brz-span brz-css-5pgeeh brz-css-1xbpry\"><\/span><\/div>\n<div class=\"brz-text-btn\">\n<div class=\"brz-rich-text brz-rich-text__custom brz-css-3ippt7\" data-brz-custom-id=\"gxrvxyuqutpteovnwcfoczwxmqrqfydriegt\">\n<div data-brz-translate-text=\"1\">\n<p class=\"brz-lh-xs-1_4 brz-fs-lg-18 brz-fs-sm-17 brz-fs-xs-17 brz-ls-lg-0 brz-ls-sm-0 brz-ls-xs-0 brz-ff-arimo brz-ft-google brz-fw-lg-400 brz-fw-sm-400 brz-fw-xs-400 brz-lh-lg-1_3 brz-lh-sm-1_4 brz-css-cbxHN\" data-uniq-id=\"hyeaf\" data-generated-css=\"brz-css-mwyof\"><span class=\"brz-cp-color2\">\u00c9vitez certains m\u00e9dicaments. Vous devrez probablement \u00e9viter de prendre de l&rsquo;aspirine, des anti-inflammatoires, des anabolisants et des suppl\u00e9ments \u00e0 base de plantes, qui peuvent augmenter les saignements.<\/span><\/p>\n<\/div>\n<\/div>\n<\/div>\n<\/div>\n<\/div>\n<\/div>\n<\/div>\n<div class=\"brz-columns brz-css-1wkhk1y brz-css-19r0ikd\" data-brz-custom-id=\"lmqkgsqabukivhvewvqivyxlzdzsgsnjcnoz\">\n<div class=\"brz-bg\"><\/div>\n<div class=\"brz-column__items brz-css-1uf23lz\"><\/div>\n<\/div>\n<\/div>\n<\/div>\n<\/div>\n<\/div>\n<\/section>\n<section id=\"_ypcddswxjxrwtrksewjebkjdmgddfkufzlgv\" class=\"brz-section brz-css-iov830\">\n<div class=\"brz-section__content brz-section--boxed brz-css-sdh5my brz-css-2tbql\" data-brz-custom-id=\"kfxwrsbulkzyefvkcqrmxwykvaxzyvzkldkf\">\n<div class=\"brz-bg\">\n<div class=\"brz-bg-color\"><\/div>\n<\/div>\n<div class=\"brz-container brz-css-uff599\">\n<div id=\"\" class=\"brz-css-1hufobf brz-wrapper\">\n<div class=\"brz-line brz-line-default brz-css-1wg65fj brz-css-1on2zik\" data-brz-custom-id=\"pcnqszilweqcvewlnloitsjxclnbovhvmnko\">\n<hr class=\"brz-hr\"><\/div>\n<\/div>\n<div id=\"\" class=\"brz-css-1hufobf brz-css-1sbaf41 brz-wrapper\">\n<div class=\"brz-spacer brz-css-1r87qdk brz-css-2kesla\"><\/div>\n<\/div>\n<div class=\"brz-row__container brz-css-1g6jzj0\" data-brz-custom-id=\"kfrhymzbytnviyqemyjfdtykglpoohruddni\">\n<div class=\"brz-bg\"><\/div>\n<div class=\"brz-row brz-css-1hpbnhx brz-css-1xxsa8\">\n<div class=\"brz-columns brz-css-1wkhk1y brz-css-glldl\" data-brz-custom-id=\"bfakhzibbidlbqbamkxatwdvmioetgcobaud\">\n<div class=\"brz-bg\"><\/div>\n<div class=\"brz-column__items brz-css-1uf23lz brz-css-146mxlq\">\n<div id=\"\" class=\"brz-css-1hufobf brz-css-1qc3dj0 brz-wrapper\">\n<div class=\"brz-image brz-css-k82n30 brz-css-148nntu\" data-brz-custom-id=\"uqbvrcwujvtpulvgeveusupudduepcetmbzx\"><img decoding=\"async\" class=\"brz-img\" src=\"https:\/\/drmakclinic.com\/fr?brizy_media=wp-9b7486b9d786a0648588605ea135d33b.jpg&amp;brizy_crop=iW%3D316%26iH%3D211%26oX%3D90%26oY%3D23%26cW%3D105%26cH%3D106\" alt=\"\" loading=\"lazy\"><\/div>\n<\/div>\n<\/div>\n<\/div>\n<div class=\"brz-columns brz-css-1wkhk1y brz-css-q3skoc\" data-brz-custom-id=\"zjryrvdorsyzqcfjlwntfintrcxxbxrgqdrf\">\n<div class=\"brz-bg\"><\/div>\n<div class=\"brz-column__items brz-css-1uf23lz brz-css-1ohburm\">\n<div id=\"\" class=\"brz-css-1hufobf brz-wrapper\">\n<div class=\"brz-rich-text brz-rich-text__custom brz-css-3ippt7\" data-brz-custom-id=\"uiuzfzrhdonaxlvmnnlmxevsfaxkiaxxujia\">\n<div data-brz-translate-text=\"1\">\n<p data-uniq-id=\"egydo\" data-generated-css=\"brz-css-trizt\" class=\"brz-tp-lg-empty brz-ff-ckyztbazucvfgxnrkwthfbuhnumrbfrmhags brz-ft-upload brz-fs-lg-24 brz-fss-lg-px brz-fw-lg-400 brz-ls-lg-0 brz-lh-lg-1_5 brz-css-pAKtp\">As you begin your journey toward considering plastic surgery and other cosmetic enhancements , my goal as your plastic surgeon is to provide you the highest quality of care throughout the entire process.<\/p>\n<\/div>\n<\/div>\n<\/div>\n<div id=\"\" class=\"brz-css-1hufobf brz-css-1sbaf41 brz-css-19tr7oj brz-wrapper\">\n<div class=\"brz-spacer brz-css-1r87qdk brz-css-nl2548\"><\/div>\n<\/div>\n<div id=\"\" class=\"brz-css-1hufobf brz-css-u836r3 brz-wrapper\">\n<div class=\"brz-rich-text brz-rich-text__custom brz-css-3ippt7\" data-brz-custom-id=\"lpqzdbtxybwytxnqgcjjjmjedywkutrtvnwh\">\n<div data-brz-translate-text=\"1\">\n<p class=\"brz-text-xs-center brz-tp-lg-heading4 brz-css-r6NxM\" data-uniq-id=\"mrayu\" data-generated-css=\"brz-css-yakzy\"><strong class=\"brz-cp-color2\">Dr. Mehmet Arif Karag\u00f6z<\/strong><\/p>\n<\/div>\n<\/div>\n<\/div>\n<div id=\"\" class=\"brz-css-1hufobf brz-css-yn3z3x brz-wrapper\">\n<div class=\"brz-rich-text brz-rich-text__custom brz-css-3ippt7\" data-brz-custom-id=\"hmdahcptbjlqqcrgnbeiosgxheuzzksongbt\">\n<div data-brz-translate-text=\"1\">\n<p class=\"brz-text-xs-center brz-tp-lg-paragraph brz-css-jMa4j\" data-uniq-id=\"xuihj\" data-generated-css=\"brz-css-uaiir\"><span class=\"brz-cp-color7\">DRMAK Plastic Surgeon<\/span><\/p>\n<\/div>\n<\/div>\n<\/div>\n<\/div>\n<\/div>\n<\/div>\n<\/div>\n<div id=\"\" class=\"brz-css-1hufobf brz-css-1sbaf41 brz-css-s08eju brz-wrapper\">\n<div class=\"brz-spacer brz-css-1r87qdk brz-css-1wgr17x\"><\/div>\n<\/div>\n<div id=\"\" class=\"brz-css-1hufobf brz-wrapper\">\n<div class=\"brz-line brz-line-default brz-css-1wg65fj brz-css-5qhr3v\" data-brz-custom-id=\"uosokxmnlyxyxcitdjanclkgpktfqzyoyttc\">\n<hr class=\"brz-hr\"><\/div>\n<\/div>\n<\/div>\n<\/div>\n<\/section>\n<\/div>\n<p>    <!-- version:1738263933 --><\/p>\n","protected":false},"excerpt":{"rendered":"<p>CHIRURGIE DES PAUPI\u00c8RES INF\u00c9RIEURES CHIRURGIE DES PAUPI\u00c8RES INF\u00c9RIEURES La chirurgie pour r\u00e9parer les poches au dessous des yeux et l&rsquo;exc\u00e8s de peau est une proc\u00e9dure plus complexe que la chirurgie des paupi\u00e8res sup\u00e9rieures et n\u00e9cessite principalement une anesth\u00e9sie g\u00e9n\u00e9rale. Anesth\u00e9sie : g\u00e9n\u00e9rale ou s\u00e9dation Dur\u00e9e du s\u00e9jour : 5 nuits Dur\u00e9e de l&rsquo;intervention : 1 [&hellip;]<\/p>\n","protected":false},"author":1,"featured_media":0,"parent":1038,"menu_order":0,"comment_status":"closed","ping_status":"closed","template":"","meta":{"footnotes":""},"class_list":["post-1083","page","type-page","status-publish","hentry"],"blocksy_meta":{"styles_descriptor":{"styles":{"desktop":"","tablet":"","mobile":""},"google_fonts":[],"version":6}},"_links":{"self":[{"href":"https:\/\/drmakclinic.com\/fr\/wp-json\/wp\/v2\/pages\/1083","targetHints":{"allow":["GET"]}}],"collection":[{"href":"https:\/\/drmakclinic.com\/fr\/wp-json\/wp\/v2\/pages"}],"about":[{"href":"https:\/\/drmakclinic.com\/fr\/wp-json\/wp\/v2\/types\/page"}],"author":[{"embeddable":true,"href":"https:\/\/drmakclinic.com\/fr\/wp-json\/wp\/v2\/users\/1"}],"replies":[{"embeddable":true,"href":"https:\/\/drmakclinic.com\/fr\/wp-json\/wp\/v2\/comments?post=1083"}],"version-history":[{"count":0,"href":"https:\/\/drmakclinic.com\/fr\/wp-json\/wp\/v2\/pages\/1083\/revisions"}],"up":[{"embeddable":true,"href":"https:\/\/drmakclinic.com\/fr\/wp-json\/wp\/v2\/pages\/1038"}],"wp:attachment":[{"href":"https:\/\/drmakclinic.com\/fr\/wp-json\/wp\/v2\/media?parent=1083"}],"curies":[{"name":"wp","href":"https:\/\/api.w.org\/{rel}","templated":true}]}}