{"id":1086,"date":"2022-08-28T20:49:47","date_gmt":"2022-08-28T17:49:47","guid":{"rendered":"https:\/\/drmakclinic.com\/?page_id=1086"},"modified":"2025-01-29T10:15:14","modified_gmt":"2025-01-29T07:15:14","slug":"penis-enlargement","status":"publish","type":"page","link":"https:\/\/drmakclinic.com\/fr\/procedures\/aesthetic-plastic-surgery\/penis-enlargement\/","title":{"rendered":"Penis Enlargement"},"content":{"rendered":"<div class=\"brz-root__container brz-reset-all brz brz-root__container-page\">\n<section id=\"_ozmumjzqgexopbcpavrnkytsdgjsblmubtaw\" class=\"brz-section brz-css-1ts09r8\">\n<div class=\"brz-section__content brz-section--boxed brz-css-tfbevw brz-css-xgh6pd\" data-brz-custom-id=\"snzpywbylmtolbtchpnbwxzhtgezzruauqxz\">\n<div class=\"brz-bg\">\n<div class=\"brz-bg-color\"><\/div>\n<\/div>\n<div class=\"brz-container brz-css-1nyd2nx\">\n<div class=\"brz-row__container brz-css-1v199aq\" data-brz-custom-id=\"xndufqctlxsipwksctnzzlxjueqncwzevfiw\">\n<div class=\"brz-bg\"><\/div>\n<div class=\"brz-row brz-css-1brecoq brz-css-z9c7cl\">\n<div class=\"brz-columns brz-css-8axjrj brz-css-143xvyi\" data-brz-custom-id=\"huewdzhkucfyalhdyunwqodnlexjlrfebkuz\">\n<div class=\"brz-bg\"><\/div>\n<div class=\"brz-column__items brz-css-96eiym\">\n<div id=\"\" class=\"brz-css-qg567b brz-wrapper\">\n<div class=\"brz-icon-text brz-css-1h8sr2u brz-css-1x7p92e\" data-brz-custom-id=\"ricrppwtcarrlhlupzhrrhcnjwqddjsnhmgg\">\n<div class=\"brz-icon__container\" data-brz-custom-id=\"kwmfgjnftzbgmpuwsjfoatzwqnnphfvtygub\"><span class=\"brz-icon brz-span brz-css-8frya0 brz-css-1n1h3k\"><\/span><\/div>\n<div class=\"brz-text-btn\">\n<div class=\"brz-rich-text brz-rich-text__custom brz-css-i9yas8\" data-brz-custom-id=\"btaehdqvvtpfqqhlxsrssexvddyawzwoifuz\">\n<div data-brz-translate-text=\"1\">\n<p class=\"brz-tp-lg-empty brz-ff-izzivsxniqvyexslaslvwzgtgnghvrxuxiru brz-ft-upload brz-fs-lg-66 brz-fss-lg-px brz-fw-lg-400 brz-ls-lg-0 brz-lh-lg-1 brz-css-jwFdF\" data-uniq-id=\"npwud\" data-generated-css=\"brz-css-mewea\"><span>AGRANDISSEMENT DU P\u00c9NIS<\/span><\/p>\n<\/div>\n<\/div>\n<\/div>\n<\/div>\n<\/div>\n<\/div>\n<\/div>\n<\/div>\n<\/div>\n<\/div>\n<\/div>\n<\/section>\n<section id=\"_dxwbhziysospdrpymrlwutmgftnlkonxyydr\" class=\"brz-section brz-css-1ts09r8\">\n<div class=\"brz-section__content brz-section--boxed brz-css-tfbevw brz-css-1q50rxi\" data-brz-custom-id=\"ejvjsugqvgqmpobiotmvjdjibnpgrdfthkje\">\n<div class=\"brz-bg\">\n<div class=\"brz-bg-color\"><\/div>\n<\/div>\n<div class=\"brz-container brz-css-1nyd2nx\">\n<div id=\"\" class=\"brz-css-qg567b brz-wrapper\">\n<div class=\"brz-line brz-line-default brz-css-h9eb5e brz-css-x1rlqj\" data-brz-custom-id=\"gkbcnhhbfyxjrgpjjnmgkpizvvtqusqurpnc\">\n<hr class=\"brz-hr\"><\/div>\n<\/div>\n<div class=\"brz-row__container brz-css-1v199aq\" data-brz-custom-id=\"zikcotmlhwyuvverituplgdsftvlvdjmjhpe\">\n<div class=\"brz-bg\"><\/div>\n<div class=\"brz-row brz-css-1brecoq brz-css-s48rwh\">\n<div class=\"brz-columns brz-css-8axjrj brz-css-wguc49\" data-brz-custom-id=\"qbeqstcbrrifcfkntvbhcskpylihnvkgkary\">\n<div class=\"brz-bg\"><\/div>\n<div class=\"brz-column__items brz-css-96eiym brz-css-14gvqbx\">\n<div id=\"\" class=\"brz-css-qg567b brz-css-1630uji brz-wrapper\">\n<div class=\"brz-rich-text brz-rich-text__custom brz-css-i9yas8\" data-brz-custom-id=\"tefazwxwcmpucgzqkyehphvvmglkbvmkxbne\">\n<div data-brz-translate-text=\"1\">\n<p class=\"brz-lh-lg-1_5 brz-ls-lg-1_1 brz-fw-lg-700 brz-fss-lg-px brz-fs-lg-13 brz-ft-google brz-ff-manrope brz-tp-lg-empty brz-css-cbxu6\" data-generated-css=\"brz-css-jsuou\" data-uniq-id=\"tvesw\"><span class=\"brz-capitalize-on\">AGRANDISSEMENT DU P\u00c9NIS<\/span><\/p>\n<\/div>\n<\/div>\n<\/div>\n<div id=\"\" class=\"brz-css-qg567b brz-css-1uchkps brz-wrapper\">\n<div class=\"brz-rich-text brz-rich-text__custom brz-css-i9yas8\" data-brz-custom-id=\"tzljlwbgxhqdgcrajshhgrtnrkbbdvbmscyv\">\n<div data-brz-translate-text=\"1\">\n<p class=\"brz-lh-lg-1_3 brz-tp-lg-empty brz-ff-ckyztbazucvfgxnrkwthfbuhnumrbfrmhags brz-ft-upload brz-fs-lg-36 brz-fss-lg-px brz-fw-lg-400 brz-ls-lg-0 brz-css-eUHs1\" data-uniq-id=\"dvwkd\" data-generated-css=\"brz-css-dgknc\"><span class=\"brz-cp-color2\">La greffe de graisse du p\u00e9nis, \u00e9galement appel\u00e9e phalloplastie par transfert de graisse, a la capacit\u00e9 de fournir un p\u00e9nis plus grand en transf\u00e9rant la propre graisse purifi\u00e9e du patient d&rsquo;une zone du corps \u00e0 la tige du p\u00e9nis.<\/span><\/p>\n<\/div>\n<\/div>\n<\/div>\n<div id=\"\" class=\"brz-css-qg567b brz-css-g6wimo brz-wrapper\">\n<div class=\"brz-spacer brz-css-lo17h1 brz-css-1nfr2ql\"><\/div>\n<\/div>\n<div id=\"\" class=\"brz-css-qg567b brz-css-v1lvha brz-wrapper\">\n<div class=\"brz-rich-text brz-rich-text__custom brz-css-i9yas8\" data-brz-custom-id=\"bkrmpbyfdqjiyqnyyfodikomezxqiabzcibm\">\n<div data-brz-translate-text=\"1\">\n<p class=\"brz-tp-lg-empty brz-ff-manrope brz-ft-google brz-fs-lg-16 brz-fss-lg-px brz-fw-lg-400 brz-ls-lg-0 brz-lh-lg-1_9 brz-css-uxhi5\" data-uniq-id=\"awmqy\" data-generated-css=\"brz-css-yedht\"><span class=\"brz-cp-color2\">L&rsquo;utilisation de l&rsquo;approvisionnement en graisses du corps \u00e9limine le risque de r\u00e9action allergique. Si vous pensez que votre p\u00e9nis est trop petit par rapport \u00e0 la taille de votre corps ou si vous voulez simplement un p\u00e9nis plus grand, vous devriez envisager un agrandissement du p\u00e9nis.<\/span><\/p>\n<\/div>\n<\/div>\n<\/div>\n<div id=\"\" class=\"brz-css-qg567b brz-css-g6wimo brz-wrapper\">\n<div class=\"brz-spacer brz-css-lo17h1 brz-css-ro5j60\"><\/div>\n<\/div>\n<div id=\"\" class=\"brz-css-qg567b brz-css-1gsuhj4 brz-wrapper\">\n<div class=\"brz-icon-text brz-css-1h8sr2u\" data-brz-custom-id=\"adhnkjheiepwjyigjqgchwzgdzisapudfwmy\">\n<div class=\"brz-icon__container\" data-brz-custom-id=\"bhsdvudaunqeuaurnztbqozhlmcoivfuptxn\"><span class=\"brz-icon brz-span brz-css-8frya0 brz-css-garnq6\"><\/span><\/div>\n<div class=\"brz-text-btn\">\n<div class=\"brz-rich-text brz-rich-text__custom brz-css-i9yas8\" data-brz-custom-id=\"ayjpkgljsrlvpuuuwnreqjqncldryrkybwci\">\n<div data-brz-translate-text=\"1\">\n<p class=\"brz-lh-xs-1_4 brz-lh-sm-1_4 brz-fs-lg-18 brz-fs-sm-17 brz-fs-xs-17 brz-ls-lg-0 brz-ls-sm-0 brz-ls-xs-0 brz-ff-arimo brz-ft-google brz-fw-lg-400 brz-fw-sm-400 brz-fw-xs-400 brz-lh-lg-1_3 brz-css-jRy1w\" data-uniq-id=\"tmqca\" data-generated-css=\"brz-css-vxgdk\"><span>Anesth\u00e9sie : G\u00e9n\u00e9rale<\/span><\/p>\n<\/div>\n<\/div>\n<\/div>\n<\/div>\n<\/div>\n<div id=\"\" class=\"brz-css-qg567b brz-css-g6wimo brz-wrapper\">\n<div class=\"brz-spacer brz-css-lo17h1 brz-css-a9h4vn\"><\/div>\n<\/div>\n<div id=\"\" class=\"brz-css-qg567b brz-css-1pm7qnb brz-wrapper\">\n<div class=\"brz-icon-text brz-css-1h8sr2u\" data-brz-custom-id=\"kvszxtdkhngcwkgahdolrtvvmsutcuxfovrd\">\n<div class=\"brz-icon__container\" data-brz-custom-id=\"hotzzhpfukxryapexkvcqypselhrcqmgwmgm\"><span class=\"brz-icon brz-span brz-css-8frya0 brz-css-xcc1s3\"><\/span><\/div>\n<div class=\"brz-text-btn\">\n<div class=\"brz-rich-text brz-rich-text__custom brz-css-i9yas8\" data-brz-custom-id=\"lxkfevmaaroqveeyjsbmqbtuxzhevdsmzwoe\">\n<div data-brz-translate-text=\"1\">\n<p class=\"brz-lh-sm-1_4 brz-lh-lg-1_3 brz-fw-xs-400 brz-fw-sm-400 brz-fw-lg-400 brz-ft-google brz-ff-arimo brz-ls-xs-0 brz-ls-sm-0 brz-ls-lg-0 brz-fs-xs-17 brz-fs-sm-17 brz-fs-lg-18 brz-lh-xs-1_4 brz-css-haDlY\" data-uniq-id=\"ncwut\" data-generated-css=\"brz-css-rvwqd\"><span>Dur\u00e9e du s\u00e9jour : 4 nuits<\/span><\/p>\n<\/div>\n<\/div>\n<\/div>\n<\/div>\n<\/div>\n<div id=\"\" class=\"brz-css-qg567b brz-css-g6wimo brz-wrapper\">\n<div class=\"brz-spacer brz-css-lo17h1 brz-css-1wkx2zv\"><\/div>\n<\/div>\n<div id=\"\" class=\"brz-css-qg567b brz-css-1dqor05 brz-wrapper\">\n<div class=\"brz-icon-text brz-css-1h8sr2u\" data-brz-custom-id=\"whubemqylihsimxrdpavkvgezxieuwljrjjb\">\n<div class=\"brz-icon__container\" data-brz-custom-id=\"homwzlofvnrdugvthwsookubtywvmkelikpk\"><span class=\"brz-icon brz-span brz-css-8frya0 brz-css-qhnbz8\"><\/span><\/div>\n<div class=\"brz-text-btn\">\n<div class=\"brz-rich-text brz-rich-text__custom brz-css-i9yas8\" data-brz-custom-id=\"dfewowtzlclbkbaewscmjzhdtcalzaykcsll\">\n<div data-brz-translate-text=\"1\">\n<p class=\"brz-lh-sm-1_4 brz-lh-lg-1_3 brz-fw-xs-400 brz-fw-sm-400 brz-fw-lg-400 brz-ft-google brz-ff-arimo brz-ls-xs-0 brz-ls-sm-0 brz-ls-lg-0 brz-fs-xs-17 brz-fs-sm-17 brz-fs-lg-18 brz-lh-xs-1_4 brz-css-oOXA6\" data-uniq-id=\"tayop\" data-generated-css=\"brz-css-wmawf\"><span>Dur\u00e9e de la chirurgie : 1-2 heures<\/span><\/p>\n<\/div>\n<\/div>\n<\/div>\n<\/div>\n<\/div>\n<div id=\"\" class=\"brz-css-qg567b brz-css-g6wimo brz-wrapper\">\n<div class=\"brz-spacer brz-css-lo17h1 brz-css-r5txxt\"><\/div>\n<\/div>\n<div id=\"\" class=\"brz-css-qg567b brz-css-1p9eaw3 brz-wrapper\">\n<div class=\"brz-icon-text brz-css-1h8sr2u\" data-brz-custom-id=\"tsjjcceytfoegkeznevllcpiwwcdauqbtmjf\">\n<div class=\"brz-icon__container\" data-brz-custom-id=\"iqrdaeqromoglxyoylolbogejrtybojfetbf\"><span class=\"brz-icon brz-span brz-css-8frya0 brz-css-1i0qzdx\"><\/span><\/div>\n<div class=\"brz-text-btn\">\n<div class=\"brz-rich-text brz-rich-text__custom brz-css-i9yas8\" data-brz-custom-id=\"ccfnafzwhykmdsodcpzhwpztaozyohrovpit\">\n<div data-brz-translate-text=\"1\">\n<p class=\"brz-lh-xs-1_4 brz-fs-lg-18 brz-fs-sm-17 brz-fs-xs-17 brz-ls-lg-0 brz-ls-sm-0 brz-ls-xs-0 brz-ff-arimo brz-ft-google brz-fw-lg-400 brz-fw-sm-400 brz-fw-xs-400 brz-lh-lg-1_3 brz-lh-sm-1_4 brz-css-uOhYz\" data-uniq-id=\"xmnou\" data-generated-css=\"brz-css-dvyok\"><span>Retour \u00e0 la vie normale : 2 semaines<\/span><\/p>\n<\/div>\n<\/div>\n<\/div>\n<\/div>\n<\/div>\n<div id=\"\" class=\"brz-css-qg567b brz-css-g6wimo brz-wrapper\">\n<div class=\"brz-spacer brz-css-lo17h1 brz-css-sk7k5f\"><\/div>\n<\/div>\n<\/div>\n<\/div>\n<div class=\"brz-columns brz-css-8axjrj brz-css-1nwb1p4\" data-brz-custom-id=\"oeorufcmgucoqjzzsmpzrrvkgwamtyutvmmn\">\n<div class=\"brz-bg\"><\/div>\n<div class=\"brz-column__items brz-css-96eiym brz-css-1ocmf36\">\n<div id=\"\" class=\"brz-css-qg567b brz-css-1vdzgov brz-wrapper\">\n<div class=\"brz-image brz-css-1265ngz brz-css-56k111\" data-brz-custom-id=\"bxlfygtngxouhswwyueohhhohqpxmrvvkbxa\"><img decoding=\"async\" class=\"brz-img\" src=\"https:\/\/drmakclinic.com\/fr?brizy_media=wp-4e6b90b56d6e59bcf5b79484ef52a09f.png&amp;brizy_crop=original\" alt=\"\" loading=\"lazy\"><\/div>\n<\/div>\n<\/div>\n<\/div>\n<\/div>\n<\/div>\n<\/div>\n<\/div>\n<\/section>\n<section id=\"_jjpwhiuylnjkziozcfslrwcnwcbawaartaiy\" class=\"brz-section brz-css-1ts09r8\">\n<div class=\"brz-section__content brz-section--boxed brz-css-tfbevw brz-css-8znej8\" data-brz-custom-id=\"xzrhgizwhvgasuluvloyogaaiollngbkgkfv\">\n<div class=\"brz-bg\">\n<div class=\"brz-bg-color\"><\/div>\n<\/div>\n<div class=\"brz-container brz-css-1nyd2nx\">\n<div id=\"\" class=\"brz-css-qg567b brz-wrapper\">\n<div class=\"brz-line brz-line-default brz-css-h9eb5e brz-css-j9zf73\" data-brz-custom-id=\"chrgulvizqhkufqzcmgmkeirhzzpbpyjguai\">\n<hr class=\"brz-hr\"><\/div>\n<\/div>\n<div class=\"brz-row__container brz-css-1v199aq\" data-brz-custom-id=\"uxhhjkvqfglwhdgdgdlvjavjesskfisjcnef\">\n<div class=\"brz-bg\"><\/div>\n<div class=\"brz-row brz-css-1brecoq\">\n<div class=\"brz-columns brz-css-8axjrj brz-css-r5qcm0\" data-brz-custom-id=\"erqvfmzrvchgxhynkdhncasetymskixyyeao\">\n<div class=\"brz-bg\"><\/div>\n<div class=\"brz-column__items brz-css-96eiym\"><\/div>\n<\/div>\n<div class=\"brz-columns brz-css-8axjrj brz-css-16uhc32\" data-brz-custom-id=\"njqeiwnbrdtmjmrfqiklcbztkbafeqvwjsdv\">\n<div class=\"brz-bg\"><\/div>\n<div class=\"brz-column__items brz-css-96eiym\">\n<div id=\"\" class=\"brz-css-qg567b brz-wrapper\">\n<div class=\"brz-rich-text brz-rich-text__custom brz-css-i9yas8\" data-brz-custom-id=\"awmblilbiolrbamncewzbrbckfdpvmrdhkzw\">\n<div data-brz-translate-text=\"1\">\n<p class=\"brz-tp-lg-empty brz-ff-ckyztbazucvfgxnrkwthfbuhnumrbfrmhags brz-ft-upload brz-fs-lg-22 brz-fss-lg-px brz-fw-lg-400 brz-ls-lg-0 brz-lh-lg-1_9 brz-css-wMr7J\" data-uniq-id=\"qgcwk\" data-generated-css=\"brz-css-lbrkf\"><span class=\"brz-cp-color2\">Avant vos traitements, vous devrez peut-\u00eatre \u00e9galement :<\/span><\/p>\n<\/div>\n<\/div>\n<\/div>\n<div id=\"\" class=\"brz-css-qg567b brz-css-15suoe brz-wrapper\">\n<div class=\"brz-icon-text brz-css-1h8sr2u\" data-brz-custom-id=\"eqvolqkwdpggduftzryjnwnaufktvtncokee\">\n<div class=\"brz-icon__container\" data-brz-custom-id=\"damguwpndmufybvgnzpfzfpfwcmjbfpfrfmr\"><span class=\"brz-icon brz-span brz-css-8frya0 brz-css-9za35q\"><\/span><\/div>\n<div class=\"brz-text-btn\">\n<div class=\"brz-rich-text brz-rich-text__custom brz-css-i9yas8\" data-brz-custom-id=\"yukfwvzeklgyytgzeibskglwznokxddbmtkn\">\n<div data-brz-translate-text=\"1\">\n<p class=\"brz-lh-xs-1_4 brz-fs-lg-18 brz-fs-sm-17 brz-fs-xs-17 brz-ls-lg-0 brz-ls-sm-0 brz-ls-xs-0 brz-ff-arimo brz-ft-google brz-fw-lg-400 brz-fw-sm-400 brz-fw-xs-400 brz-lh-lg-1_3 brz-lh-sm-1_4 brz-css-kxNDz\" data-uniq-id=\"ncwwg\" data-generated-css=\"brz-css-rqdus\"><span>Arr\u00eater de fumer. Fumer diminue le flux sanguin dans la peau et peut ralentir le processus de gu\u00e9rison. Si vous fumez, le Dr Mak vous recommandera d&rsquo;arr\u00eater de fumer avant la chirurgie et pendant la convalescence.<\/span><\/p>\n<\/div>\n<\/div>\n<\/div>\n<\/div>\n<\/div>\n<div id=\"\" class=\"brz-css-qg567b brz-css-g6wimo brz-wrapper\">\n<div class=\"brz-spacer brz-css-lo17h1 brz-css-1j07c4c\"><\/div>\n<\/div>\n<div id=\"\" class=\"brz-css-qg567b brz-css-yjx1kg brz-wrapper\">\n<div class=\"brz-icon-text brz-css-1h8sr2u\" data-brz-custom-id=\"lmzbcmhpczzphzaysttedwthlvcqkjwjntwq\">\n<div class=\"brz-icon__container\" data-brz-custom-id=\"hsuvhwtbibazplrdmsyryfcmzshyioboxtle\"><span class=\"brz-icon brz-span brz-css-8frya0 brz-css-zd94ha\"><\/span><\/div>\n<div class=\"brz-text-btn\">\n<div class=\"brz-rich-text brz-rich-text__custom brz-css-i9yas8\" data-brz-custom-id=\"zmyzaojisihvxklwtaljxihmhhyitffnvhvp\">\n<div data-brz-translate-text=\"1\">\n<p class=\"brz-lh-sm-1_4 brz-lh-lg-1_3 brz-fw-xs-400 brz-fw-sm-400 brz-fw-lg-400 brz-ft-google brz-ff-arimo brz-ls-xs-0 brz-ls-sm-0 brz-ls-lg-0 brz-fs-xs-17 brz-fs-sm-17 brz-fs-lg-18 brz-lh-xs-1_4 brz-css-koL83\" data-generated-css=\"brz-css-zwckz\" data-uniq-id=\"mtltq\"><span class=\"brz-cp-color2\">\u00c9vitez certains m\u00e9dicaments. Vous devrez probablement \u00e9viter de prendre de l&rsquo;aspirine, des anti-inflammatoires, des anabolisants et des suppl\u00e9ments \u00e0 base de plantes, qui peuvent augmenter les saignements.<\/span><\/p>\n<\/div>\n<\/div>\n<\/div>\n<\/div>\n<\/div>\n<\/div>\n<\/div>\n<div class=\"brz-columns brz-css-8axjrj brz-css-1uwr3bg\" data-brz-custom-id=\"cvqwxszqzfynkodboyqcbkkqqixvbeabnxxd\">\n<div class=\"brz-bg\"><\/div>\n<div class=\"brz-column__items brz-css-96eiym\"><\/div>\n<\/div>\n<\/div>\n<\/div>\n<\/div>\n<\/div>\n<\/section>\n<section id=\"_ehqfdbsfhjqjybptealtxrksohdougujedbc\" class=\"brz-section brz-css-1ts09r8\">\n<div class=\"brz-section__content brz-section--boxed brz-css-tfbevw brz-css-1s87s73\" data-brz-custom-id=\"dljhdjggkhhyxalqbzrkqrqplksddqckyuvz\">\n<div class=\"brz-bg\">\n<div class=\"brz-bg-color\"><\/div>\n<\/div>\n<div class=\"brz-container brz-css-1nyd2nx\">\n<div id=\"\" class=\"brz-css-qg567b brz-wrapper\">\n<div class=\"brz-line brz-line-default brz-css-h9eb5e brz-css-av1goc\" data-brz-custom-id=\"pjxyfdixfeaclvjsyspigwugicwgymtozwzy\">\n<hr class=\"brz-hr\"><\/div>\n<\/div>\n<div id=\"\" class=\"brz-css-qg567b brz-css-g6wimo brz-wrapper\">\n<div class=\"brz-spacer brz-css-lo17h1 brz-css-gih3j3\"><\/div>\n<\/div>\n<div class=\"brz-row__container brz-css-1v199aq\" data-brz-custom-id=\"idjatrxahrcwqbyjfxdttqqnyoiylaxycbqe\">\n<div class=\"brz-bg\"><\/div>\n<div class=\"brz-row brz-css-1brecoq brz-css-s48rwh\">\n<div class=\"brz-columns brz-css-8axjrj brz-css-8sytiu\" data-brz-custom-id=\"ntbdibsjtwxmauivzwqgdmhoztnuocgklatc\">\n<div class=\"brz-bg\"><\/div>\n<div class=\"brz-column__items brz-css-96eiym brz-css-76765z\">\n<div id=\"\" class=\"brz-css-qg567b brz-css-1cgsu06 brz-wrapper\">\n<div class=\"brz-image brz-css-q3qgrz brz-css-1o0oot1\" data-brz-custom-id=\"zukxxfjeeiwitfmpfaozyubvixmfklljbhkf\"><img decoding=\"async\" class=\"brz-img\" src=\"https:\/\/drmakclinic.com\/fr?brizy_media=wp-9b7486b9d786a0648588605ea135d33b.jpg&amp;brizy_crop=iW%3D316%26iH%3D211%26oX%3D90%26oY%3D23%26cW%3D105%26cH%3D106\" alt=\"\" loading=\"lazy\"><\/div>\n<\/div>\n<\/div>\n<\/div>\n<div class=\"brz-columns brz-css-8axjrj brz-css-hzvwtc\" data-brz-custom-id=\"fbkiglzqqtbzxpyhgwegrvizochwdmpzcxhw\">\n<div class=\"brz-bg\"><\/div>\n<div class=\"brz-column__items brz-css-96eiym brz-css-1ln3u3l\">\n<div id=\"\" class=\"brz-css-qg567b brz-wrapper\">\n<div class=\"brz-rich-text brz-rich-text__custom brz-css-i9yas8\" data-brz-custom-id=\"gvheajnsmynacokdfzhkblmrwzcfjrxqffla\">\n<div data-brz-translate-text=\"1\">\n<p data-uniq-id=\"egydo\" data-generated-css=\"brz-css-trizt\" class=\"brz-tp-lg-empty brz-ff-ckyztbazucvfgxnrkwthfbuhnumrbfrmhags brz-ft-upload brz-fs-lg-24 brz-fss-lg-px brz-fw-lg-400 brz-ls-lg-0 brz-lh-lg-1_5 brz-css-yRbIN\">As you begin your journey toward considering plastic surgery and other cosmetic enhancements , my goal as your plastic surgeon is to provide you the highest quality of care throughout the entire process.<\/p>\n<\/div>\n<\/div>\n<\/div>\n<div id=\"\" class=\"brz-css-qg567b brz-css-g6wimo brz-css-89u382 brz-wrapper\">\n<div class=\"brz-spacer brz-css-lo17h1 brz-css-1lzmhpy\"><\/div>\n<\/div>\n<div id=\"\" class=\"brz-css-qg567b brz-css-1w449t6 brz-wrapper\">\n<div class=\"brz-rich-text brz-rich-text__custom brz-css-i9yas8\" data-brz-custom-id=\"rstffzmvharlvibszobsnuoibciqksrwekqm\">\n<div data-brz-translate-text=\"1\">\n<p class=\"brz-text-xs-center brz-tp-lg-heading4 brz-css-iNJYQ\" data-uniq-id=\"mrayu\" data-generated-css=\"brz-css-yakzy\"><strong class=\"brz-cp-color2\">Dr. Mehmet Arif Karag\u00f6z<\/strong><\/p>\n<\/div>\n<\/div>\n<\/div>\n<div id=\"\" class=\"brz-css-qg567b brz-css-1s8knsf brz-wrapper\">\n<div class=\"brz-rich-text brz-rich-text__custom brz-css-i9yas8\" data-brz-custom-id=\"fkwkquulivvkhwyjvswxxmizqczkohwoafnt\">\n<div data-brz-translate-text=\"1\">\n<p class=\"brz-text-xs-center brz-tp-lg-paragraph brz-css-q9LSn\" data-uniq-id=\"xuihj\" data-generated-css=\"brz-css-uaiir\"><span class=\"brz-cp-color7\">DRMAK Plastic Surgeon<\/span><\/p>\n<\/div>\n<\/div>\n<\/div>\n<\/div>\n<\/div>\n<\/div>\n<\/div>\n<div id=\"\" class=\"brz-css-qg567b brz-css-g6wimo brz-css-1a425fs brz-wrapper\">\n<div class=\"brz-spacer brz-css-lo17h1 brz-css-14yujo8\"><\/div>\n<\/div>\n<div id=\"\" class=\"brz-css-qg567b brz-wrapper\">\n<div class=\"brz-line brz-line-default brz-css-h9eb5e brz-css-vajh7j\" data-brz-custom-id=\"efngcjktafknjfzohaczgiqwuzndcvrsdtwl\">\n<hr class=\"brz-hr\"><\/div>\n<\/div>\n<\/div>\n<\/div>\n<\/section>\n<\/div>\n<p>    <!-- version:1738134914 --><\/p>\n","protected":false},"excerpt":{"rendered":"<p>AGRANDISSEMENT DU P\u00c9NIS AGRANDISSEMENT DU P\u00c9NIS La greffe de graisse du p\u00e9nis, \u00e9galement appel\u00e9e phalloplastie par transfert de graisse, a la capacit\u00e9 de fournir un p\u00e9nis plus grand en transf\u00e9rant la propre graisse purifi\u00e9e du patient d&rsquo;une zone du corps \u00e0 la tige du p\u00e9nis. L&rsquo;utilisation de l&rsquo;approvisionnement en graisses du corps \u00e9limine le risque [&hellip;]<\/p>\n","protected":false},"author":1,"featured_media":0,"parent":1038,"menu_order":0,"comment_status":"closed","ping_status":"closed","template":"","meta":{"footnotes":""},"class_list":["post-1086","page","type-page","status-publish","hentry"],"blocksy_meta":{"styles_descriptor":{"styles":{"desktop":"","tablet":"","mobile":""},"google_fonts":[],"version":6}},"_links":{"self":[{"href":"https:\/\/drmakclinic.com\/fr\/wp-json\/wp\/v2\/pages\/1086","targetHints":{"allow":["GET"]}}],"collection":[{"href":"https:\/\/drmakclinic.com\/fr\/wp-json\/wp\/v2\/pages"}],"about":[{"href":"https:\/\/drmakclinic.com\/fr\/wp-json\/wp\/v2\/types\/page"}],"author":[{"embeddable":true,"href":"https:\/\/drmakclinic.com\/fr\/wp-json\/wp\/v2\/users\/1"}],"replies":[{"embeddable":true,"href":"https:\/\/drmakclinic.com\/fr\/wp-json\/wp\/v2\/comments?post=1086"}],"version-history":[{"count":0,"href":"https:\/\/drmakclinic.com\/fr\/wp-json\/wp\/v2\/pages\/1086\/revisions"}],"up":[{"embeddable":true,"href":"https:\/\/drmakclinic.com\/fr\/wp-json\/wp\/v2\/pages\/1038"}],"wp:attachment":[{"href":"https:\/\/drmakclinic.com\/fr\/wp-json\/wp\/v2\/media?parent=1086"}],"curies":[{"name":"wp","href":"https:\/\/api.w.org\/{rel}","templated":true}]}}