{"id":1089,"date":"2022-08-28T20:50:11","date_gmt":"2022-08-28T17:50:11","guid":{"rendered":"https:\/\/drmakclinic.com\/?page_id=1089"},"modified":"2025-01-30T10:31:35","modified_gmt":"2025-01-30T07:31:35","slug":"rhinoplasty","status":"publish","type":"page","link":"https:\/\/drmakclinic.com\/fr\/procedures\/aesthetic-plastic-surgery\/rhinoplasty\/","title":{"rendered":"Rhinoplasty"},"content":{"rendered":"<div class=\"brz-root__container brz-reset-all brz brz-root__container-page\">\n<section id=\"_otoafnjoxnypmyrqjgzmnlgtxgxeampcbjbb\" class=\"brz-section brz-css-29wdfd\">\n<div class=\"brz-section__content brz-section--boxed brz-css-i11smp brz-css-19pjfyo\" data-brz-custom-id=\"vhirutgetvkndarkdfedpuselynsgyaugvay\">\n<div class=\"brz-bg\">\n<div class=\"brz-bg-color\"><\/div>\n<\/div>\n<div class=\"brz-container brz-css-1hco07s\">\n<div class=\"brz-row__container brz-css-53zrku\" data-brz-custom-id=\"apvjjisvcrnvswppolujfkwomnkneccgxreu\">\n<div class=\"brz-bg\"><\/div>\n<div class=\"brz-row brz-css-dph7zl brz-css-pph63m\">\n<div class=\"brz-columns brz-css-1j2cby9 brz-css-1qimw0h\" data-brz-custom-id=\"pqzjvjemixqjkztfawavuvbdhvtetlbzwcba\">\n<div class=\"brz-bg\"><\/div>\n<div class=\"brz-column__items brz-css-15dwtvq\">\n<div id=\"\" class=\"brz-css-tz93bo brz-wrapper\">\n<div class=\"brz-icon-text brz-css-kqbg4n brz-css-17buwn8\" data-brz-custom-id=\"whlumspsgmucmvaptewshacriwqdchgdvpwl\">\n<div class=\"brz-icon__container\" data-brz-custom-id=\"kxomkrnxzatpccbyiuuaxcfdkectxsyndkob\"><span class=\"brz-icon brz-span brz-css-aqjdqq brz-css-1qiq8si\"><\/span><\/div>\n<div class=\"brz-text-btn\">\n<div class=\"brz-rich-text brz-rich-text__custom brz-css-1n9mrd2\" data-brz-custom-id=\"uoegsfmzpxqxkytcfhfcqawveugqopclhemq\">\n<div data-brz-translate-text=\"1\">\n<p class=\"brz-lh-lg-1 brz-ls-lg-0 brz-fw-lg-400 brz-fss-lg-px brz-fs-lg-66 brz-ft-upload brz-ff-izzivsxniqvyexslaslvwzgtgnghvrxuxiru brz-tp-lg-empty brz-css-ab37o\" data-generated-css=\"brz-css-mllmu\" data-uniq-id=\"mjiqn\"><span>RHINOPLASTIE DE R\u00c9VISION<\/span><\/p>\n<\/div>\n<\/div>\n<\/div>\n<\/div>\n<\/div>\n<\/div>\n<\/div>\n<\/div>\n<\/div>\n<\/div>\n<\/div>\n<\/section>\n<section id=\"_gxfnyzwvazmcvapknfzceyagwssbtkerehco\" class=\"brz-section brz-css-29wdfd\">\n<div class=\"brz-section__content brz-section--boxed brz-css-i11smp brz-css-9ycktx\" data-brz-custom-id=\"sdfnnyknrwrhzrraojvummkiendtybbfjlil\">\n<div class=\"brz-bg\">\n<div class=\"brz-bg-color\"><\/div>\n<\/div>\n<div class=\"brz-container brz-css-1hco07s\">\n<div id=\"\" class=\"brz-css-tz93bo brz-wrapper\">\n<div class=\"brz-line brz-line-default brz-css-cj1gys brz-css-qgupfy\" data-brz-custom-id=\"hwohrfwjpeeyyuioufzricdetuahxiwsuioy\">\n<hr class=\"brz-hr\"><\/div>\n<\/div>\n<div class=\"brz-row__container brz-css-53zrku\" data-brz-custom-id=\"prfalpokvvmqtpjuqmfsmjcchclvstfzuhez\">\n<div class=\"brz-bg\"><\/div>\n<div class=\"brz-row brz-css-dph7zl brz-css-1h2cy4f\">\n<div class=\"brz-columns brz-css-1j2cby9 brz-css-k2c952\" data-brz-custom-id=\"pjeqadxpnbyjpocpouomanbtrfcdyrzdbluj\">\n<div class=\"brz-bg\"><\/div>\n<div class=\"brz-column__items brz-css-15dwtvq brz-css-2213ak\">\n<div id=\"\" class=\"brz-css-tz93bo brz-css-6w90wm brz-wrapper\">\n<div class=\"brz-rich-text brz-rich-text__custom brz-css-1n9mrd2\" data-brz-custom-id=\"jopbjeauyxolmslvuajxleuwwrzjwvuioeje\">\n<div data-brz-translate-text=\"1\">\n<p class=\"brz-lh-lg-1_5 brz-ls-lg-1_1 brz-fw-lg-700 brz-fss-lg-px brz-fs-lg-13 brz-ft-google brz-ff-manrope brz-tp-lg-empty brz-css-rGxUJ\" data-generated-css=\"brz-css-jakmf\" data-uniq-id=\"ubtqw\"><span class=\"brz-capitalize-on\">RHINOPLASTIE DE R\u00c9VISION<\/span><\/p>\n<\/div>\n<\/div>\n<\/div>\n<div id=\"\" class=\"brz-css-tz93bo brz-css-lw85ad brz-wrapper\">\n<div class=\"brz-rich-text brz-rich-text__custom brz-css-1n9mrd2\" data-brz-custom-id=\"upcrmcoybasbcsczgagcangtbvupgtroqkhq\">\n<div data-brz-translate-text=\"1\">\n<p class=\"brz-lh-lg-1_3 brz-tp-lg-empty brz-ff-ckyztbazucvfgxnrkwthfbuhnumrbfrmhags brz-ft-upload brz-fs-lg-36 brz-fss-lg-px brz-fw-lg-400 brz-ls-lg-0 brz-css-vAkag\" data-uniq-id=\"nyalr\" data-generated-css=\"brz-css-ksmcg\"><span>La rhinoplastie est d\u00e9j\u00e0 un domaine tr\u00e8s sp\u00e9cialis\u00e9 de la chirurgie plastique, mais la rhinoplastie de r\u00e9vision peut s&rsquo;av\u00e9rer la plus difficile.<\/span><\/p>\n<\/div>\n<\/div>\n<\/div>\n<div id=\"\" class=\"brz-css-tz93bo brz-css-1p19gsb brz-wrapper\">\n<div class=\"brz-spacer brz-css-1ocai1g brz-css-mhgux1\"><\/div>\n<\/div>\n<div id=\"\" class=\"brz-css-tz93bo brz-css-ulqxbp brz-wrapper\">\n<div class=\"brz-icon-text brz-css-kqbg4n\" data-brz-custom-id=\"qrsnhtpkhjmenajhxehqbecwbnucsxxqblgd\">\n<div class=\"brz-icon__container\" data-brz-custom-id=\"szyctqvdeplblxsgymjbfblpvgkzlxwvdoyf\"><span class=\"brz-icon brz-span brz-css-aqjdqq brz-css-1vi0jp9\"><\/span><\/div>\n<div class=\"brz-text-btn\">\n<div class=\"brz-rich-text brz-rich-text__custom brz-css-1n9mrd2\" data-brz-custom-id=\"iykusiikxchaedvdgpbmjtdatoykkskidkcx\">\n<div data-brz-translate-text=\"1\">\n<p class=\"brz-lh-xs-1_4 brz-lh-sm-1_4 brz-fs-lg-18 brz-fs-sm-17 brz-fs-xs-17 brz-ls-lg-0 brz-ls-sm-0 brz-ls-xs-0 brz-ff-arimo brz-ft-google brz-fw-lg-400 brz-fw-sm-400 brz-fw-xs-400 brz-lh-lg-1_3 brz-css-z817d\" data-uniq-id=\"fjsle\" data-generated-css=\"brz-css-kmhkg\"><span>Anesth\u00e9sie &#8211; G\u00e9n\u00e9ral<\/span><\/p>\n<\/div>\n<\/div>\n<\/div>\n<\/div>\n<\/div>\n<div id=\"\" class=\"brz-css-tz93bo brz-css-1p19gsb brz-wrapper\">\n<div class=\"brz-spacer brz-css-1ocai1g brz-css-43g0s4\"><\/div>\n<\/div>\n<div id=\"\" class=\"brz-css-tz93bo brz-css-ngl7xw brz-wrapper\">\n<div class=\"brz-icon-text brz-css-kqbg4n\" data-brz-custom-id=\"pltcqjbjhxyhhdhtffvrqchorkoctrvhmobr\">\n<div class=\"brz-icon__container\" data-brz-custom-id=\"zzsskgedvtvusiwdhimlnwffgqiqoeuucfny\"><span class=\"brz-icon brz-span brz-css-aqjdqq brz-css-1m3mhhe\"><\/span><\/div>\n<div class=\"brz-text-btn\">\n<div class=\"brz-rich-text brz-rich-text__custom brz-css-1n9mrd2\" data-brz-custom-id=\"rdsjdhgsqwwaoeetgkuxtlzwdzcghekogrhd\">\n<div data-brz-translate-text=\"1\">\n<p class=\"brz-lh-sm-1_4 brz-lh-lg-1_3 brz-fw-xs-400 brz-fw-sm-400 brz-fw-lg-400 brz-ft-google brz-ff-arimo brz-ls-xs-0 brz-ls-sm-0 brz-ls-lg-0 brz-fs-xs-17 brz-fs-sm-17 brz-fs-lg-18 brz-lh-xs-1_4 brz-css-zavnT\" data-uniq-id=\"evxhy\" data-generated-css=\"brz-css-gpiyf\"><span>Dur\u00e9e du s\u00e9jour &#8211; 8 nuits<\/span><\/p>\n<\/div>\n<\/div>\n<\/div>\n<\/div>\n<\/div>\n<div id=\"\" class=\"brz-css-tz93bo brz-css-1p19gsb brz-wrapper\">\n<div class=\"brz-spacer brz-css-1ocai1g brz-css-16amk7u\"><\/div>\n<\/div>\n<div id=\"\" class=\"brz-css-tz93bo brz-css-v2xx0e brz-wrapper\">\n<div class=\"brz-icon-text brz-css-kqbg4n\" data-brz-custom-id=\"hmlicthtuptzccxjidvjmbdmcgjdhuzhsvwt\">\n<div class=\"brz-icon__container\" data-brz-custom-id=\"kbruuflwspnvvosluqeyoyvimqzkliigmgnf\"><span class=\"brz-icon brz-span brz-css-aqjdqq brz-css-1wtivaz\"><\/span><\/div>\n<div class=\"brz-text-btn\">\n<div class=\"brz-rich-text brz-rich-text__custom brz-css-1n9mrd2\" data-brz-custom-id=\"loehimmzjsvrkgikcvfrcziiyxppvfzkwxai\">\n<div data-brz-translate-text=\"1\">\n<p class=\"brz-lh-sm-1_4 brz-lh-lg-1_3 brz-fw-xs-400 brz-fw-sm-400 brz-fw-lg-400 brz-ft-google brz-ff-arimo brz-ls-xs-0 brz-ls-sm-0 brz-ls-lg-0 brz-fs-xs-17 brz-fs-sm-17 brz-fs-lg-18 brz-lh-xs-1_4 brz-css-eiqVr\" data-uniq-id=\"ssizn\" data-generated-css=\"brz-css-jzdrz\"><span>Dur\u00e9e de la chirurgie &#8211; 2\/3 heures<\/span><\/p>\n<\/div>\n<\/div>\n<\/div>\n<\/div>\n<\/div>\n<div id=\"\" class=\"brz-css-tz93bo brz-css-1p19gsb brz-wrapper\">\n<div class=\"brz-spacer brz-css-1ocai1g brz-css-grmxg9\"><\/div>\n<\/div>\n<div id=\"\" class=\"brz-css-tz93bo brz-css-1cngaps brz-wrapper\">\n<div class=\"brz-icon-text brz-css-kqbg4n\" data-brz-custom-id=\"nqtndxnipfsrhdibgomjmjuyussivufyqwns\">\n<div class=\"brz-icon__container\" data-brz-custom-id=\"bgnmhwmbfjtktgrakmjkgpqxnuicguzznzpe\"><span class=\"brz-icon brz-span brz-css-aqjdqq brz-css-rvqvsz\"><\/span><\/div>\n<div class=\"brz-text-btn\">\n<div class=\"brz-rich-text brz-rich-text__custom brz-css-1n9mrd2\" data-brz-custom-id=\"gygklojvbunzhzaffzrbsozuezblegnqvfka\">\n<div data-brz-translate-text=\"1\">\n<p class=\"brz-lh-sm-1_4 brz-lh-lg-1_3 brz-fw-xs-400 brz-fw-sm-400 brz-fw-lg-400 brz-ft-google brz-ff-arimo brz-ls-xs-0 brz-ls-sm-0 brz-ls-lg-0 brz-fs-xs-17 brz-fs-sm-17 brz-fs-lg-18 brz-lh-xs-1_4 brz-css-vVHlv\" data-generated-css=\"brz-css-ooxxd\" data-uniq-id=\"ylfel\"><span>Retour \u00e0 la vie normale &#8211; 10 jours<\/span><\/p>\n<\/div>\n<\/div>\n<\/div>\n<\/div>\n<\/div>\n<div id=\"\" class=\"brz-css-tz93bo brz-css-1p19gsb brz-wrapper\">\n<div class=\"brz-spacer brz-css-1ocai1g brz-css-1jkq8rf\"><\/div>\n<\/div>\n<\/div>\n<\/div>\n<div class=\"brz-columns brz-css-1j2cby9 brz-css-mrorhi\" data-brz-custom-id=\"eozcjxvzdnowaxzbsgpuficcxustgavoshwk\">\n<div class=\"brz-bg\"><\/div>\n<div class=\"brz-column__items brz-css-15dwtvq brz-css-1ftomyp\">\n<div id=\"\" class=\"brz-css-tz93bo brz-css-a9wltg brz-wrapper\">\n<div class=\"brz-image brz-css-nk75fs brz-css-1wx5nfn\" data-brz-custom-id=\"yeyymypvfyipmauacqcrnuwhojjrxrvtocby\"><img decoding=\"async\" class=\"brz-img\" src=\"https:\/\/drmakclinic.com\/fr?brizy_media=wp-1ff1f9dd9a0a9bb33923f52daaf67962.png&amp;brizy_crop=original\" alt=\"\" loading=\"lazy\"><\/div>\n<\/div>\n<\/div>\n<\/div>\n<\/div>\n<\/div>\n<\/div>\n<\/div>\n<\/section>\n<section id=\"_tmejisvsaabsosxfyoyewuxirihyzuqcpmdz\" class=\"brz-section brz-css-29wdfd\">\n<div class=\"brz-section__content brz-section--boxed brz-css-i11smp brz-css-esvi4j\" data-brz-custom-id=\"btqrhmstwvkmyznwrawuyjtbctrhvtxbqabp\">\n<div class=\"brz-bg\">\n<div class=\"brz-bg-color\"><\/div>\n<\/div>\n<div class=\"brz-container brz-css-1hco07s\">\n<div id=\"\" class=\"brz-css-tz93bo brz-wrapper\">\n<div class=\"brz-line brz-line-default brz-css-cj1gys brz-css-k2cjzw\" data-brz-custom-id=\"ktatdanceahjbrgddpzsnhfjmcponqruxudp\">\n<hr class=\"brz-hr\"><\/div>\n<\/div>\n<div class=\"brz-row__container brz-css-53zrku\" data-brz-custom-id=\"hafkrsnvbczvbmjivtfljaogtlnvctgowicb\">\n<div class=\"brz-bg\"><\/div>\n<div class=\"brz-row brz-css-dph7zl\">\n<div class=\"brz-columns brz-css-1j2cby9 brz-css-1svaqy6\" data-brz-custom-id=\"ispuguitvvgerurgmijmqiiskhxjxxmkavvz\">\n<div class=\"brz-bg\"><\/div>\n<div class=\"brz-column__items brz-css-15dwtvq\"><\/div>\n<\/div>\n<div class=\"brz-columns brz-css-1j2cby9 brz-css-s9fcq0\" data-brz-custom-id=\"cdomvtruqsjsktqaenarpwiqlcgentpsezdi\">\n<div class=\"brz-bg\"><\/div>\n<div class=\"brz-column__items brz-css-15dwtvq\">\n<div id=\"\" class=\"brz-css-tz93bo brz-wrapper\">\n<div class=\"brz-rich-text brz-rich-text__custom brz-css-1n9mrd2\" data-brz-custom-id=\"xrjwsreqpvlabnqnzantnxkismihwujhhrpv\">\n<div data-brz-translate-text=\"1\">\n<p class=\"brz-tp-lg-empty brz-ff-manrope brz-ft-google brz-fs-lg-18 brz-fss-lg-px brz-fw-lg-400 brz-ls-lg-0 brz-lh-lg-1_9 brz-css-kBJoP\" data-uniq-id=\"nwwam\" data-generated-css=\"brz-css-alhsp\"><span class=\"brz-cp-color2\">Le Dr Mak aura besoin d&rsquo;entendre vos objectifs pour la chirurgie afin de concevoir le meilleur plan d&rsquo;action pour votre r\u00e9vision. Il n&rsquo;effectue pas de proc\u00e9dures \u00ab\u00a0\u00e0 l&#8217;emporte-pi\u00e8ce\u00a0\u00bb. Il \u00e9tablira un plan pour votre r\u00e9vision afin de vous donner les r\u00e9sultats naturels et esth\u00e9tiques que vous souhaitez.<\/span><\/p>\n<p class=\"brz-tp-lg-empty brz-ff-manrope brz-ft-google brz-fs-lg-18 brz-fss-lg-px brz-fw-lg-400 brz-ls-lg-0 brz-lh-lg-1_9 brz-css-vbMdA\" data-uniq-id=\"cerxg\" data-generated-css=\"brz-css-uxvaf\"><span class=\"brz-cp-color2\"> <\/span><\/p>\n<\/div>\n<\/div>\n<\/div>\n<div id=\"\" class=\"brz-css-tz93bo brz-wrapper\">\n<div class=\"brz-rich-text brz-rich-text__custom brz-css-1n9mrd2\" data-brz-custom-id=\"qmqlfjuihcomsslmcsdrjdinoalnyforvcyk\">\n<div data-brz-translate-text=\"1\">\n<p class=\"brz-tp-lg-empty brz-ff-manrope brz-ft-google brz-fs-lg-18 brz-fss-lg-px brz-fw-lg-400 brz-ls-lg-0 brz-lh-lg-1_9 brz-mt-lg-25 brz-css-mRhg8\" data-uniq-id=\"xhvrj\" data-generated-css=\"brz-css-xcfmd\"><span class=\"brz-cp-color2\">Avant vos traitements, vous devrez peut-\u00eatre \u00e9galement :<\/span><\/p>\n<\/div>\n<\/div>\n<\/div>\n<div id=\"\" class=\"brz-css-tz93bo brz-css-1l921is brz-wrapper\">\n<div class=\"brz-icon-text brz-css-kqbg4n\" data-brz-custom-id=\"gogeivltrahyiukyzjvwpibagywoirgwbrbq\">\n<div class=\"brz-icon__container\" data-brz-custom-id=\"ibtmhmfuuasmqdxtqdrkgwkydbcymtrdjjkk\"><span class=\"brz-icon brz-span brz-css-aqjdqq brz-css-i5ktw2\"><\/span><\/div>\n<div class=\"brz-text-btn\">\n<div class=\"brz-rich-text brz-rich-text__custom brz-css-1n9mrd2\" data-brz-custom-id=\"eszldinaziyuunnyjpqytjaamrjxexyumuiw\">\n<div data-brz-translate-text=\"1\">\n<p class=\"brz-lh-xs-1_4 brz-fs-lg-18 brz-fs-sm-17 brz-fs-xs-17 brz-ls-lg-0 brz-ls-sm-0 brz-ls-xs-0 brz-ff-arimo brz-ft-google brz-fw-lg-400 brz-fw-sm-400 brz-fw-xs-400 brz-lh-lg-1_3 brz-lh-sm-1_4 brz-css-s_bS_\" data-uniq-id=\"atwnb\" data-generated-css=\"brz-css-svqkt\"><span>Arr\u00eater de fumer. Fumer diminue le flux sanguin dans la peau et peut ralentir le processus de gu\u00e9rison. Si vous fumez, le Dr Mak vous recommandera d&rsquo;arr\u00eater de fumer avant la chirurgie et pendant la convalescence.<\/span><\/p>\n<\/div>\n<\/div>\n<\/div>\n<\/div>\n<\/div>\n<div id=\"\" class=\"brz-css-tz93bo brz-css-1p19gsb brz-wrapper\">\n<div class=\"brz-spacer brz-css-1ocai1g brz-css-3brje1\"><\/div>\n<\/div>\n<div id=\"\" class=\"brz-css-tz93bo brz-css-m1dg0h brz-wrapper\">\n<div class=\"brz-icon-text brz-css-kqbg4n\" data-brz-custom-id=\"whdcbnnvbyfcnsnbhtoyhaaronryaqpbgwbm\">\n<div class=\"brz-icon__container\" data-brz-custom-id=\"rbwbjpfmnlkstrzosdfxrdgxevmjfzwvfbqv\"><span class=\"brz-icon brz-span brz-css-aqjdqq brz-css-oowq7f\"><\/span><\/div>\n<div class=\"brz-text-btn\">\n<div class=\"brz-rich-text brz-rich-text__custom brz-css-1n9mrd2\" data-brz-custom-id=\"eqkfebqmheediswccjdykltrylemcpmdbuxy\">\n<div data-brz-translate-text=\"1\">\n<p class=\"brz-lh-xs-1_4 brz-fs-lg-18 brz-fs-sm-17 brz-fs-xs-17 brz-ls-lg-0 brz-ls-sm-0 brz-ls-xs-0 brz-ff-arimo brz-ft-google brz-fw-lg-400 brz-fw-sm-400 brz-fw-xs-400 brz-lh-lg-1_3 brz-lh-sm-1_4 brz-css-jeEFJ\" data-uniq-id=\"dbdbf\" data-generated-css=\"brz-css-rkeek\"><span>\u00c9vitez certains m\u00e9dicaments. Vous devrez probablement \u00e9viter de prendre de l&rsquo;aspirine, des anti-inflammatoires, des anabolisants et des suppl\u00e9ments \u00e0 base de plantes, qui peuvent augmenter les saignements.<\/span><\/p>\n<\/div>\n<\/div>\n<\/div>\n<\/div>\n<\/div>\n<\/div>\n<\/div>\n<div class=\"brz-columns brz-css-1j2cby9 brz-css-1pl3x03\" data-brz-custom-id=\"alfiruvodabzqpypotautqnnczhmrlhveitk\">\n<div class=\"brz-bg\"><\/div>\n<div class=\"brz-column__items brz-css-15dwtvq\"><\/div>\n<\/div>\n<\/div>\n<\/div>\n<\/div>\n<\/div>\n<\/section>\n<section id=\"_tuthgawrvhksaxhjspcuqbmklephnpdfqvxm\" class=\"brz-section brz-css-29wdfd\">\n<div class=\"brz-section__content brz-section--boxed brz-css-i11smp brz-css-sxfb4d\" data-brz-custom-id=\"xgffmuoevtzuuysemaopbojiznxciihgvzsk\">\n<div class=\"brz-bg\">\n<div class=\"brz-bg-color\"><\/div>\n<\/div>\n<div class=\"brz-container brz-css-1hco07s\">\n<div id=\"\" class=\"brz-css-tz93bo brz-wrapper\">\n<div class=\"brz-line brz-line-default brz-css-cj1gys brz-css-1jekyqo\" data-brz-custom-id=\"xweqkdkpwkxxmkpoowvdjvwrxnftqfunlxha\">\n<hr class=\"brz-hr\"><\/div>\n<\/div>\n<div id=\"\" class=\"brz-css-tz93bo brz-css-1p19gsb brz-wrapper\">\n<div class=\"brz-spacer brz-css-1ocai1g brz-css-16l19k7\"><\/div>\n<\/div>\n<div class=\"brz-row__container brz-css-53zrku\" data-brz-custom-id=\"mclcmknxhuyhlmltwdgwfkhswspiayqgllbs\">\n<div class=\"brz-bg\"><\/div>\n<div class=\"brz-row brz-css-dph7zl brz-css-1h2cy4f\">\n<div class=\"brz-columns brz-css-1j2cby9 brz-css-1ovso3e\" data-brz-custom-id=\"gnyvrtmeyoikjkwszixmduscktbesmjzthkp\">\n<div class=\"brz-bg\"><\/div>\n<div class=\"brz-column__items brz-css-15dwtvq brz-css-1w1k0mf\">\n<div id=\"\" class=\"brz-css-tz93bo brz-css-h2okt brz-wrapper\">\n<div class=\"brz-image brz-css-1188e01 brz-css-p68ah6\" data-brz-custom-id=\"njavzwopjvnsckxdjtialoqtntulgwdjrkoq\"><img decoding=\"async\" class=\"brz-img\" src=\"https:\/\/drmakclinic.com\/fr?brizy_media=wp-9b7486b9d786a0648588605ea135d33b.jpg&amp;brizy_crop=iW%3D316%26iH%3D211%26oX%3D90%26oY%3D23%26cW%3D105%26cH%3D106\" alt=\"\" loading=\"lazy\"><\/div>\n<\/div>\n<\/div>\n<\/div>\n<div class=\"brz-columns brz-css-1j2cby9 brz-css-17lxfcd\" data-brz-custom-id=\"lucsxxsvshjmbmcxarutzbpatxasucflbxep\">\n<div class=\"brz-bg\"><\/div>\n<div class=\"brz-column__items brz-css-15dwtvq brz-css-1bxklpo\">\n<div id=\"\" class=\"brz-css-tz93bo brz-wrapper\">\n<div class=\"brz-rich-text brz-rich-text__custom brz-css-1n9mrd2\" data-brz-custom-id=\"ebraluknqfrvzwvvmjfehqjekcxsceiumzsl\">\n<div data-brz-translate-text=\"1\">\n<p data-uniq-id=\"egydo\" data-generated-css=\"brz-css-trizt\" class=\"brz-tp-lg-empty brz-ff-ckyztbazucvfgxnrkwthfbuhnumrbfrmhags brz-ft-upload brz-fs-lg-24 brz-fss-lg-px brz-fw-lg-400 brz-ls-lg-0 brz-lh-lg-1_5 brz-css-vWzPd\">As you begin your journey toward considering plastic surgery and other cosmetic enhancements , my goal as your plastic surgeon is to provide you the highest quality of care throughout the entire process.<\/p>\n<\/div>\n<\/div>\n<\/div>\n<div id=\"\" class=\"brz-css-tz93bo brz-css-1p19gsb brz-css-lshdjr brz-wrapper\">\n<div class=\"brz-spacer brz-css-1ocai1g brz-css-10no7xg\"><\/div>\n<\/div>\n<div id=\"\" class=\"brz-css-tz93bo brz-css-1qa1fzk brz-wrapper\">\n<div class=\"brz-rich-text brz-rich-text__custom brz-css-1n9mrd2\" data-brz-custom-id=\"nlxzlnmmeaokvebchtzubfzakqahnbkdfmyh\">\n<div data-brz-translate-text=\"1\">\n<p class=\"brz-text-xs-center brz-tp-lg-heading4 brz-css-zDd9m\" data-uniq-id=\"mrayu\" data-generated-css=\"brz-css-yakzy\"><strong class=\"brz-cp-color2\">Dr. Mehmet Arif Karag\u00f6z<\/strong><\/p>\n<\/div>\n<\/div>\n<\/div>\n<div id=\"\" class=\"brz-css-tz93bo brz-css-h4vto brz-wrapper\">\n<div class=\"brz-rich-text brz-rich-text__custom brz-css-1n9mrd2\" data-brz-custom-id=\"iraorlsgtsrrozokzcclzfyukjpcamzkuubv\">\n<div data-brz-translate-text=\"1\">\n<p class=\"brz-text-xs-center brz-tp-lg-paragraph brz-css-ts2qc\" data-uniq-id=\"xuihj\" data-generated-css=\"brz-css-uaiir\"><span class=\"brz-cp-color7\">DRMAK Plastic Surgeon<\/span><\/p>\n<\/div>\n<\/div>\n<\/div>\n<\/div>\n<\/div>\n<\/div>\n<\/div>\n<div id=\"\" class=\"brz-css-tz93bo brz-css-1p19gsb brz-css-xro9cl brz-wrapper\">\n<div class=\"brz-spacer brz-css-1ocai1g brz-css-1szykwi\"><\/div>\n<\/div>\n<div id=\"\" class=\"brz-css-tz93bo brz-wrapper\">\n<div class=\"brz-line brz-line-default brz-css-cj1gys brz-css-5ns2qq\" data-brz-custom-id=\"cqcbruscbbmjxtfsqjnlaqoumcjhcfkucigy\">\n<hr class=\"brz-hr\"><\/div>\n<\/div>\n<\/div>\n<\/div>\n<\/section>\n<\/div>\n<p>    <!-- version:1738222295 --><\/p>\n","protected":false},"excerpt":{"rendered":"<p>RHINOPLASTIE DE R\u00c9VISION RHINOPLASTIE DE R\u00c9VISION La rhinoplastie est d\u00e9j\u00e0 un domaine tr\u00e8s sp\u00e9cialis\u00e9 de la chirurgie plastique, mais la rhinoplastie de r\u00e9vision peut s&rsquo;av\u00e9rer la plus difficile. Anesth\u00e9sie &#8211; G\u00e9n\u00e9ral Dur\u00e9e du s\u00e9jour &#8211; 8 nuits Dur\u00e9e de la chirurgie &#8211; 2\/3 heures Retour \u00e0 la vie normale &#8211; 10 jours Le Dr Mak [&hellip;]<\/p>\n","protected":false},"author":1,"featured_media":0,"parent":1038,"menu_order":0,"comment_status":"closed","ping_status":"closed","template":"","meta":{"footnotes":""},"class_list":["post-1089","page","type-page","status-publish","hentry"],"blocksy_meta":{"styles_descriptor":{"styles":{"desktop":"","tablet":"","mobile":""},"google_fonts":[],"version":6}},"_links":{"self":[{"href":"https:\/\/drmakclinic.com\/fr\/wp-json\/wp\/v2\/pages\/1089","targetHints":{"allow":["GET"]}}],"collection":[{"href":"https:\/\/drmakclinic.com\/fr\/wp-json\/wp\/v2\/pages"}],"about":[{"href":"https:\/\/drmakclinic.com\/fr\/wp-json\/wp\/v2\/types\/page"}],"author":[{"embeddable":true,"href":"https:\/\/drmakclinic.com\/fr\/wp-json\/wp\/v2\/users\/1"}],"replies":[{"embeddable":true,"href":"https:\/\/drmakclinic.com\/fr\/wp-json\/wp\/v2\/comments?post=1089"}],"version-history":[{"count":0,"href":"https:\/\/drmakclinic.com\/fr\/wp-json\/wp\/v2\/pages\/1089\/revisions"}],"up":[{"embeddable":true,"href":"https:\/\/drmakclinic.com\/fr\/wp-json\/wp\/v2\/pages\/1038"}],"wp:attachment":[{"href":"https:\/\/drmakclinic.com\/fr\/wp-json\/wp\/v2\/media?parent=1089"}],"curies":[{"name":"wp","href":"https:\/\/api.w.org\/{rel}","templated":true}]}}