{"id":1092,"date":"2022-08-28T20:50:29","date_gmt":"2022-08-28T17:50:29","guid":{"rendered":"https:\/\/drmakclinic.com\/?page_id=1092"},"modified":"2025-01-30T20:28:27","modified_gmt":"2025-01-30T17:28:27","slug":"thigh-lift","status":"publish","type":"page","link":"https:\/\/drmakclinic.com\/fr\/procedures\/aesthetic-plastic-surgery\/thigh-lift\/","title":{"rendered":"Thigh Lift"},"content":{"rendered":"<div class=\"brz-root__container brz-reset-all brz brz-root__container-page\">\n<section id=\"_gmzliuxdjcxbaeapnzoqdkgqjnfjwhjtrpwm\" class=\"brz-section brz-css-hnnm5o\">\n<div class=\"brz-section__content brz-section--boxed brz-css-i6zhsc brz-css-11qjfen\" data-brz-custom-id=\"nhqigknugfhvtnatuujcypsolkfydhagrjgn\">\n<div class=\"brz-bg\">\n<div class=\"brz-bg-color\"><\/div>\n<\/div>\n<div class=\"brz-container brz-css-1bnafvg\">\n<div class=\"brz-row__container brz-css-1khbmhy\" data-brz-custom-id=\"rqjmdxddbvlfxjzfzusqdzlrcdlhtzcuwktd\">\n<div class=\"brz-bg\"><\/div>\n<div class=\"brz-row brz-css-1tlpozx brz-css-1noszd1\">\n<div class=\"brz-columns brz-css-1w8edtw brz-css-1h9sbpn\" data-brz-custom-id=\"tdfdduksvetpowgumnhtcizdaklazxfmartc\">\n<div class=\"brz-bg\"><\/div>\n<div class=\"brz-column__items brz-css-119bjsb\">\n<div id=\"\" class=\"brz-css-exng92 brz-wrapper\">\n<div class=\"brz-icon-text brz-css-j47a2j brz-css-scv3vh\" data-brz-custom-id=\"wgjzzgkpiuuhauribdvngnagzksgxfxcyais\">\n<div class=\"brz-icon__container\" data-brz-custom-id=\"pavdatvfkvcpwduxwwxqiodrgfthdgdtnkyy\"><span class=\"brz-icon brz-span brz-css-hnx7l6 brz-css-1f96a4r\"><\/span><\/div>\n<div class=\"brz-text-btn\">\n<div class=\"brz-rich-text brz-rich-text__custom brz-css-ghzpke\" data-brz-custom-id=\"arxwqzlunaydgzbufnryklbhvmvbuikkcugd\">\n<div data-brz-translate-text=\"1\">\n<p class=\"brz-tp-lg-empty brz-ff-izzivsxniqvyexslaslvwzgtgnghvrxuxiru brz-ft-upload brz-fs-lg-66 brz-fss-lg-px brz-fw-lg-400 brz-ls-lg-0 brz-lh-lg-1 brz-css-mj8J0\" data-uniq-id=\"oofvv\" data-generated-css=\"brz-css-qrskj\"><span>LIFTING DES CUISSES<\/span><\/p>\n<\/div>\n<\/div>\n<\/div>\n<\/div>\n<\/div>\n<\/div>\n<\/div>\n<\/div>\n<\/div>\n<\/div>\n<\/div>\n<\/section>\n<section id=\"_wnbqzvepyrrwyhzskifdzefzyxsaeltcqzmf\" class=\"brz-section brz-css-hnnm5o\">\n<div class=\"brz-section__content brz-section--boxed brz-css-i6zhsc brz-css-18b2db\" data-brz-custom-id=\"ahnsznepqxxspjjncjhojwnwmvxbckafjqcb\">\n<div class=\"brz-bg\">\n<div class=\"brz-bg-color\"><\/div>\n<\/div>\n<div class=\"brz-container brz-css-1bnafvg\">\n<div id=\"\" class=\"brz-css-exng92 brz-wrapper\">\n<div class=\"brz-line brz-line-default brz-css-19cfgin brz-css-etptcw\" data-brz-custom-id=\"majgyhgapkxdepfsvvdxmtyegrhfkeaeqobh\">\n<hr class=\"brz-hr\"><\/div>\n<\/div>\n<div class=\"brz-row__container brz-css-1khbmhy\" data-brz-custom-id=\"nfthsiejntpcnevzhqigzvhcoljvqfnthkqp\">\n<div class=\"brz-bg\"><\/div>\n<div class=\"brz-row brz-css-1tlpozx brz-css-onuf2o\">\n<div class=\"brz-columns brz-css-1w8edtw brz-css-d3x0zo\" data-brz-custom-id=\"pxneplwcsvdanitwshodxdmrdahwvmuxzwah\">\n<div class=\"brz-bg\"><\/div>\n<div class=\"brz-column__items brz-css-119bjsb brz-css-ecuhct\">\n<div id=\"\" class=\"brz-css-exng92 brz-css-b6tnzr brz-wrapper\">\n<div class=\"brz-rich-text brz-rich-text__custom brz-css-ghzpke\" data-brz-custom-id=\"nlmnjlhtvuiwqiyyfotnclzawqahiclbvlvx\">\n<div data-brz-translate-text=\"1\">\n<p class=\"brz-tp-lg-empty brz-ff-manrope brz-ft-google brz-fs-lg-13 brz-fss-lg-px brz-fw-lg-700 brz-ls-lg-1_1 brz-lh-lg-1_5 brz-css-bsfsN\" data-uniq-id=\"qrgce\" data-generated-css=\"brz-css-dylem\"><span class=\"brz-capitalize-on\">LIFTING DES CUISSES<\/span><\/p>\n<\/div>\n<\/div>\n<\/div>\n<div id=\"\" class=\"brz-css-exng92 brz-css-18d0c2e brz-wrapper\">\n<div class=\"brz-rich-text brz-rich-text__custom brz-css-ghzpke\" data-brz-custom-id=\"kkexkvegxlfhxloinnqlbwuaskevsjtppnko\">\n<div data-brz-translate-text=\"1\">\n<p class=\"brz-ls-lg-0 brz-fw-lg-400 brz-fss-lg-px brz-fs-lg-36 brz-ft-upload brz-ff-ckyztbazucvfgxnrkwthfbuhnumrbfrmhags brz-tp-lg-empty brz-lh-lg-1_3 brz-css-e7Rr1\" data-generated-css=\"brz-css-gfbrs\" data-uniq-id=\"tpcvm\"><span class=\"brz-cp-color2\">La chirurgie de lifting des cuisses remod\u00e8le les cuisses en r\u00e9duisant l&rsquo;exc\u00e8s de peau et de graisse, ce qui donne une peau plus lisse et des contours mieux proportionn\u00e9s des cuisses et du bas du corps.<\/span><\/p>\n<\/div>\n<\/div>\n<\/div>\n<div id=\"\" class=\"brz-css-exng92 brz-css-1kqfyx8 brz-wrapper\">\n<div class=\"brz-spacer brz-css-k0xyps brz-css-1n0rpjx\"><\/div>\n<\/div>\n<div id=\"\" class=\"brz-css-exng92 brz-css-1kqfyx8 brz-wrapper\">\n<div class=\"brz-spacer brz-css-k0xyps brz-css-cscctt\"><\/div>\n<\/div>\n<div id=\"\" class=\"brz-css-exng92 brz-css-10jymom brz-wrapper\">\n<div class=\"brz-icon-text brz-css-j47a2j\" data-brz-custom-id=\"mncquziszwlannlhfgjrxvlewmrkzggeijwg\">\n<div class=\"brz-icon__container\" data-brz-custom-id=\"kblaxbkpqosricaudovpywgvcimvxbamblcx\"><span class=\"brz-icon brz-span brz-css-hnx7l6 brz-css-1bczbkm\"><\/span><\/div>\n<div class=\"brz-text-btn\">\n<div class=\"brz-rich-text brz-rich-text__custom brz-css-ghzpke\" data-brz-custom-id=\"suofuorlktjlzrflsqqezbgsbjoxgbgqihcj\">\n<div data-brz-translate-text=\"1\">\n<p class=\"brz-lh-xs-1_4 brz-lh-sm-1_4 brz-fs-lg-18 brz-fs-sm-17 brz-fs-xs-17 brz-ls-lg-0 brz-ls-sm-0 brz-ls-xs-0 brz-ff-arimo brz-ft-google brz-fw-lg-400 brz-fw-sm-400 brz-fw-xs-400 brz-lh-lg-1_3 brz-css-k9lv9\" data-uniq-id=\"fgzto\" data-generated-css=\"brz-css-yldoi\"><span>Anesth\u00e9sie : G\u00e9n\u00e9rale<\/span><\/p>\n<\/div>\n<\/div>\n<\/div>\n<\/div>\n<\/div>\n<div id=\"\" class=\"brz-css-exng92 brz-css-1kqfyx8 brz-wrapper\">\n<div class=\"brz-spacer brz-css-k0xyps brz-css-1fy1sdp\"><\/div>\n<\/div>\n<div id=\"\" class=\"brz-css-exng92 brz-css-11z3dfz brz-wrapper\">\n<div class=\"brz-icon-text brz-css-j47a2j\" data-brz-custom-id=\"nlgqadpcwxzwwuxioyvmoymzkphcekzejyjn\">\n<div class=\"brz-icon__container\" data-brz-custom-id=\"jdjkqnnjtbdmorvyxomxmfavxyxouqdntqyt\"><span class=\"brz-icon brz-span brz-css-hnx7l6 brz-css-1rwfo2z\"><\/span><\/div>\n<div class=\"brz-text-btn\">\n<div class=\"brz-rich-text brz-rich-text__custom brz-css-ghzpke\" data-brz-custom-id=\"iyhioukxoiqwfezridoekuisdvvrvsfmeiln\">\n<div data-brz-translate-text=\"1\">\n<p class=\"brz-lh-sm-1_4 brz-lh-lg-1_3 brz-fw-xs-400 brz-fw-sm-400 brz-fw-lg-400 brz-ft-google brz-ff-arimo brz-ls-xs-0 brz-ls-sm-0 brz-ls-lg-0 brz-fs-xs-17 brz-fs-sm-17 brz-fs-lg-18 brz-lh-xs-1_4 brz-css-vHnFO\" data-uniq-id=\"vmcbr\" data-generated-css=\"brz-css-ncymw\"><span>Dur\u00e9e du s\u00e9jour : 5 nuits<\/span><\/p>\n<\/div>\n<\/div>\n<\/div>\n<\/div>\n<\/div>\n<div id=\"\" class=\"brz-css-exng92 brz-css-1kqfyx8 brz-wrapper\">\n<div class=\"brz-spacer brz-css-k0xyps brz-css-5wkydz\"><\/div>\n<\/div>\n<div id=\"\" class=\"brz-css-exng92 brz-css-1a8bsei brz-wrapper\">\n<div class=\"brz-icon-text brz-css-j47a2j\" data-brz-custom-id=\"bvwpohhyfyegertkrndskofzenprnkcljvas\">\n<div class=\"brz-icon__container\" data-brz-custom-id=\"zajkbchllfkafyqfcythtfbgycvoseasdnwd\"><span class=\"brz-icon brz-span brz-css-hnx7l6 brz-css-juiaxa\"><\/span><\/div>\n<div class=\"brz-text-btn\">\n<div class=\"brz-rich-text brz-rich-text__custom brz-css-ghzpke\" data-brz-custom-id=\"cpzbssqjewarlwnseauajvkblgzrdfxuiejs\">\n<div data-brz-translate-text=\"1\">\n<p class=\"brz-lh-xs-1_4 brz-fs-lg-18 brz-fs-sm-17 brz-fs-xs-17 brz-ls-lg-0 brz-ls-sm-0 brz-ls-xs-0 brz-ff-arimo brz-ft-google brz-fw-lg-400 brz-fw-sm-400 brz-fw-xs-400 brz-lh-lg-1_3 brz-lh-sm-1_4 brz-css-drkhb\" data-generated-css=\"brz-css-kshcu\" data-uniq-id=\"djszo\"><span>Dur\u00e9e de la chirurgie : 1-2 heures<\/span><\/p>\n<\/div>\n<\/div>\n<\/div>\n<\/div>\n<\/div>\n<div id=\"\" class=\"brz-css-exng92 brz-css-1kqfyx8 brz-wrapper\">\n<div class=\"brz-spacer brz-css-k0xyps brz-css-1qcux2b\"><\/div>\n<\/div>\n<div id=\"\" class=\"brz-css-exng92 brz-css-ql9kqb brz-wrapper\">\n<div class=\"brz-icon-text brz-css-j47a2j\" data-brz-custom-id=\"mzychajcyquyytslejamuclzhnxuuoatdqlo\">\n<div class=\"brz-icon__container\" data-brz-custom-id=\"cveehazhxooeatrwiznycovjutkqyjfqzuzg\"><span class=\"brz-icon brz-span brz-css-hnx7l6 brz-css-1sigd9a\"><\/span><\/div>\n<div class=\"brz-text-btn\">\n<div class=\"brz-rich-text brz-rich-text__custom brz-css-ghzpke\" data-brz-custom-id=\"btplssaaqjlxpnuwebmxctszgvvjahtsdjwx\">\n<div data-brz-translate-text=\"1\">\n<p class=\"brz-lh-sm-1_4 brz-lh-lg-1_3 brz-fw-xs-400 brz-fw-sm-400 brz-fw-lg-400 brz-ft-google brz-ff-arimo brz-ls-xs-0 brz-ls-sm-0 brz-ls-lg-0 brz-fs-xs-17 brz-fs-sm-17 brz-fs-lg-18 brz-lh-xs-1_4 brz-css-oiIVI\" data-generated-css=\"brz-css-wyqwy\" data-uniq-id=\"gfjha\"><span>Retour \u00e0 la vie normale : 2 semaines<\/span><\/p>\n<\/div>\n<\/div>\n<\/div>\n<\/div>\n<\/div>\n<div id=\"\" class=\"brz-css-exng92 brz-css-1kqfyx8 brz-wrapper\">\n<div class=\"brz-spacer brz-css-k0xyps brz-css-1uz1c4s\"><\/div>\n<\/div>\n<\/div>\n<\/div>\n<div class=\"brz-columns brz-css-1w8edtw brz-css-uc1qjo\" data-brz-custom-id=\"olalfpsshibobrrzozjwbybnthwtullawlkw\">\n<div class=\"brz-bg\"><\/div>\n<div class=\"brz-column__items brz-css-119bjsb brz-css-ut4cyc\">\n<div id=\"\" class=\"brz-css-exng92 brz-css-iyb72z brz-wrapper\">\n<div class=\"brz-image brz-css-4vw1z1 brz-css-10lbpak\" data-brz-custom-id=\"txkpnzlmbttjhbouviowghulxlfejrpvgbkm\"><img decoding=\"async\" class=\"brz-img\" src=\"https:\/\/drmakclinic.com\/fr?brizy_media=wp-d7bfa7478f5ff829fad95f0e6e09c8bd.png&amp;brizy_crop=original\" alt=\"\" loading=\"lazy\"><\/div>\n<\/div>\n<\/div>\n<\/div>\n<\/div>\n<\/div>\n<\/div>\n<\/div>\n<\/section>\n<section id=\"_lhhmkufngsphxemtnavhafyfrsjhgcphxhxz\" class=\"brz-section brz-css-hnnm5o\">\n<div class=\"brz-section__content brz-section--boxed brz-css-i6zhsc brz-css-13az1xy\" data-brz-custom-id=\"ezzmnetubshsbtzwahkglptpmdpbbwfcalub\">\n<div class=\"brz-bg\">\n<div class=\"brz-bg-color\"><\/div>\n<\/div>\n<div class=\"brz-container brz-css-1bnafvg\">\n<div id=\"\" class=\"brz-css-exng92 brz-wrapper\">\n<div class=\"brz-line brz-line-default brz-css-19cfgin brz-css-1cz7q4u\" data-brz-custom-id=\"xsuwpbvpelcyehigvitvumsokdngdapxoqbb\">\n<hr class=\"brz-hr\"><\/div>\n<\/div>\n<div class=\"brz-row__container brz-css-1khbmhy\" data-brz-custom-id=\"bbpiavmajeejjoforvwjcuamupamdtcwgdzr\">\n<div class=\"brz-bg\"><\/div>\n<div class=\"brz-row brz-css-1tlpozx\">\n<div class=\"brz-columns brz-css-1w8edtw brz-css-14ovpea\" data-brz-custom-id=\"arcclohhdotusfteqegmceolhpxlkcfkimgw\">\n<div class=\"brz-bg\"><\/div>\n<div class=\"brz-column__items brz-css-119bjsb\"><\/div>\n<\/div>\n<div class=\"brz-columns brz-css-1w8edtw brz-css-1mwllav\" data-brz-custom-id=\"lbkkhvqgiopznakqdfhizbjnopzsvzhjllbc\">\n<div class=\"brz-bg\"><\/div>\n<div class=\"brz-column__items brz-css-119bjsb\">\n<div id=\"\" class=\"brz-css-exng92 brz-wrapper\">\n<div class=\"brz-rich-text brz-rich-text__custom brz-css-ghzpke\" data-brz-custom-id=\"kemiqqxejfnkedycoyxddqwcdhckpcigvphz\">\n<div data-brz-translate-text=\"1\">\n<p class=\"brz-mt-lg-34 brz-lh-lg-1_9 brz-ls-lg-0 brz-fw-lg-400 brz-fss-lg-px brz-fs-lg-22 brz-ft-upload brz-ff-ckyztbazucvfgxnrkwthfbuhnumrbfrmhags brz-tp-lg-empty brz-css-iPAUs\" data-uniq-id=\"cxurs\" data-generated-css=\"brz-css-frfzq\"><span class=\"brz-cp-color2\">Avant vos traitements, vous devrez peut-\u00eatre \u00e9galement :<\/span><\/p>\n<\/div>\n<\/div>\n<\/div>\n<div id=\"\" class=\"brz-css-exng92 brz-css-dunmnl brz-wrapper\">\n<div class=\"brz-icon-text brz-css-j47a2j\" data-brz-custom-id=\"clwtjaftenpdfakyhkxzijdvgyciuillbkpu\">\n<div class=\"brz-icon__container\" data-brz-custom-id=\"lygjgbhzhyskbssniplwgwarmvtkuuvgzawv\"><span class=\"brz-icon brz-span brz-css-hnx7l6 brz-css-1tptaui\"><\/span><\/div>\n<div class=\"brz-text-btn\">\n<div class=\"brz-rich-text brz-rich-text__custom brz-css-ghzpke\" data-brz-custom-id=\"bkvdzqfkafjgffmpwbsuokmehtnifpareznr\">\n<div data-brz-translate-text=\"1\">\n<p class=\"brz-lh-sm-1_4 brz-lh-lg-1_3 brz-fw-xs-400 brz-fw-sm-400 brz-fw-lg-400 brz-ft-google brz-ff-arimo brz-ls-xs-0 brz-ls-sm-0 brz-ls-lg-0 brz-fs-xs-17 brz-fs-sm-17 brz-fs-lg-18 brz-lh-xs-1_4 brz-css-tiBmV\" data-generated-css=\"brz-css-tsotg\" data-uniq-id=\"whppd\"><span>Arr\u00eater de fumer. Fumer diminue le flux sanguin dans la peau et peut ralentir le processus de gu\u00e9rison. Si vous fumez, le Dr Mak vous recommandera d&rsquo;arr\u00eater de fumer avant la chirurgie et pendant la convalescence.<\/span><\/p>\n<\/div>\n<\/div>\n<\/div>\n<\/div>\n<\/div>\n<div id=\"\" class=\"brz-css-exng92 brz-css-1kqfyx8 brz-wrapper\">\n<div class=\"brz-spacer brz-css-k0xyps brz-css-1v2w5t9\"><\/div>\n<\/div>\n<div id=\"\" class=\"brz-css-exng92 brz-css-faw0vf brz-wrapper\">\n<div class=\"brz-icon-text brz-css-j47a2j\" data-brz-custom-id=\"kruyadfbvtyajvoqputawpxjaddbritvstgw\">\n<div class=\"brz-icon__container\" data-brz-custom-id=\"nbtggjitbyulqrsmscprfzhgnybqfvelrztu\"><span class=\"brz-icon brz-span brz-css-hnx7l6 brz-css-u5rk7h\"><\/span><\/div>\n<div class=\"brz-text-btn\">\n<div class=\"brz-rich-text brz-rich-text__custom brz-css-ghzpke\" data-brz-custom-id=\"hlcdhydlylhpnfdlmzhxmwaigzxwdriwbmfr\">\n<div data-brz-translate-text=\"1\">\n<p class=\"brz-lh-sm-1_4 brz-lh-lg-1_3 brz-fw-xs-400 brz-fw-sm-400 brz-fw-lg-400 brz-ft-google brz-ff-arimo brz-ls-xs-0 brz-ls-sm-0 brz-ls-lg-0 brz-fs-xs-17 brz-fs-sm-17 brz-fs-lg-18 brz-lh-xs-1_4 brz-css-johR4\" data-generated-css=\"brz-css-ewbzt\" data-uniq-id=\"xcbpe\"><span>\u00c9vitez certains m\u00e9dicaments. Vous devrez probablement \u00e9viter de prendre de l&rsquo;aspirine, des anti-inflammatoires, des anabolisants et des suppl\u00e9ments \u00e0 base de plantes, qui peuvent augmenter les saignements.<\/span><\/p>\n<\/div>\n<\/div>\n<\/div>\n<\/div>\n<\/div>\n<\/div>\n<\/div>\n<div class=\"brz-columns brz-css-1w8edtw brz-css-1pdf3d\" data-brz-custom-id=\"bhebkkwrmlrolqwdbhpojtuixhktvdivykpe\">\n<div class=\"brz-bg\"><\/div>\n<div class=\"brz-column__items brz-css-119bjsb\"><\/div>\n<\/div>\n<\/div>\n<\/div>\n<\/div>\n<\/div>\n<\/section>\n<section id=\"_haaonavjgejyegcfreipnevowybtprqsukvl\" class=\"brz-section brz-css-hnnm5o\">\n<div class=\"brz-section__content brz-section--boxed brz-css-i6zhsc brz-css-1ykd0ww\" data-brz-custom-id=\"guwczgqarkbhmiflxnhezgffukruivcwjros\">\n<div class=\"brz-bg\">\n<div class=\"brz-bg-color\"><\/div>\n<\/div>\n<div class=\"brz-container brz-css-1bnafvg\">\n<div id=\"\" class=\"brz-css-exng92 brz-wrapper\">\n<div class=\"brz-line brz-line-default brz-css-19cfgin brz-css-1rr130s\" data-brz-custom-id=\"cusjbfekjnfgpjtxuftooxelbeaipnumwebv\">\n<hr class=\"brz-hr\"><\/div>\n<\/div>\n<div id=\"\" class=\"brz-css-exng92 brz-css-1kqfyx8 brz-wrapper\">\n<div class=\"brz-spacer brz-css-k0xyps brz-css-16nw1pb\"><\/div>\n<\/div>\n<div class=\"brz-row__container brz-css-1khbmhy\" data-brz-custom-id=\"aplhlqxmsjrumfbdkrdmiyxihbpcsurzhoub\">\n<div class=\"brz-bg\"><\/div>\n<div class=\"brz-row brz-css-1tlpozx brz-css-onuf2o\">\n<div class=\"brz-columns brz-css-1w8edtw brz-css-53ki87\" data-brz-custom-id=\"cpojuyuotvoseqvpnoxplcqblsothiojtvuf\">\n<div class=\"brz-bg\"><\/div>\n<div class=\"brz-column__items brz-css-119bjsb brz-css-c452lv\">\n<div id=\"\" class=\"brz-css-exng92 brz-css-1l11zz6 brz-wrapper\">\n<div class=\"brz-image brz-css-1ncpg35 brz-css-1k53xg4\" data-brz-custom-id=\"ckdfxuozusaplslnjbcyoqhszieyvzauvibs\"><img decoding=\"async\" class=\"brz-img\" src=\"https:\/\/drmakclinic.com\/fr?brizy_media=wp-9b7486b9d786a0648588605ea135d33b.jpg&amp;brizy_crop=iW%3D316%26iH%3D211%26oX%3D90%26oY%3D23%26cW%3D105%26cH%3D106\" alt=\"\" loading=\"lazy\"><\/div>\n<\/div>\n<\/div>\n<\/div>\n<div class=\"brz-columns brz-css-1w8edtw brz-css-hc12hg\" data-brz-custom-id=\"ahyobicqordqyoqnwhwljastlmljvyxygbmw\">\n<div class=\"brz-bg\"><\/div>\n<div class=\"brz-column__items brz-css-119bjsb brz-css-1ojz3m9\">\n<div id=\"\" class=\"brz-css-exng92 brz-wrapper\">\n<div class=\"brz-rich-text brz-rich-text__custom brz-css-ghzpke\" data-brz-custom-id=\"uweqhhvpssvlrglhzitypubjjmidlcpqiulg\">\n<div data-brz-translate-text=\"1\">\n<p data-uniq-id=\"egydo\" data-generated-css=\"brz-css-trizt\" class=\"brz-tp-lg-empty brz-ff-ckyztbazucvfgxnrkwthfbuhnumrbfrmhags brz-ft-upload brz-fs-lg-24 brz-fss-lg-px brz-fw-lg-400 brz-ls-lg-0 brz-lh-lg-1_5 brz-css-x2xZW\">As you begin your journey toward considering plastic surgery and other cosmetic enhancements , my goal as your plastic surgeon is to provide you the highest quality of care throughout the entire process.<\/p>\n<\/div>\n<\/div>\n<\/div>\n<div id=\"\" class=\"brz-css-exng92 brz-css-1kqfyx8 brz-css-2eouv6 brz-wrapper\">\n<div class=\"brz-spacer brz-css-k0xyps brz-css-wsxwx7\"><\/div>\n<\/div>\n<div id=\"\" class=\"brz-css-exng92 brz-css-28d527 brz-wrapper\">\n<div class=\"brz-rich-text brz-rich-text__custom brz-css-ghzpke\" data-brz-custom-id=\"pkbpzgdlsxigldrwhhzwomoguzzqbkjxaoed\">\n<div data-brz-translate-text=\"1\">\n<p class=\"brz-text-xs-center brz-tp-lg-heading4 brz-css-xL3GW\" data-uniq-id=\"mrayu\" data-generated-css=\"brz-css-yakzy\"><strong class=\"brz-cp-color2\">Dr. Mehmet Arif Karag\u00f6z<\/strong><\/p>\n<\/div>\n<\/div>\n<\/div>\n<div id=\"\" class=\"brz-css-exng92 brz-css-bn94ds brz-wrapper\">\n<div class=\"brz-rich-text brz-rich-text__custom brz-css-ghzpke\" data-brz-custom-id=\"hscpdohpoqzucotqqumsepzxcvshhvlzeqna\">\n<div data-brz-translate-text=\"1\">\n<p class=\"brz-text-xs-center brz-tp-lg-paragraph brz-css-lx1E_\" data-uniq-id=\"xuihj\" data-generated-css=\"brz-css-uaiir\"><span class=\"brz-cp-color7\">DRMAK Plastic Surgeon<\/span><\/p>\n<\/div>\n<\/div>\n<\/div>\n<\/div>\n<\/div>\n<\/div>\n<\/div>\n<div id=\"\" class=\"brz-css-exng92 brz-css-1kqfyx8 brz-css-zv0878 brz-wrapper\">\n<div class=\"brz-spacer brz-css-k0xyps brz-css-1qg6f39\"><\/div>\n<\/div>\n<div id=\"\" class=\"brz-css-exng92 brz-wrapper\">\n<div class=\"brz-line brz-line-default brz-css-19cfgin brz-css-1bmjc1h\" data-brz-custom-id=\"rcakewruiotpbugnpnkpfbmwqjvoeroygdky\">\n<hr class=\"brz-hr\"><\/div>\n<\/div>\n<\/div>\n<\/div>\n<\/section>\n<\/div>\n<p>    <!-- version:1738258107 --><\/p>\n","protected":false},"excerpt":{"rendered":"<p>LIFTING DES CUISSES LIFTING DES CUISSES La chirurgie de lifting des cuisses remod\u00e8le les cuisses en r\u00e9duisant l&rsquo;exc\u00e8s de peau et de graisse, ce qui donne une peau plus lisse et des contours mieux proportionn\u00e9s des cuisses et du bas du corps. Anesth\u00e9sie : G\u00e9n\u00e9rale Dur\u00e9e du s\u00e9jour : 5 nuits Dur\u00e9e de la chirurgie [&hellip;]<\/p>\n","protected":false},"author":1,"featured_media":0,"parent":1038,"menu_order":0,"comment_status":"closed","ping_status":"closed","template":"","meta":{"footnotes":""},"class_list":["post-1092","page","type-page","status-publish","hentry"],"blocksy_meta":{"styles_descriptor":{"styles":{"desktop":"","tablet":"","mobile":""},"google_fonts":[],"version":6}},"_links":{"self":[{"href":"https:\/\/drmakclinic.com\/fr\/wp-json\/wp\/v2\/pages\/1092","targetHints":{"allow":["GET"]}}],"collection":[{"href":"https:\/\/drmakclinic.com\/fr\/wp-json\/wp\/v2\/pages"}],"about":[{"href":"https:\/\/drmakclinic.com\/fr\/wp-json\/wp\/v2\/types\/page"}],"author":[{"embeddable":true,"href":"https:\/\/drmakclinic.com\/fr\/wp-json\/wp\/v2\/users\/1"}],"replies":[{"embeddable":true,"href":"https:\/\/drmakclinic.com\/fr\/wp-json\/wp\/v2\/comments?post=1092"}],"version-history":[{"count":0,"href":"https:\/\/drmakclinic.com\/fr\/wp-json\/wp\/v2\/pages\/1092\/revisions"}],"up":[{"embeddable":true,"href":"https:\/\/drmakclinic.com\/fr\/wp-json\/wp\/v2\/pages\/1038"}],"wp:attachment":[{"href":"https:\/\/drmakclinic.com\/fr\/wp-json\/wp\/v2\/media?parent=1092"}],"curies":[{"name":"wp","href":"https:\/\/api.w.org\/{rel}","templated":true}]}}