{"id":1098,"date":"2022-08-28T20:51:43","date_gmt":"2022-08-28T17:51:43","guid":{"rendered":"https:\/\/drmakclinic.com\/?page_id=1098"},"modified":"2025-01-30T12:16:03","modified_gmt":"2025-01-30T09:16:03","slug":"vaginoplasty","status":"publish","type":"page","link":"https:\/\/drmakclinic.com\/fr\/procedures\/aesthetic-plastic-surgery\/vaginoplasty\/","title":{"rendered":"Vaginoplasty"},"content":{"rendered":"<div class=\"brz-root__container brz-reset-all brz brz-root__container-page\">\n<section id=\"_ejfkygucvqfnqnzztdxpilizhpidplcytnmn\" class=\"brz-section brz-css-enac2l\">\n<div class=\"brz-section__content brz-section--boxed brz-css-byfx8k brz-css-1j4rh64\" data-brz-custom-id=\"sglsahdixeruztudoipvhblorevknyoncoyd\">\n<div class=\"brz-bg\">\n<div class=\"brz-bg-color\"><\/div>\n<\/div>\n<div class=\"brz-container brz-css-1yiyqox\">\n<div class=\"brz-row__container brz-css-13baubm\" data-brz-custom-id=\"tpdzoaojcieqwqpnnhjnmnjaoruzvxgyzfjs\">\n<div class=\"brz-bg\"><\/div>\n<div class=\"brz-row brz-css-cixwhc brz-css-1i7i025\">\n<div class=\"brz-columns brz-css-1974loq brz-css-1uh687x\" data-brz-custom-id=\"mvypgqdxpqvcxlomqppvarcmjijxrxuhmzob\">\n<div class=\"brz-bg\"><\/div>\n<div class=\"brz-column__items brz-css-mucfn7\">\n<div id=\"\" class=\"brz-css-1b7bv6u brz-wrapper\">\n<div class=\"brz-icon-text brz-css-gbof59 brz-css-11nkhw7\" data-brz-custom-id=\"xtjrtbfcyblfpfrcmjwwehtqabvysrtjlpxy\">\n<div class=\"brz-icon__container\" data-brz-custom-id=\"iqwfstcjrvvtwqwijklxiublonwyyetmkgfh\"><span class=\"brz-icon brz-span brz-css-19x1veg brz-css-5r9aiy\"><\/span><\/div>\n<div class=\"brz-text-btn\">\n<div class=\"brz-rich-text brz-rich-text__custom brz-css-dykm9k\" data-brz-custom-id=\"ikthhdmbsyxcuosoezfxqycjwuknhsjrtbfp\">\n<div data-brz-translate-text=\"1\">\n<p class=\"brz-tp-lg-empty brz-ff-izzivsxniqvyexslaslvwzgtgnghvrxuxiru brz-ft-upload brz-fs-lg-66 brz-fss-lg-px brz-fw-lg-400 brz-ls-lg-0 brz-lh-lg-1 brz-css-yp3zZ\" data-uniq-id=\"adbem\" data-generated-css=\"brz-css-ktlbu\"><span>VAGINOPLASTIE<\/span><\/p>\n<\/div>\n<\/div>\n<\/div>\n<\/div>\n<\/div>\n<\/div>\n<\/div>\n<\/div>\n<\/div>\n<\/div>\n<\/div>\n<\/section>\n<section id=\"_bptlqaushnqhmbnzyvpjvppzzzhyebiqmydw\" class=\"brz-section brz-css-enac2l\">\n<div class=\"brz-section__content brz-section--boxed brz-css-byfx8k brz-css-7b8s08\" data-brz-custom-id=\"wrfkmkhtkkbxodiuikpiwjhtyjfizztwpllx\">\n<div class=\"brz-bg\">\n<div class=\"brz-bg-color\"><\/div>\n<\/div>\n<div class=\"brz-container brz-css-1yiyqox\">\n<div id=\"\" class=\"brz-css-1b7bv6u brz-wrapper\">\n<div class=\"brz-line brz-line-default brz-css-1p01wdd brz-css-1s1kqos\" data-brz-custom-id=\"hgqsptafxpglvywdmcsijfmiyfogiploddcp\">\n<hr class=\"brz-hr\"><\/div>\n<\/div>\n<div class=\"brz-row__container brz-css-13baubm\" data-brz-custom-id=\"kqtkopomqhkgplimthneoyouvjdvgmhyhnza\">\n<div class=\"brz-bg\"><\/div>\n<div class=\"brz-row brz-css-cixwhc brz-css-kefi2l\">\n<div class=\"brz-columns brz-css-1974loq brz-css-2wsgxp\" data-brz-custom-id=\"zyvwejrmeajiyniequmtxsvgwovtieaewbll\">\n<div class=\"brz-bg\"><\/div>\n<div class=\"brz-column__items brz-css-mucfn7 brz-css-14f4e31\">\n<div id=\"\" class=\"brz-css-1b7bv6u brz-css-1dueyrq brz-wrapper\">\n<div class=\"brz-rich-text brz-rich-text__custom brz-css-dykm9k\" data-brz-custom-id=\"heuclieormcezhcyeedkhzbwlvwrkcyfcktq\">\n<div data-brz-translate-text=\"1\">\n<p class=\"brz-tp-lg-empty brz-ff-manrope brz-ft-google brz-fs-lg-13 brz-fss-lg-px brz-fw-lg-700 brz-ls-lg-1_1 brz-lh-lg-1_5 brz-css-lzurI\" data-uniq-id=\"kxxga\" data-generated-css=\"brz-css-zkczw\"><span class=\"brz-capitalize-on\">VAGINOPLASTIE<\/span><\/p>\n<\/div>\n<\/div>\n<\/div>\n<div id=\"\" class=\"brz-css-1b7bv6u brz-css-5gn5f2 brz-wrapper\">\n<div class=\"brz-rich-text brz-rich-text__custom brz-css-dykm9k\" data-brz-custom-id=\"bunanlmdmqpaanvvtgykpsllzcfuletochrc\">\n<div data-brz-translate-text=\"1\">\n<p class=\"brz-lh-lg-1_3 brz-tp-lg-empty brz-ff-ckyztbazucvfgxnrkwthfbuhnumrbfrmhags brz-ft-upload brz-fs-lg-36 brz-fss-lg-px brz-fw-lg-400 brz-ls-lg-0 brz-css-iPCwn\" data-uniq-id=\"gngzk\" data-generated-css=\"brz-css-pxvrn\"><span class=\"brz-cp-color2\">La vaginoplastie est une proc\u00e9dure con\u00e7ue pour resserrer le vagin. <\/span><\/p>\n<\/div>\n<\/div>\n<\/div>\n<div id=\"\" class=\"brz-css-1b7bv6u brz-css-1h55lvg brz-wrapper\">\n<div class=\"brz-rich-text brz-rich-text__custom brz-css-dykm9k\" data-brz-custom-id=\"yzgibaembwehtzqpesbprltgyaamzxrfhpcx\">\n<div data-brz-translate-text=\"1\">\n<p class=\"brz-tp-lg-empty brz-ff-manrope brz-ft-google brz-fs-lg-16 brz-fss-lg-px brz-fw-lg-400 brz-ls-lg-0 brz-lh-lg-1_9 brz-mt-lg-25 brz-css-cvydO\" data-uniq-id=\"aywbo\" data-generated-css=\"brz-css-lswwt\"><span>Apr\u00e8s l&rsquo;accouchement, les femmes peuvent se plaindre de laxit\u00e9 vaginale, r\u00e9sultant de l&rsquo;\u00e9tirement des tissus et de la s\u00e9paration des muscles, parfois au point qu&rsquo;un tampon tombe, et ce manque de tonus peut contribuer au dysfonctionnement sexuel.<\/span><\/p>\n<\/div>\n<\/div>\n<\/div>\n<div id=\"\" class=\"brz-css-1b7bv6u brz-css-2fzoks brz-wrapper\">\n<div class=\"brz-spacer brz-css-4yracq brz-css-1gdk0zq\"><\/div>\n<\/div>\n<div id=\"\" class=\"brz-css-1b7bv6u brz-css-2fzoks brz-wrapper\">\n<div class=\"brz-spacer brz-css-4yracq brz-css-x3i822\"><\/div>\n<\/div>\n<div id=\"\" class=\"brz-css-1b7bv6u brz-css-1y510sa brz-wrapper\">\n<div class=\"brz-icon-text brz-css-gbof59\" data-brz-custom-id=\"tcwvldunpupysibwohtajaxhrxofqjekjggb\">\n<div class=\"brz-icon__container\" data-brz-custom-id=\"gmoxpqlstwjigrqfbzbdhzeiwmahqxyransv\"><span class=\"brz-icon brz-span brz-css-19x1veg brz-css-19lqpjf\"><\/span><\/div>\n<div class=\"brz-text-btn\">\n<div class=\"brz-rich-text brz-rich-text__custom brz-css-dykm9k\" data-brz-custom-id=\"mkylmprqwnauyhdbpcxraslptbezziaiaovq\">\n<div data-brz-translate-text=\"1\">\n<p class=\"brz-lh-xs-1_4 brz-lh-sm-1_4 brz-fs-lg-18 brz-fs-sm-17 brz-fs-xs-17 brz-ls-lg-0 brz-ls-sm-0 brz-ls-xs-0 brz-ff-arimo brz-ft-google brz-fw-lg-400 brz-fw-sm-400 brz-fw-xs-400 brz-lh-lg-1_3 brz-css-rndbO\" data-uniq-id=\"jpavw\" data-generated-css=\"brz-css-ixdzm\"><span>Anesth\u00e9sie : G\u00e9n\u00e9rale<\/span><\/p>\n<\/div>\n<\/div>\n<\/div>\n<\/div>\n<\/div>\n<div id=\"\" class=\"brz-css-1b7bv6u brz-css-2fzoks brz-wrapper\">\n<div class=\"brz-spacer brz-css-4yracq brz-css-n6kli0\"><\/div>\n<\/div>\n<div id=\"\" class=\"brz-css-1b7bv6u brz-css-1nq4o30 brz-wrapper\">\n<div class=\"brz-icon-text brz-css-gbof59\" data-brz-custom-id=\"zgrjguvfcilldmaodwjywosneialwvflbmpq\">\n<div class=\"brz-icon__container\" data-brz-custom-id=\"nykgiwiusypeclqyvsigrjzezhtllunrueqh\"><span class=\"brz-icon brz-span brz-css-19x1veg brz-css-14xl96h\"><\/span><\/div>\n<div class=\"brz-text-btn\">\n<div class=\"brz-rich-text brz-rich-text__custom brz-css-dykm9k\" data-brz-custom-id=\"osvnqurshxjnromsgsiwrafouwbeguznuwnq\">\n<div data-brz-translate-text=\"1\">\n<p class=\"brz-lh-xs-1_4 brz-fs-lg-18 brz-fs-sm-17 brz-fs-xs-17 brz-ls-lg-0 brz-ls-sm-0 brz-ls-xs-0 brz-ff-arimo brz-ft-google brz-fw-lg-400 brz-fw-sm-400 brz-fw-xs-400 brz-lh-lg-1_3 brz-lh-sm-1_4 brz-css-tQvZY\" data-generated-css=\"brz-css-rjnxy\" data-uniq-id=\"niyfj\"><span>Dur\u00e9e du s\u00e9jour : 4 nuits<\/span><\/p>\n<\/div>\n<\/div>\n<\/div>\n<\/div>\n<\/div>\n<div id=\"\" class=\"brz-css-1b7bv6u brz-css-2fzoks brz-wrapper\">\n<div class=\"brz-spacer brz-css-4yracq brz-css-e4sglx\"><\/div>\n<\/div>\n<div id=\"\" class=\"brz-css-1b7bv6u brz-css-yxlgix brz-wrapper\">\n<div class=\"brz-icon-text brz-css-gbof59\" data-brz-custom-id=\"qvxxfdiftgkcvlngingyyoknvereheeidhfj\">\n<div class=\"brz-icon__container\" data-brz-custom-id=\"toddxupebyudwzzcmohwopzkotxfmqpwyyma\"><span class=\"brz-icon brz-span brz-css-19x1veg brz-css-gh2676\"><\/span><\/div>\n<div class=\"brz-text-btn\">\n<div class=\"brz-rich-text brz-rich-text__custom brz-css-dykm9k\" data-brz-custom-id=\"lcckjmjtqijlpmidtbeyzogsviqbhffjvufn\">\n<div data-brz-translate-text=\"1\">\n<p class=\"brz-lh-xs-1_4 brz-fs-lg-18 brz-fs-sm-17 brz-fs-xs-17 brz-ls-lg-0 brz-ls-sm-0 brz-ls-xs-0 brz-ff-arimo brz-ft-google brz-fw-lg-400 brz-fw-sm-400 brz-fw-xs-400 brz-lh-lg-1_3 brz-lh-sm-1_4 brz-css-brDMV\" data-generated-css=\"brz-css-voclr\" data-uniq-id=\"zjurh\"><span>Dur\u00e9e de l&rsquo;intervention : 1 heure<\/span><\/p>\n<\/div>\n<\/div>\n<\/div>\n<\/div>\n<\/div>\n<div id=\"\" class=\"brz-css-1b7bv6u brz-css-2fzoks brz-wrapper\">\n<div class=\"brz-spacer brz-css-4yracq brz-css-rqlg4t\"><\/div>\n<\/div>\n<div id=\"\" class=\"brz-css-1b7bv6u brz-css-1f0oz2b brz-wrapper\">\n<div class=\"brz-icon-text brz-css-gbof59\" data-brz-custom-id=\"ugrlqodpmnyhsolontansllxjdcsvblfawrj\">\n<div class=\"brz-icon__container\" data-brz-custom-id=\"wqlbpwqrsmftizopycfuafxvqvinivxvjbua\"><span class=\"brz-icon brz-span brz-css-19x1veg brz-css-1s577ub\"><\/span><\/div>\n<div class=\"brz-text-btn\">\n<div class=\"brz-rich-text brz-rich-text__custom brz-css-dykm9k\" data-brz-custom-id=\"qprpdvdrxfwtlgizpzusbutrupxdaaekngyn\">\n<div data-brz-translate-text=\"1\">\n<p class=\"brz-lh-xs-1_4 brz-fs-lg-18 brz-fs-sm-17 brz-fs-xs-17 brz-ls-lg-0 brz-ls-sm-0 brz-ls-xs-0 brz-ff-arimo brz-ft-google brz-fw-lg-400 brz-fw-sm-400 brz-fw-xs-400 brz-lh-lg-1_3 brz-lh-sm-1_4 brz-css-akj7E\" data-uniq-id=\"jgemp\" data-generated-css=\"brz-css-bvfmc\"><span>Retour \u00e0 la vie normale : 2 semaines<\/span><\/p>\n<\/div>\n<\/div>\n<\/div>\n<\/div>\n<\/div>\n<div id=\"\" class=\"brz-css-1b7bv6u brz-css-2fzoks brz-wrapper\">\n<div class=\"brz-spacer brz-css-4yracq brz-css-1n0ct4g\"><\/div>\n<\/div>\n<\/div>\n<\/div>\n<div class=\"brz-columns brz-css-1974loq brz-css-1ryle2z\" data-brz-custom-id=\"tpqgttljxxxnudfawawslzhhgywgmkswpmpj\">\n<div class=\"brz-bg\"><\/div>\n<div class=\"brz-column__items brz-css-mucfn7 brz-css-15acw5y\">\n<div id=\"\" class=\"brz-css-1b7bv6u brz-css-1xfujvl brz-wrapper\">\n<div class=\"brz-image brz-css-1lr15e5 brz-css-1pzxe1y\" data-brz-custom-id=\"imctipyjxixstglbkgqgnerbzwcdluycxvlg\"><img decoding=\"async\" class=\"brz-img\" src=\"https:\/\/drmakclinic.com\/fr?brizy_media=wp-515ea4b4f4f52a901e6c096490cc4a11.png&amp;brizy_crop=original\" alt=\"\" loading=\"lazy\"><\/div>\n<\/div>\n<\/div>\n<\/div>\n<\/div>\n<\/div>\n<\/div>\n<\/div>\n<\/section>\n<section id=\"_mzjlpzbadqcpypwhzlybttgdvlnknfbznnkq\" class=\"brz-section brz-css-enac2l\">\n<div class=\"brz-section__content brz-section--boxed brz-css-byfx8k brz-css-5ua9g3\" data-brz-custom-id=\"mkflixstygygxzfkkepvrkjfcvafxhbdluva\">\n<div class=\"brz-bg\">\n<div class=\"brz-bg-color\"><\/div>\n<\/div>\n<div class=\"brz-container brz-css-1yiyqox\">\n<div id=\"\" class=\"brz-css-1b7bv6u brz-wrapper\">\n<div class=\"brz-line brz-line-default brz-css-1p01wdd brz-css-eermft\" data-brz-custom-id=\"hauwjwolnudrohwxvajnchklmwfcpqdozdxo\">\n<hr class=\"brz-hr\"><\/div>\n<\/div>\n<div class=\"brz-row__container brz-css-13baubm\" data-brz-custom-id=\"fjiqwmlyrypwelhbtijbikdjphwnsgzklmrl\">\n<div class=\"brz-bg\"><\/div>\n<div class=\"brz-row brz-css-cixwhc\">\n<div class=\"brz-columns brz-css-1974loq brz-css-q0kq78\" data-brz-custom-id=\"izlzkderdpposigblbdlojiygdduaemuixla\">\n<div class=\"brz-bg\"><\/div>\n<div class=\"brz-column__items brz-css-mucfn7\"><\/div>\n<\/div>\n<div class=\"brz-columns brz-css-1974loq brz-css-1vfia5c\" data-brz-custom-id=\"wqkigekkkuwwsxybgrplxpmydycwugayqdzs\">\n<div class=\"brz-bg\"><\/div>\n<div class=\"brz-column__items brz-css-mucfn7\">\n<div id=\"\" class=\"brz-css-1b7bv6u brz-wrapper\">\n<div class=\"brz-rich-text brz-rich-text__custom brz-css-dykm9k\" data-brz-custom-id=\"lrqffcqqeqophqxidfnsuvwlyauweqwknffe\">\n<div data-brz-translate-text=\"1\">\n<p class=\"brz-fs-lg-22 brz-ft-upload brz-ff-ckyztbazucvfgxnrkwthfbuhnumrbfrmhags brz-tp-lg-empty brz-lh-lg-1_9 brz-ls-lg-0 brz-fw-lg-400 brz-fss-lg-px brz-css-hHLhh\" data-generated-css=\"brz-css-iemjl\" data-uniq-id=\"qfpwe\"><span>A quoi sert une vaginoplastie ?<\/span><\/p>\n<\/div>\n<\/div>\n<\/div>\n<div id=\"\" class=\"brz-css-1b7bv6u brz-css-17271e3 brz-wrapper\">\n<div class=\"brz-rich-text brz-rich-text__custom brz-css-dykm9k\" data-brz-custom-id=\"ldqnndivifmqtvchjcgddslboijrbgfobuqe\">\n<div data-brz-translate-text=\"1\">\n<p class=\"brz-lh-lg-1_9 brz-ls-lg-0 brz-fw-lg-400 brz-fss-lg-px brz-fs-lg-16 brz-ft-google brz-ff-manrope brz-tp-lg-empty brz-css-k_GQN\" data-generated-css=\"brz-css-oonqh\" data-uniq-id=\"qnvti\"><span>Une vaginoplastie rassemble les muscles s\u00e9par\u00e9s et la peau de la muqueuse suppl\u00e9mentaire de l&rsquo;arri\u00e8re du vagin est retir\u00e9e. La peau externe peut \u00e9galement \u00eatre retir\u00e9e pour un aspect plus esth\u00e9tique.<\/span><\/p>\n<\/div>\n<\/div>\n<\/div>\n<div id=\"\" class=\"brz-css-1b7bv6u brz-wrapper\">\n<div class=\"brz-rich-text brz-rich-text__custom brz-css-dykm9k\" data-brz-custom-id=\"gctiknzutemdktxuijgntdbhxrdvlwurodyq\">\n<div data-brz-translate-text=\"1\">\n<p class=\"brz-fss-lg-px brz-fw-lg-400 brz-ls-lg-0 brz-lh-lg-1_9 brz-tp-lg-empty brz-ff-ckyztbazucvfgxnrkwthfbuhnumrbfrmhags brz-ft-upload brz-fs-lg-22 brz-css-uKkIB\" data-uniq-id=\"ayoin\" data-generated-css=\"brz-css-yamcz\"><span>Proc\u00e9dure de vaginoplastie<\/span><\/p>\n<\/div>\n<\/div>\n<\/div>\n<div id=\"\" class=\"brz-css-1b7bv6u brz-css-131ym8n brz-wrapper\">\n<div class=\"brz-rich-text brz-rich-text__custom brz-css-dykm9k\" data-brz-custom-id=\"zvnrlodteuqcyixsmamcxzssegowvyqxycqr\">\n<div data-brz-translate-text=\"1\">\n<p class=\"brz-lh-lg-1_9 brz-ls-lg-0 brz-fw-lg-400 brz-fss-lg-px brz-fs-lg-16 brz-ft-google brz-ff-manrope brz-tp-lg-empty brz-css-qfI2v\" data-generated-css=\"brz-css-fivss\" data-uniq-id=\"cgqbf\"><span>Une fois que la quantit\u00e9 de serrage \u00e0 faire est d\u00e9termin\u00e9e, un coin en forme de tarte est marqu\u00e9 pour d\u00e9limiter la peau suppl\u00e9mentaire \u00e0 retirer de l&rsquo;int\u00e9rieur du vagin. Sous la peau, les tissus sont resserr\u00e9s par de fortes sutures. Une fois que le canal vaginal a \u00e9t\u00e9 resserr\u00e9, la peau de la muqueuse est ferm\u00e9e par suture. S&rsquo;il y a de la peau externe qui d\u00e9passe, celle-ci peut \u00e9galement \u00eatre r\u00e9duite pour un r\u00e9sultat plus esth\u00e9tique.<\/span><\/p>\n<\/div>\n<\/div>\n<\/div>\n<div id=\"\" class=\"brz-css-1b7bv6u brz-wrapper\">\n<div class=\"brz-rich-text brz-rich-text__custom brz-css-dykm9k\" data-brz-custom-id=\"qkaxcwddmxsjolkrhojmyzrhdesvccyxtitq\">\n<div data-brz-translate-text=\"1\">\n<p class=\"brz-fs-lg-22 brz-ft-upload brz-ff-ckyztbazucvfgxnrkwthfbuhnumrbfrmhags brz-tp-lg-empty brz-lh-lg-1_9 brz-ls-lg-0 brz-fw-lg-400 brz-fss-lg-px brz-css-py6j8\" data-generated-css=\"brz-css-otuep\" data-uniq-id=\"jfnpn\"><span>Se remettre d&rsquo;une vaginoplastie<\/span><\/p>\n<\/div>\n<\/div>\n<\/div>\n<div id=\"\" class=\"brz-css-1b7bv6u brz-css-6uz3sa brz-wrapper\">\n<div class=\"brz-rich-text brz-rich-text__custom brz-css-dykm9k\" data-brz-custom-id=\"mdnngjgkzgamtnxcbyfxkbmwajegrbbafozo\">\n<div data-brz-translate-text=\"1\">\n<p class=\"brz-tp-lg-empty brz-ff-manrope brz-ft-google brz-fs-lg-16 brz-fss-lg-px brz-fw-lg-400 brz-ls-lg-0 brz-lh-lg-1_9 brz-css-f7EI5\" data-uniq-id=\"wcyzh\" data-generated-css=\"brz-css-pminb\"><span>Les patients peuvent avoir une \u00e0 deux semaines de temps d&rsquo;arr\u00eat. Ils peuvent ressentir des douleurs pendant les premiers jours et il n&rsquo;y a pas d&rsquo;utilisation de tampon ni de rapport sexuel pendant 4 semaines.<\/span><\/p>\n<\/div>\n<\/div>\n<\/div>\n<div id=\"\" class=\"brz-css-1b7bv6u brz-wrapper\">\n<div class=\"brz-rich-text brz-rich-text__custom brz-css-dykm9k\" data-brz-custom-id=\"ljcyxlveskawhaseevsetocwaqasgmvmwsnp\">\n<div data-brz-translate-text=\"1\">\n<p class=\"brz-mt-lg-34 brz-lh-lg-1_9 brz-ls-lg-0 brz-fw-lg-400 brz-fss-lg-px brz-fs-lg-22 brz-ft-upload brz-ff-ckyztbazucvfgxnrkwthfbuhnumrbfrmhags brz-tp-lg-empty brz-css-yNoGv\" data-uniq-id=\"hjjpx\" data-generated-css=\"brz-css-swfgq\"><span>Avant vos traitements, vous devrez peut-\u00eatre \u00e9galement :<\/span><\/p>\n<\/div>\n<\/div>\n<\/div>\n<div id=\"\" class=\"brz-css-1b7bv6u brz-css-17zs9um brz-wrapper\">\n<div class=\"brz-icon-text brz-css-gbof59\" data-brz-custom-id=\"hdcerbozkvfagkzerlmygacuxtcvuejoextd\">\n<div class=\"brz-icon__container\" data-brz-custom-id=\"tgztfpvkplccskxzzronhmceiaveywbrmsac\"><span class=\"brz-icon brz-span brz-css-19x1veg brz-css-1per902\"><\/span><\/div>\n<div class=\"brz-text-btn\">\n<div class=\"brz-rich-text brz-rich-text__custom brz-css-dykm9k\" data-brz-custom-id=\"kcalillwkltgbdsoiqrmdorbllxxyimcxkxp\">\n<div data-brz-translate-text=\"1\">\n<p class=\"brz-lh-xs-1_4 brz-fs-lg-18 brz-fs-sm-17 brz-fs-xs-17 brz-ls-lg-0 brz-ls-sm-0 brz-ls-xs-0 brz-ff-arimo brz-ft-google brz-fw-lg-400 brz-fw-sm-400 brz-fw-xs-400 brz-lh-lg-1_3 brz-lh-sm-1_4 brz-css-w1CIO\" data-uniq-id=\"kryys\" data-generated-css=\"brz-css-wfwqe\"><span>Arr\u00eater de fumer. Fumer diminue le flux sanguin dans la peau et peut ralentir le processus de gu\u00e9rison. Si vous fumez, le Dr Mak vous recommandera d&rsquo;arr\u00eater de fumer avant la chirurgie et pendant la convalescence.<\/span><\/p>\n<\/div>\n<\/div>\n<\/div>\n<\/div>\n<\/div>\n<div id=\"\" class=\"brz-css-1b7bv6u brz-css-2fzoks brz-wrapper\">\n<div class=\"brz-spacer brz-css-4yracq brz-css-1oug9u6\"><\/div>\n<\/div>\n<div id=\"\" class=\"brz-css-1b7bv6u brz-css-d6whns brz-wrapper\">\n<div class=\"brz-icon-text brz-css-gbof59\" data-brz-custom-id=\"kzliocsetklbyvctbaunkfwacgfryzjooktn\">\n<div class=\"brz-icon__container\" data-brz-custom-id=\"jqghsbpgxlhbcdpxzfasktuhrofnvjjvnwas\"><span class=\"brz-icon brz-span brz-css-19x1veg brz-css-1owmetp\"><\/span><\/div>\n<div class=\"brz-text-btn\">\n<div class=\"brz-rich-text brz-rich-text__custom brz-css-dykm9k\" data-brz-custom-id=\"ztggkuvtzpjkhuqvjlulwebjcxyqkipnkinj\">\n<div data-brz-translate-text=\"1\">\n<p class=\"brz-lh-sm-1_4 brz-lh-lg-1_3 brz-fw-xs-400 brz-fw-sm-400 brz-fw-lg-400 brz-ft-google brz-ff-arimo brz-ls-xs-0 brz-ls-sm-0 brz-ls-lg-0 brz-fs-xs-17 brz-fs-sm-17 brz-fs-lg-18 brz-lh-xs-1_4 brz-css-x7Z_5\" data-generated-css=\"brz-css-hgghl\" data-uniq-id=\"wsrtn\"><span>\u00c9vitez certains m\u00e9dicaments. Vous devrez probablement \u00e9viter de prendre de l&rsquo;aspirine, des anti-inflammatoires, des anabolisants et des suppl\u00e9ments \u00e0 base de plantes, qui peuvent augmenter les saignements.<\/span><\/p>\n<\/div>\n<\/div>\n<\/div>\n<\/div>\n<\/div>\n<\/div>\n<\/div>\n<div class=\"brz-columns brz-css-1974loq brz-css-1yg8kc2\" data-brz-custom-id=\"srlbpcsxewhmvipqmyfkqtktannpgpsoaytx\">\n<div class=\"brz-bg\"><\/div>\n<div class=\"brz-column__items brz-css-mucfn7\"><\/div>\n<\/div>\n<\/div>\n<\/div>\n<\/div>\n<\/div>\n<\/section>\n<section id=\"_mfmhyvqkoihyiqdbgfdkplrusqlbnhvvilrd\" class=\"brz-section brz-css-enac2l\">\n<div class=\"brz-section__content brz-section--boxed brz-css-byfx8k brz-css-1srgiz9\" data-brz-custom-id=\"vfkgdebzrelprrfhxiqvepznvdclakichjed\">\n<div class=\"brz-bg\">\n<div class=\"brz-bg-color\"><\/div>\n<\/div>\n<div class=\"brz-container brz-css-1yiyqox\">\n<div id=\"\" class=\"brz-css-1b7bv6u brz-wrapper\">\n<div class=\"brz-line brz-line-default brz-css-1p01wdd brz-css-1hjn62\" data-brz-custom-id=\"fotisfkhwjtdiziodenjwqhwotrsnhzatmfb\">\n<hr class=\"brz-hr\"><\/div>\n<\/div>\n<div id=\"\" class=\"brz-css-1b7bv6u brz-css-2fzoks brz-wrapper\">\n<div class=\"brz-spacer brz-css-4yracq brz-css-u9i7z6\"><\/div>\n<\/div>\n<div class=\"brz-row__container brz-css-13baubm\" data-brz-custom-id=\"qevianxvmcdzanaxssmvrquervwsqkvmbmwd\">\n<div class=\"brz-bg\"><\/div>\n<div class=\"brz-row brz-css-cixwhc brz-css-kefi2l\">\n<div class=\"brz-columns brz-css-1974loq brz-css-1v2qxkj\" data-brz-custom-id=\"xfnsnmdlwqmhfdkddpfsrjfjrsqpfamzxttl\">\n<div class=\"brz-bg\"><\/div>\n<div class=\"brz-column__items brz-css-mucfn7 brz-css-1wdvtz1\">\n<div id=\"\" class=\"brz-css-1b7bv6u brz-css-1jlzfh5 brz-wrapper\">\n<div class=\"brz-image brz-css-1n96d7k brz-css-1o630dn\" data-brz-custom-id=\"whnlmihuwbaipelhvpbxowiwpnnwspmusrgr\"><img decoding=\"async\" class=\"brz-img\" src=\"https:\/\/drmakclinic.com\/fr?brizy_media=wp-9b7486b9d786a0648588605ea135d33b.jpg&amp;brizy_crop=iW%3D316%26iH%3D211%26oX%3D90%26oY%3D23%26cW%3D105%26cH%3D106\" alt=\"\" loading=\"lazy\"><\/div>\n<\/div>\n<\/div>\n<\/div>\n<div class=\"brz-columns brz-css-1974loq brz-css-lq50xe\" data-brz-custom-id=\"pzqgibzlgcxnpymmhadetkkyzliuhmqnzqbk\">\n<div class=\"brz-bg\"><\/div>\n<div class=\"brz-column__items brz-css-mucfn7 brz-css-9yv6xu\">\n<div id=\"\" class=\"brz-css-1b7bv6u brz-wrapper\">\n<div class=\"brz-rich-text brz-rich-text__custom brz-css-dykm9k\" data-brz-custom-id=\"ujjgufsnppdgvstdkxfpvyuevujevuoiiyae\">\n<div data-brz-translate-text=\"1\">\n<p data-uniq-id=\"egydo\" data-generated-css=\"brz-css-trizt\" class=\"brz-tp-lg-empty brz-ff-ckyztbazucvfgxnrkwthfbuhnumrbfrmhags brz-ft-upload brz-fs-lg-24 brz-fss-lg-px brz-fw-lg-400 brz-ls-lg-0 brz-lh-lg-1_5 brz-css-wtyQk\">As you begin your journey toward considering plastic surgery and other cosmetic enhancements , my goal as your plastic surgeon is to provide you the highest quality of care throughout the entire process.<\/p>\n<\/div>\n<\/div>\n<\/div>\n<div id=\"\" class=\"brz-css-1b7bv6u brz-css-2fzoks brz-css-1dlzqcc brz-wrapper\">\n<div class=\"brz-spacer brz-css-4yracq brz-css-9twq2b\"><\/div>\n<\/div>\n<div id=\"\" class=\"brz-css-1b7bv6u brz-css-1f00eym brz-wrapper\">\n<div class=\"brz-rich-text brz-rich-text__custom brz-css-dykm9k\" data-brz-custom-id=\"pbcwffkbsmarjnhtqpuiudjyuwpwndjsvbcx\">\n<div data-brz-translate-text=\"1\">\n<p class=\"brz-text-xs-center brz-tp-lg-heading4 brz-css-rS6gY\" data-uniq-id=\"mrayu\" data-generated-css=\"brz-css-yakzy\"><strong class=\"brz-cp-color2\">Dr. Mehmet Arif Karag\u00f6z<\/strong><\/p>\n<\/div>\n<\/div>\n<\/div>\n<div id=\"\" class=\"brz-css-1b7bv6u brz-css-1480pfv brz-wrapper\">\n<div class=\"brz-rich-text brz-rich-text__custom brz-css-dykm9k\" data-brz-custom-id=\"evryuucfjhceeplfdfqmdsrnhvazudgrfzqu\">\n<div data-brz-translate-text=\"1\">\n<p class=\"brz-text-xs-center brz-tp-lg-paragraph brz-css-dcIx6\" data-uniq-id=\"xuihj\" data-generated-css=\"brz-css-uaiir\"><span class=\"brz-cp-color7\">DRMAK Plastic Surgeon<\/span><\/p>\n<\/div>\n<\/div>\n<\/div>\n<\/div>\n<\/div>\n<\/div>\n<\/div>\n<div id=\"\" class=\"brz-css-1b7bv6u brz-css-2fzoks brz-css-lhqgya brz-wrapper\">\n<div class=\"brz-spacer brz-css-4yracq brz-css-16djmhx\"><\/div>\n<\/div>\n<div id=\"\" class=\"brz-css-1b7bv6u brz-wrapper\">\n<div class=\"brz-line brz-line-default brz-css-1p01wdd brz-css-1qiu0pa\" data-brz-custom-id=\"pczptcilwecfzmuuvliyfsjjoepcsirtgkdm\">\n<hr class=\"brz-hr\"><\/div>\n<\/div>\n<\/div>\n<\/div>\n<\/section>\n<\/div>\n<p>    <!-- version:1738228563 --><\/p>\n","protected":false},"excerpt":{"rendered":"<p>VAGINOPLASTIE VAGINOPLASTIE La vaginoplastie est une proc\u00e9dure con\u00e7ue pour resserrer le vagin. Apr\u00e8s l&rsquo;accouchement, les femmes peuvent se plaindre de laxit\u00e9 vaginale, r\u00e9sultant de l&rsquo;\u00e9tirement des tissus et de la s\u00e9paration des muscles, parfois au point qu&rsquo;un tampon tombe, et ce manque de tonus peut contribuer au dysfonctionnement sexuel. Anesth\u00e9sie : G\u00e9n\u00e9rale Dur\u00e9e du s\u00e9jour [&hellip;]<\/p>\n","protected":false},"author":1,"featured_media":0,"parent":1038,"menu_order":0,"comment_status":"closed","ping_status":"closed","template":"","meta":{"footnotes":""},"class_list":["post-1098","page","type-page","status-publish","hentry"],"blocksy_meta":{"styles_descriptor":{"styles":{"desktop":"","tablet":"","mobile":""},"google_fonts":[],"version":6}},"_links":{"self":[{"href":"https:\/\/drmakclinic.com\/fr\/wp-json\/wp\/v2\/pages\/1098","targetHints":{"allow":["GET"]}}],"collection":[{"href":"https:\/\/drmakclinic.com\/fr\/wp-json\/wp\/v2\/pages"}],"about":[{"href":"https:\/\/drmakclinic.com\/fr\/wp-json\/wp\/v2\/types\/page"}],"author":[{"embeddable":true,"href":"https:\/\/drmakclinic.com\/fr\/wp-json\/wp\/v2\/users\/1"}],"replies":[{"embeddable":true,"href":"https:\/\/drmakclinic.com\/fr\/wp-json\/wp\/v2\/comments?post=1098"}],"version-history":[{"count":0,"href":"https:\/\/drmakclinic.com\/fr\/wp-json\/wp\/v2\/pages\/1098\/revisions"}],"up":[{"embeddable":true,"href":"https:\/\/drmakclinic.com\/fr\/wp-json\/wp\/v2\/pages\/1038"}],"wp:attachment":[{"href":"https:\/\/drmakclinic.com\/fr\/wp-json\/wp\/v2\/media?parent=1098"}],"curies":[{"name":"wp","href":"https:\/\/api.w.org\/{rel}","templated":true}]}}