{"id":1113,"date":"2022-08-28T20:53:21","date_gmt":"2022-08-28T17:53:21","guid":{"rendered":"https:\/\/drmakclinic.com\/?page_id=1113"},"modified":"2025-01-29T16:26:47","modified_gmt":"2025-01-29T13:26:47","slug":"hair-transplants","status":"publish","type":"page","link":"https:\/\/drmakclinic.com\/fr\/procedures\/hair-transplants\/","title":{"rendered":"Hair Transplants"},"content":{"rendered":"<div class=\"brz-root__container brz-reset-all brz brz-root__container-page\">\n<section id=\"_jhyifmnujgcwmilfcfjjnyemuslswzvnrayy\" class=\"brz-section brz-css-1qn5p82\">\n<div class=\"brz-section__content brz-section--boxed brz-css-1x0ikkd brz-css-1529kv3\" data-brz-custom-id=\"uawmqvekouvpmvuzawfmpdsdwgitzbtjhqsm\">\n<div class=\"brz-bg\">\n<div class=\"brz-bg-color\"><\/div>\n<\/div>\n<div class=\"brz-container brz-css-1rjbheg\">\n<div class=\"brz-row__container brz-css-vwgsyh\" data-brz-custom-id=\"zkgohuzpsxzxjmkyonrmbfzvdfnduqucipfh\">\n<div class=\"brz-bg\"><\/div>\n<div class=\"brz-row brz-css-1gnf37a brz-css-13h8og8\">\n<div class=\"brz-columns brz-css-1rpkndr brz-css-1ualt4\" data-brz-custom-id=\"zapcghlyiqxwjhynsgescovknzdsqndlstsi\">\n<div class=\"brz-bg\"><\/div>\n<div class=\"brz-column__items brz-css-1ttz38j\">\n<div id=\"\" class=\"brz-css-10cjua7 brz-wrapper\">\n<div class=\"brz-icon-text brz-css-b2m98b brz-css-nzjqml\" data-brz-custom-id=\"jdxkkfygyoyqxcablloqknfbotfflvglzpya\">\n<div class=\"brz-icon__container\" data-brz-custom-id=\"nvnkilijtnawmeiqhpivplhduxdntihwfyeu\"><span class=\"brz-icon brz-span brz-css-cjvjtz brz-css-17lmiu4\"><\/span><\/div>\n<div class=\"brz-text-btn\">\n<div class=\"brz-rich-text brz-rich-text__custom brz-css-zg7mm1\" data-brz-custom-id=\"ufsgjyrpondxscbisorrptddecixaishqosw\">\n<div data-brz-translate-text=\"1\">\n<p class=\"brz-tp-lg-empty brz-ff-izzivsxniqvyexslaslvwzgtgnghvrxuxiru brz-ft-upload brz-fs-lg-66 brz-fss-lg-px brz-fw-lg-400 brz-ls-lg-0 brz-lh-lg-1 brz-css-c1JvS\" data-uniq-id=\"olkxo\" data-generated-css=\"brz-css-znuut\"><span>GREFFE DE CHEVEUX<\/span><\/p>\n<\/div>\n<\/div>\n<\/div>\n<\/div>\n<\/div>\n<\/div>\n<\/div>\n<\/div>\n<\/div>\n<\/div>\n<\/div>\n<\/section>\n<section id=\"_zwetwusdoyirzqnrbzsiwkwgmztyqtaxvkcd\" class=\"brz-section brz-css-1qn5p82\">\n<div class=\"brz-section__content brz-section--boxed brz-css-1x0ikkd brz-css-33ceee\" data-brz-custom-id=\"fzjuxqiepaacnsxzdqldmtxikkcbkrfegcit\">\n<div class=\"brz-bg\">\n<div class=\"brz-bg-color\"><\/div>\n<\/div>\n<div class=\"brz-container brz-css-1rjbheg\">\n<div id=\"\" class=\"brz-css-10cjua7 brz-wrapper\">\n<div class=\"brz-line brz-line-default brz-css-8e1ibl brz-css-1adie5g\" data-brz-custom-id=\"gqcnwjwuqogxyprayvofcmunzymfjgemnvgn\">\n<hr class=\"brz-hr\"><\/div>\n<\/div>\n<div class=\"brz-row__container brz-css-vwgsyh\" data-brz-custom-id=\"bbxeuczpauwrprfcrfribleumskabthozhyf\">\n<div class=\"brz-bg\"><\/div>\n<div class=\"brz-row brz-css-1gnf37a brz-css-1ohus5g\">\n<div class=\"brz-columns brz-css-1rpkndr brz-css-t121da\" data-brz-custom-id=\"rwovnurzhzkonscaudojzcmjzbyxhpptcdfs\">\n<div class=\"brz-bg\"><\/div>\n<div class=\"brz-column__items brz-css-1ttz38j brz-css-1a7buge\">\n<div id=\"\" class=\"brz-css-10cjua7 brz-css-10ex901 brz-wrapper\">\n<div class=\"brz-rich-text brz-rich-text__custom brz-css-zg7mm1\" data-brz-custom-id=\"dbgeawagopsefeoxjjokrvfyscjdvlylwkfe\">\n<div data-brz-translate-text=\"1\">\n<p class=\"brz-lh-lg-1_5 brz-ls-lg-1_1 brz-fw-lg-700 brz-fss-lg-px brz-fs-lg-13 brz-ft-google brz-ff-manrope brz-tp-lg-empty brz-css-ktBRX\" data-generated-css=\"brz-css-xrcay\" data-uniq-id=\"wmsai\"><span class=\"brz-capitalize-on\">Greffe de cheveux DHI<\/span><\/p>\n<\/div>\n<\/div>\n<\/div>\n<div id=\"\" class=\"brz-css-10cjua7 brz-css-pwpk1m brz-wrapper\">\n<div class=\"brz-rich-text brz-rich-text__custom brz-css-zg7mm1\" data-brz-custom-id=\"abzkymsjoqdafhkugfvuhoihznxldvrvepve\">\n<div data-brz-translate-text=\"1\">\n<p class=\"brz-ls-lg-0 brz-fw-lg-400 brz-fss-lg-px brz-fs-lg-36 brz-ft-upload brz-ff-ckyztbazucvfgxnrkwthfbuhnumrbfrmhags brz-tp-lg-empty brz-lh-lg-1_3 brz-css-dcqiT\" data-generated-css=\"brz-css-ulfxw\" data-uniq-id=\"uuirh\"><span class=\"brz-cp-color2\">DHI Hair est l&rsquo;une des m\u00e9thodes de transplantation les plus recherch\u00e9es et les plus populaires par les patients potentiels qui souhaitent subir une greffe de cheveux aujourd&rsquo;hui.<\/span><\/p>\n<\/div>\n<\/div>\n<\/div>\n<div id=\"\" class=\"brz-css-10cjua7 brz-css-1x7e9zg brz-wrapper\">\n<div class=\"brz-spacer brz-css-1snzvdi brz-css-m8gnw9\"><\/div>\n<\/div>\n<div id=\"\" class=\"brz-css-10cjua7 brz-css-1106k6b brz-wrapper\">\n<div class=\"brz-rich-text brz-rich-text__custom brz-css-zg7mm1\" data-brz-custom-id=\"jjzbjxgbbjqdpdzbuhehjopbnbhjtdwktejp\">\n<div data-brz-translate-text=\"1\">\n<p class=\"brz-tp-lg-empty brz-ff-manrope brz-ft-google brz-fs-lg-16 brz-fss-lg-px brz-fw-lg-400 brz-ls-lg-0 brz-lh-lg-1_9 brz-css-sS_y4\" data-uniq-id=\"zymwb\" data-generated-css=\"brz-css-oklqp\"><span>Les greffons pr\u00e9lev\u00e9s dans la zone donneuse par la technique capillaire micro FUE peuvent \u00eatre directement transplant\u00e9s dans la zone de transplantation sans micro-incision classique ni ouverture de canal.<\/span><\/p>\n<\/div>\n<\/div>\n<\/div>\n<div id=\"\" class=\"brz-css-10cjua7 brz-css-1x7e9zg brz-wrapper\">\n<div class=\"brz-spacer brz-css-1snzvdi brz-css-259fmr\"><\/div>\n<\/div>\n<div id=\"\" class=\"brz-css-10cjua7 brz-css-lim6ue brz-wrapper\">\n<div class=\"brz-icon-text brz-css-b2m98b\" data-brz-custom-id=\"wntajpltbsfzqszabxamzqbszjtxhbnjnvlj\">\n<div class=\"brz-icon__container\" data-brz-custom-id=\"jhtkezxtophfriytjzipsaqzzcupetlpowqf\"><span class=\"brz-icon brz-span brz-css-cjvjtz brz-css-5u3utk\"><\/span><\/div>\n<div class=\"brz-text-btn\">\n<div class=\"brz-rich-text brz-rich-text__custom brz-css-zg7mm1\" data-brz-custom-id=\"kjsjsiqgoovghixwyjcajhsfdhvsulvwxedv\">\n<div data-brz-translate-text=\"1\">\n<p class=\"brz-lh-xs-1_4 brz-lh-sm-1_4 brz-fs-lg-18 brz-fs-sm-17 brz-fs-xs-17 brz-ls-lg-0 brz-ls-sm-0 brz-ls-xs-0 brz-ff-arimo brz-ft-google brz-fw-lg-400 brz-fw-sm-400 brz-fw-xs-400 brz-lh-lg-1_3 brz-css-v2g1Z\" data-uniq-id=\"fgtzf\" data-generated-css=\"brz-css-rkqlf\"><span>Anesth\u00e9sie &#8211; Locale<\/span><\/p>\n<\/div>\n<\/div>\n<\/div>\n<\/div>\n<\/div>\n<div id=\"\" class=\"brz-css-10cjua7 brz-css-1x7e9zg brz-wrapper\">\n<div class=\"brz-spacer brz-css-1snzvdi brz-css-rhts9y\"><\/div>\n<\/div>\n<div id=\"\" class=\"brz-css-10cjua7 brz-css-1qtqgjs brz-wrapper\">\n<div class=\"brz-icon-text brz-css-b2m98b\" data-brz-custom-id=\"gvuchftbkpnnrlziwjgxsazyewthnfyloyyq\">\n<div class=\"brz-icon__container\" data-brz-custom-id=\"qsxmrvmmgnemopgwsvconguqttefgpszxmgi\"><span class=\"brz-icon brz-span brz-css-cjvjtz brz-css-16jbdqq\"><\/span><\/div>\n<div class=\"brz-text-btn\">\n<div class=\"brz-rich-text brz-rich-text__custom brz-css-zg7mm1\" data-brz-custom-id=\"xoeknaoykqhnxvmeipxsuiogvckffwgdlidp\">\n<div data-brz-translate-text=\"1\">\n<p class=\"brz-lh-sm-1_4 brz-lh-lg-1_3 brz-fw-xs-400 brz-fw-sm-400 brz-fw-lg-400 brz-ft-google brz-ff-arimo brz-ls-xs-0 brz-ls-sm-0 brz-ls-lg-0 brz-fs-xs-17 brz-fs-sm-17 brz-fs-lg-18 brz-lh-xs-1_4 brz-css-m8Quf\" data-uniq-id=\"wfrby\" data-generated-css=\"brz-css-udsgr\"><span>Dur\u00e9e du s\u00e9jour &#8211; 3 nuits<\/span><\/p>\n<\/div>\n<\/div>\n<\/div>\n<\/div>\n<\/div>\n<div id=\"\" class=\"brz-css-10cjua7 brz-css-1x7e9zg brz-wrapper\">\n<div class=\"brz-spacer brz-css-1snzvdi brz-css-msfh58\"><\/div>\n<\/div>\n<div id=\"\" class=\"brz-css-10cjua7 brz-css-1fkn2x brz-wrapper\">\n<div class=\"brz-icon-text brz-css-b2m98b\" data-brz-custom-id=\"dqfoaaajxmxtrybkboibxfpoxefqopkqstjt\">\n<div class=\"brz-icon__container\" data-brz-custom-id=\"zptrbxqmpimfufhivfnulidaqbygyubljswh\"><span class=\"brz-icon brz-span brz-css-cjvjtz brz-css-rhi2bb\"><\/span><\/div>\n<div class=\"brz-text-btn\">\n<div class=\"brz-rich-text brz-rich-text__custom brz-css-zg7mm1\" data-brz-custom-id=\"uncjejyungbeezhorexldvmhmczebkdermmb\">\n<div data-brz-translate-text=\"1\">\n<p class=\"brz-lh-sm-1_4 brz-lh-lg-1_3 brz-fw-xs-400 brz-fw-sm-400 brz-fw-lg-400 brz-ft-google brz-ff-arimo brz-ls-xs-0 brz-ls-sm-0 brz-ls-lg-0 brz-fs-xs-17 brz-fs-sm-17 brz-fs-lg-18 brz-lh-xs-1_4 brz-css-iC8iU\" data-uniq-id=\"djctm\" data-generated-css=\"brz-css-lkmxz\"><span>Dur\u00e9e de fonctionnement &#8211; 5-6 heures<\/span><\/p>\n<\/div>\n<\/div>\n<\/div>\n<\/div>\n<\/div>\n<div id=\"\" class=\"brz-css-10cjua7 brz-css-1x7e9zg brz-wrapper\">\n<div class=\"brz-spacer brz-css-1snzvdi brz-css-blflz3\"><\/div>\n<\/div>\n<div id=\"\" class=\"brz-css-10cjua7 brz-css-3untig brz-wrapper\">\n<div class=\"brz-icon-text brz-css-b2m98b\" data-brz-custom-id=\"hmnsucfhudfhsfudoqjedaprxlwdvuckhflz\">\n<div class=\"brz-icon__container\" data-brz-custom-id=\"lacuhdmtkhuwpreholosazxrdqnilhnzpqpg\"><span class=\"brz-icon brz-span brz-css-cjvjtz brz-css-c2pd7g\"><\/span><\/div>\n<div class=\"brz-text-btn\">\n<div class=\"brz-rich-text brz-rich-text__custom brz-css-zg7mm1\" data-brz-custom-id=\"alovpfeawvtxxzkgbsomwqkapunigckzbhef\">\n<div data-brz-translate-text=\"1\">\n<p class=\"brz-lh-xs-1_4 brz-fs-lg-18 brz-fs-sm-17 brz-fs-xs-17 brz-ls-lg-0 brz-ls-sm-0 brz-ls-xs-0 brz-ff-arimo brz-ft-google brz-fw-lg-400 brz-fw-sm-400 brz-fw-xs-400 brz-lh-lg-1_3 brz-lh-sm-1_4 brz-css-tIHz5\" data-uniq-id=\"ixpki\" data-generated-css=\"brz-css-rewmp\"><span>Retour \u00e0 la vie normale &#8211; 1 semaine<\/span><\/p>\n<\/div>\n<\/div>\n<\/div>\n<\/div>\n<\/div>\n<div id=\"\" class=\"brz-css-10cjua7 brz-css-1x7e9zg brz-wrapper\">\n<div class=\"brz-spacer brz-css-1snzvdi brz-css-1tv2z2k\"><\/div>\n<\/div>\n<\/div>\n<\/div>\n<div class=\"brz-columns brz-css-1rpkndr brz-css-1rqge4t\" data-brz-custom-id=\"jwejnnjmketranrwwlilmltggrxupqhcqcgh\">\n<div class=\"brz-bg\"><\/div>\n<div class=\"brz-column__items brz-css-1ttz38j brz-css-1q2w94m\">\n<div id=\"\" class=\"brz-css-10cjua7 brz-css-1lzvac6 brz-wrapper\">\n<div class=\"brz-image brz-css-1mbn1kp brz-css-1hjqyex\" data-brz-custom-id=\"yiuokfsnzyzrdlkbbsqgljfnmckaljpgchae\"><img decoding=\"async\" class=\"brz-img\" src=\"https:\/\/drmakclinic.com\/fr?brizy_media=wp-c5f2563855fa54d37eccdce8d40c16b1.png&amp;brizy_crop=original\" alt=\"\" loading=\"lazy\"><\/div>\n<\/div>\n<\/div>\n<\/div>\n<\/div>\n<\/div>\n<\/div>\n<\/div>\n<\/section>\n<section id=\"_sxgeutgtmxpgtbjlzcvjtwcupwglccdmdpel\" class=\"brz-section brz-css-1qn5p82\">\n<div class=\"brz-section__content brz-section--boxed brz-css-1x0ikkd brz-css-1nt5ewt\" data-brz-custom-id=\"mzdhuqhbljtucjekjhssrrtrshkceqyxqaiq\">\n<div class=\"brz-bg\">\n<div class=\"brz-bg-color\"><\/div>\n<\/div>\n<div class=\"brz-container brz-css-1rjbheg\">\n<div id=\"\" class=\"brz-css-10cjua7 brz-wrapper\">\n<div class=\"brz-line brz-line-default brz-css-8e1ibl brz-css-1g1f7kc\" data-brz-custom-id=\"megmnuhloitpzblbufsypnfzqeltutkeofdx\">\n<hr class=\"brz-hr\"><\/div>\n<\/div>\n<div class=\"brz-row__container brz-css-vwgsyh\" data-brz-custom-id=\"ctfjdjuvsgfnwtlwpipjjxapfrjwyswzytqj\">\n<div class=\"brz-bg\"><\/div>\n<div class=\"brz-row brz-css-1gnf37a\">\n<div class=\"brz-columns brz-css-1rpkndr brz-css-13jv0tc\" data-brz-custom-id=\"tntxngppzhwcdkxhcaapzqtxxbvinmlpmctn\">\n<div class=\"brz-bg\"><\/div>\n<div class=\"brz-column__items brz-css-1ttz38j\"><\/div>\n<\/div>\n<div class=\"brz-columns brz-css-1rpkndr brz-css-drq2p1\" data-brz-custom-id=\"ftzbsqyoazexjgbczcdutaxlwomnmzgwhsrd\">\n<div class=\"brz-bg\"><\/div>\n<div class=\"brz-column__items brz-css-1ttz38j\">\n<div id=\"\" class=\"brz-css-10cjua7 brz-wrapper\">\n<div class=\"brz-rich-text brz-rich-text__custom brz-css-zg7mm1\" data-brz-custom-id=\"hbaeggbktwrifmsuvqjuzlyucymzuugksrcm\">\n<div data-brz-translate-text=\"1\">\n<p class=\"brz-lh-lg-1_9 brz-ls-lg-0 brz-fw-lg-400 brz-fss-lg-px brz-fs-lg-18 brz-ft-google brz-ff-manrope brz-tp-lg-empty brz-css-hWSqh\" data-generated-css=\"brz-css-kcsdt,brz-css-lcjiv,brz-css-kfscp,brz-css-odfsh,brz-css-udxid,brz-css-jtyzk,brz-css-arptt\" data-uniq-id=\"qemda,sxfdd,kjymx,uuffe,sccbj,uhqnw,flunr\"><span>La greffe de cheveux DHI est l&rsquo;une des m\u00e9thodes les plus pr\u00e9f\u00e9r\u00e9es dans la greffe de cheveux aujourd&rsquo;hui. La greffe de cheveux peut \u00eatre divis\u00e9e en deux phases principales avec cette technique : l&rsquo;extraction (r\u00e9colte) et l&rsquo;implantation.<\/span><\/p>\n<p class=\"brz-lh-lg-1_9 brz-ls-lg-0 brz-fw-lg-400 brz-fss-lg-px brz-fs-lg-18 brz-ft-google brz-ff-manrope brz-tp-lg-empty brz-css-q3Ymx\" data-generated-css=\"brz-css-kcsdt,brz-css-lcjiv,brz-css-kfscp,brz-css-odfsh,brz-css-udxid,brz-css-jtyzk,brz-css-arptt\" data-uniq-id=\"qemda,sxfdd,kjymx,uuffe,sccbj,uhqnw,flunr\"><\/p>\n<p class=\"brz-lh-lg-1_9 brz-ls-lg-0 brz-fw-lg-400 brz-fss-lg-px brz-fs-lg-18 brz-ft-google brz-ff-manrope brz-tp-lg-empty brz-css-i64if\" data-generated-css=\"brz-css-kcsdt,brz-css-lcjiv,brz-css-kfscp,brz-css-odfsh,brz-css-udxid,brz-css-jtyzk,brz-css-arptt\" data-uniq-id=\"qemda,sxfdd,kjymx,uuffe,sccbj,uhqnw,flunr\"><span>Dans cette technique, \u00e9galement connue sous le nom de \u00abtechnique du stylo\u00bb, des stylos sp\u00e9ciaux avec des pointes fines sp\u00e9ciales sont utilis\u00e9s pour transf\u00e9rer le greffon directement sur la peau lorsque les greffons y sont ins\u00e9r\u00e9s un par un et press\u00e9s.<\/span><\/p>\n<p class=\"brz-lh-lg-1_9 brz-ls-lg-0 brz-fw-lg-400 brz-fss-lg-px brz-fs-lg-18 brz-ft-google brz-ff-manrope brz-tp-lg-empty brz-css-vlfYm\" data-generated-css=\"brz-css-kcsdt,brz-css-lcjiv,brz-css-kfscp,brz-css-odfsh,brz-css-udxid,brz-css-jtyzk,brz-css-arptt\" data-uniq-id=\"qemda,sxfdd,kjymx,uuffe,sccbj,uhqnw,flunr\"><\/p>\n<p class=\"brz-lh-lg-1_9 brz-ls-lg-0 brz-fw-lg-400 brz-fss-lg-px brz-fs-lg-18 brz-ft-google brz-ff-manrope brz-tp-lg-empty brz-css-sb7T3\" data-generated-css=\"brz-css-kcsdt,brz-css-lcjiv,brz-css-kfscp,brz-css-odfsh,brz-css-udxid,brz-css-jtyzk,brz-css-arptt\" data-uniq-id=\"qemda,sxfdd,kjymx,uuffe,sccbj,uhqnw,flunr\"><span>Cette op\u00e9ration, qui est \u00e9galement r\u00e9alis\u00e9e sous anesth\u00e9sie locale, n\u00e9cessite plus de personnes pour travailler dans l&rsquo;\u00e9quipe que les autres techniques de greffe de cheveux. Sinon, la proc\u00e9dure prend plus de temps, donc le nombre de greffons pouvant \u00eatre transf\u00e9r\u00e9s est limit\u00e9 dans les cliniques qui ne disposent pas d&rsquo;une grande \u00e9quipe sp\u00e9cialis\u00e9e en DHI.<\/span><\/p>\n<p class=\"brz-lh-lg-1_9 brz-ls-lg-0 brz-fw-lg-400 brz-fss-lg-px brz-fs-lg-18 brz-ft-google brz-ff-manrope brz-tp-lg-empty brz-css-pS6Wl\" data-generated-css=\"brz-css-kcsdt,brz-css-lcjiv,brz-css-kfscp,brz-css-odfsh,brz-css-udxid,brz-css-jtyzk,brz-css-arptt\" data-uniq-id=\"qemda,sxfdd,kjymx,uuffe,sccbj,uhqnw,flunr\"><\/p>\n<p class=\"brz-lh-lg-1_9 brz-ls-lg-0 brz-fw-lg-400 brz-fss-lg-px brz-fs-lg-18 brz-ft-google brz-ff-manrope brz-tp-lg-empty brz-css-hKaQ5\" data-generated-css=\"brz-css-arptt\" data-uniq-id=\"flunr\"><span>Dans la m\u00e9thode DHI, les cheveux peuvent \u00eatre transplant\u00e9s sans incisions, offrant un avantage distinct pour ceux qui s&rsquo;inqui\u00e8tent de l&rsquo;apparence apr\u00e8s la greffe de cheveux en raison de leur travail, de leur statut social et de diff\u00e9rentes raisons.<\/span><\/p>\n<\/div>\n<\/div>\n<\/div>\n<\/div>\n<\/div>\n<div class=\"brz-columns brz-css-1rpkndr brz-css-12oicc3\" data-brz-custom-id=\"dwvnozvfhnccfchyugsggxwqgsahkwbuoyuc\">\n<div class=\"brz-bg\"><\/div>\n<div class=\"brz-column__items brz-css-1ttz38j\"><\/div>\n<\/div>\n<\/div>\n<\/div>\n<\/div>\n<\/div>\n<\/section>\n<section id=\"_tgkxdmfdsxwunfzfnzxuzaxpxwddqptwtpeg\" class=\"brz-section brz-css-1qn5p82\">\n<div class=\"brz-section__content brz-section--boxed brz-css-1x0ikkd brz-css-15r9qob\" data-brz-custom-id=\"pmranvjjizgcjhptauaokgvtvtjyyjeesrpy\">\n<div class=\"brz-bg\">\n<div class=\"brz-bg-color\"><\/div>\n<\/div>\n<div class=\"brz-container brz-css-1rjbheg\">\n<div id=\"\" class=\"brz-css-10cjua7 brz-wrapper\">\n<div class=\"brz-line brz-line-default brz-css-8e1ibl brz-css-bo4cr0\" data-brz-custom-id=\"movoqtncsggnhjtabngzsqzpzmmwqvmxqiiw\">\n<hr class=\"brz-hr\"><\/div>\n<\/div>\n<div id=\"\" class=\"brz-css-10cjua7 brz-css-1x7e9zg brz-wrapper\">\n<div class=\"brz-spacer brz-css-1snzvdi brz-css-d3usma\"><\/div>\n<\/div>\n<div class=\"brz-row__container brz-css-vwgsyh\" data-brz-custom-id=\"wqksnhygzsjwaoeslqnubxdsvknrggvtgtme\">\n<div class=\"brz-bg\"><\/div>\n<div class=\"brz-row brz-css-1gnf37a brz-css-1ohus5g\">\n<div class=\"brz-columns brz-css-1rpkndr brz-css-vhogu\" data-brz-custom-id=\"hbzuxdaruhqbtyclllgjojpfpknlvpcnegwj\">\n<div class=\"brz-bg\"><\/div>\n<div class=\"brz-column__items brz-css-1ttz38j brz-css-14e1rf8\">\n<div id=\"\" class=\"brz-css-10cjua7 brz-css-rbn8mh brz-wrapper\">\n<div class=\"brz-image brz-css-mmigxa brz-css-gmgedn\" data-brz-custom-id=\"sjuordxgrpqtsrrdiwgecmezsnxpedzdnrce\"><img decoding=\"async\" class=\"brz-img\" src=\"https:\/\/drmakclinic.com\/fr?brizy_media=wp-9b7486b9d786a0648588605ea135d33b.jpg&amp;brizy_crop=iW%3D316%26iH%3D211%26oX%3D90%26oY%3D23%26cW%3D105%26cH%3D106\" alt=\"\" loading=\"lazy\"><\/div>\n<\/div>\n<\/div>\n<\/div>\n<div class=\"brz-columns brz-css-1rpkndr brz-css-1tvso1g\" data-brz-custom-id=\"ofvwfezojnerxfnoqkhmytjinjgjmoipnqnr\">\n<div class=\"brz-bg\"><\/div>\n<div class=\"brz-column__items brz-css-1ttz38j brz-css-etgi64\">\n<div id=\"\" class=\"brz-css-10cjua7 brz-wrapper\">\n<div class=\"brz-rich-text brz-rich-text__custom brz-css-zg7mm1\" data-brz-custom-id=\"obfxazhmrclukzzulmveepnrjdlodsjvdrkt\">\n<div data-brz-translate-text=\"1\">\n<p data-uniq-id=\"egydo\" data-generated-css=\"brz-css-trizt\" class=\"brz-tp-lg-empty brz-ff-ckyztbazucvfgxnrkwthfbuhnumrbfrmhags brz-ft-upload brz-fs-lg-24 brz-fss-lg-px brz-fw-lg-400 brz-ls-lg-0 brz-lh-lg-1_5 brz-css-uTbGk\">As you begin your journey toward considering plastic surgery and other cosmetic enhancements , my goal as your plastic surgeon is to provide you the highest quality of care throughout the entire process.<\/p>\n<\/div>\n<\/div>\n<\/div>\n<div id=\"\" class=\"brz-css-10cjua7 brz-css-1x7e9zg brz-css-1nifskb brz-wrapper\">\n<div class=\"brz-spacer brz-css-1snzvdi brz-css-cywx42\"><\/div>\n<\/div>\n<div id=\"\" class=\"brz-css-10cjua7 brz-css-10nv4m4 brz-wrapper\">\n<div class=\"brz-rich-text brz-rich-text__custom brz-css-zg7mm1\" data-brz-custom-id=\"zjrwspiinmqlmnjjviepzlufmnoauaszoejt\">\n<div data-brz-translate-text=\"1\">\n<p class=\"brz-text-xs-center brz-tp-lg-heading4 brz-css-i5cWY\" data-uniq-id=\"mrayu\" data-generated-css=\"brz-css-yakzy\"><strong class=\"brz-cp-color2\">Dr. Mehmet Arif Karag\u00f6z<\/strong><\/p>\n<\/div>\n<\/div>\n<\/div>\n<div id=\"\" class=\"brz-css-10cjua7 brz-css-rxyb7i brz-wrapper\">\n<div class=\"brz-rich-text brz-rich-text__custom brz-css-zg7mm1\" data-brz-custom-id=\"wxrkrpvledteuiylayuwktdxtxqybgnjupsy\">\n<div data-brz-translate-text=\"1\">\n<p class=\"brz-text-xs-center brz-tp-lg-paragraph brz-css-lT9Y_\" data-uniq-id=\"xuihj\" data-generated-css=\"brz-css-uaiir\"><span class=\"brz-cp-color7\">DRMAK Plastic Surgeon<\/span><\/p>\n<\/div>\n<\/div>\n<\/div>\n<\/div>\n<\/div>\n<\/div>\n<\/div>\n<div id=\"\" class=\"brz-css-10cjua7 brz-css-1x7e9zg brz-css-1p7xdwf brz-wrapper\">\n<div class=\"brz-spacer brz-css-1snzvdi brz-css-v73egv\"><\/div>\n<\/div>\n<div id=\"\" class=\"brz-css-10cjua7 brz-wrapper\">\n<div class=\"brz-line brz-line-default brz-css-8e1ibl brz-css-1vljo4q\" data-brz-custom-id=\"kodpyzmzwqtkjkdlvltpaocrpfnwvugflxym\">\n<hr class=\"brz-hr\"><\/div>\n<\/div>\n<\/div>\n<\/div>\n<\/section>\n<\/div>\n<p>    <!-- version:1738157207 --><\/p>\n","protected":false},"excerpt":{"rendered":"<p>GREFFE DE CHEVEUX Greffe de cheveux DHI DHI Hair est l&rsquo;une des m\u00e9thodes de transplantation les plus recherch\u00e9es et les plus populaires par les patients potentiels qui souhaitent subir une greffe de cheveux aujourd&rsquo;hui. Les greffons pr\u00e9lev\u00e9s dans la zone donneuse par la technique capillaire micro FUE peuvent \u00eatre directement transplant\u00e9s dans la zone de [&hellip;]<\/p>\n","protected":false},"author":1,"featured_media":0,"parent":1034,"menu_order":0,"comment_status":"closed","ping_status":"closed","template":"","meta":{"footnotes":""},"class_list":["post-1113","page","type-page","status-publish","hentry"],"blocksy_meta":{"styles_descriptor":{"styles":{"desktop":"","tablet":"","mobile":""},"google_fonts":[],"version":6}},"_links":{"self":[{"href":"https:\/\/drmakclinic.com\/fr\/wp-json\/wp\/v2\/pages\/1113","targetHints":{"allow":["GET"]}}],"collection":[{"href":"https:\/\/drmakclinic.com\/fr\/wp-json\/wp\/v2\/pages"}],"about":[{"href":"https:\/\/drmakclinic.com\/fr\/wp-json\/wp\/v2\/types\/page"}],"author":[{"embeddable":true,"href":"https:\/\/drmakclinic.com\/fr\/wp-json\/wp\/v2\/users\/1"}],"replies":[{"embeddable":true,"href":"https:\/\/drmakclinic.com\/fr\/wp-json\/wp\/v2\/comments?post=1113"}],"version-history":[{"count":0,"href":"https:\/\/drmakclinic.com\/fr\/wp-json\/wp\/v2\/pages\/1113\/revisions"}],"up":[{"embeddable":true,"href":"https:\/\/drmakclinic.com\/fr\/wp-json\/wp\/v2\/pages\/1034"}],"wp:attachment":[{"href":"https:\/\/drmakclinic.com\/fr\/wp-json\/wp\/v2\/media?parent=1113"}],"curies":[{"name":"wp","href":"https:\/\/api.w.org\/{rel}","templated":true}]}}