{"id":103,"date":"2022-08-28T20:39:39","date_gmt":"2022-08-28T17:39:39","guid":{"rendered":"https:\/\/drmakclinic.com\/contact\/"},"modified":"2025-01-29T14:53:06","modified_gmt":"2025-01-29T11:53:06","slug":"contact","status":"publish","type":"page","link":"https:\/\/drmakclinic.com\/ru\/contact\/","title":{"rendered":"Contact"},"content":{"rendered":"<div class=\"brz-root__container brz-reset-all brz brz-root__container-page\">\n<section id=\"_ohhbriojbvbgugcoqvxgaplfeqkhemkspnbn\" class=\"brz-section brz-css-oiq3fe\">\n<div class=\"brz-section__content brz-section--boxed brz-css-1levo1a brz-css-i521cn\" data-brz-custom-id=\"fhpdedjidcnzzadtayobhxpamahocrentrvq\">\n<div class=\"brz-container brz-css-1ccko2i\">\n<div id=\"\" class=\"brz-css-1hfm6q0 brz-css-9re76q brz-wrapper\">\n<div class=\"brz-rich-text brz-rich-text__custom brz-css-1s5v5uz\" data-brz-custom-id=\"kvogyedlhymrmztpjxrktwqmzdnhipkstbpv\">\n<div data-brz-translate-text=\"1\">\n<p class=\"brz-text-xs-center brz-mb-lg-31 brz-text-lg-left brz-fss-lg-px brz-fw-lg-500 brz-ls-lg-m_1_5 brz-lh-lg-1_3 brz-tp-lg-empty brz-ff-ckyztbazucvfgxnrkwthfbuhnumrbfrmhags brz-ft-upload brz-fs-lg-48 brz-css-ztmjn\" data-uniq-id=\"cvbyv\" data-generated-css=\"brz-css-mmvxz\"><span class=\"brz-cp-color2\">\u041a\u041e\u041d\u0422\u0410\u041a\u0422\u042b<\/span><\/p>\n<\/div>\n<\/div>\n<\/div>\n<div class=\"brz-row__container brz-css-1rd6e2b\" data-brz-custom-id=\"atvasxadewudrqfkulktywhrifpmfxehojvh\">\n<div class=\"brz-bg\"><\/div>\n<div class=\"brz-row brz-css-35fug0 brz-css-px57zu\">\n<div class=\"brz-columns brz-css-wa2tm6 brz-css-1iavj9q\" data-brz-custom-id=\"zftqvgmxarldishkcimydlwkqlqzxcxcekqw\">\n<div class=\"brz-bg\">\n<div class=\"brz-bg-color\"><\/div>\n<\/div>\n<div class=\"brz-column__items brz-css-j0r8xw brz-css-8xzd7w\">\n<div id=\"\" class=\"brz-css-1hfm6q0 brz-css-1sdp2ot brz-wrapper\">\n<div class=\"brz-image brz-css-fkfty6 brz-css-6c0tfd\" data-brz-custom-id=\"fugyrusnndjctluiqqwqdfnuoewvuawseqin\"><img decoding=\"async\" class=\"brz-img\" src=\"https:\/\/drmakclinic.com\/ru?brizy_media=wp-9b7486b9d786a0648588605ea135d33b.jpg&amp;brizy_crop=original\" alt=\"\" loading=\"lazy\"><\/div>\n<\/div>\n<div id=\"\" class=\"brz-css-1hfm6q0 brz-css-1ve00c3 brz-wrapper\">\n<div class=\"brz-rich-text brz-rich-text__custom brz-css-1s5v5uz\" data-brz-custom-id=\"txutntltrasqldiuqayioxtxagpshcykxmzh\">\n<div data-brz-translate-text=\"1\">\n<p class=\"brz-mb-lg-8 brz-mt-lg-25 brz-text-lg-left brz-fss-lg-px brz-fw-lg-500 brz-ls-lg-0 brz-lh-lg-1_4 brz-tp-lg-empty brz-ff-manrope brz-ft-google brz-fs-lg-14 brz-css-qv7IP\" data-generated-css=\"brz-css-ntpgt\" data-uniq-id=\"vqabx\"><span class=\"brz-cp-color7\">\u0415\u0441\u043b\u0438 \u0432\u0430\u043c \u043d\u0443\u0436\u043d\u043e \u0441\u0432\u044f\u0437\u0430\u0442\u044c\u0441\u044f \u0441 \u043d\u0430\u043c\u0438, \u043f\u043e\u0436\u0430\u043b\u0443\u0439\u0441\u0442\u0430, \u043f\u043e\u0437\u0432\u043e\u043d\u0438\u0442\u0435 \u043f\u043e \u0442\u0435\u043b\u0435\u0444\u043e\u043d\u0443 +90 5436406409<\/span><\/p>\n<p class=\"brz-mt-lg-0 brz-text-lg-left brz-mb-lg-25 brz-fss-lg-px brz-fw-lg-500 brz-ls-lg-0 brz-lh-lg-1_4 brz-tp-lg-empty brz-ff-manrope brz-ft-google brz-fs-lg-14 brz-css-iR21E\" data-generated-css=\"brz-css-xgtle\" data-uniq-id=\"ayffi\"><span class=\"brz-cp-color7\">\u0438\u043b\u0438 \u0432\u044b \u043c\u043e\u0436\u0435\u0442\u0435 \u043e\u0442\u043f\u0440\u0430\u0432\u0438\u0442\u044c \u043d\u0430\u043c \u044d\u043b\u0435\u043a\u0442\u0440\u043e\u043d\u043d\u043e\u0435 \u043f\u0438\u0441\u044c\u043c\u043e \u0434\u043b\u044f \u043d\u0435\u0441\u0440\u043e\u0447\u043d\u044b\u0445 \u0437\u0430\u043f\u0440\u043e\u0441\u043e\u0432 \u043d\u0430 \u0430\u0434\u0440\u0435\u0441 \u044d\u043b\u0435\u043a\u0442\u0440\u043e\u043d\u043d\u043e\u0439 \u043f\u043e\u0447\u0442\u044b.<\/span><\/p>\n<\/div>\n<\/div>\n<\/div>\n<\/div>\n<\/div>\n<div class=\"brz-columns brz-css-wa2tm6 brz-css-1ao2lyj\" data-brz-custom-id=\"ixqltvnusycszrtiphxunnuxgzvbllkwezml\">\n<div class=\"brz-bg\"><\/div>\n<div class=\"brz-column__items brz-css-j0r8xw brz-css-7blsc8\">\n<div id=\"\" class=\"brz-css-1hfm6q0 brz-wrapper\">\n<div class=\"brz-rich-text brz-rich-text__custom brz-css-1s5v5uz\" data-brz-custom-id=\"ufmyigtfdykmkgkajsdlehbtqbrjpjpwzzsn\">\n<div data-brz-translate-text=\"1\">\n<h2 class=\"brz-mt-lg-30 brz-tp-lg-heading2 brz-css-wi9dP\" data-generated-css=\"brz-css-yobkf\" data-uniq-id=\"lcfuc\"><span class=\"brz-cp-color2\">\u041f\u0440\u0438\u0432\u0435\u0442!&nbsp; \u041c\u044b \u0431\u0443\u0434\u0435\u043c \u0440\u0430\u0434\u044b \u0443\u0441\u043b\u044b\u0448\u0430\u0442\u044c&nbsp; \u0432\u0430\u0441. \u041f\u0440\u0438\u0441\u044b\u043b\u0430\u0439\u0442\u0435 \u043d\u0430\u043c \u0441\u0432\u043e\u0438 \u0432\u043e\u043f\u0440\u043e\u0441\u044b \u0438 \u043f\u043e\u0436\u0435\u043b\u0430\u043d\u0438\u044f.<\/span><\/h2>\n<\/div>\n<\/div>\n<\/div>\n<div id=\"\" class=\"brz-css-1hfm6q0 brz-css-1sfla0b brz-css-4os1qa brz-wrapper\">\n<div class=\"brz-spacer brz-css-95vrib brz-css-gifg3i\"><\/div>\n<\/div>\n<div id=\"\" class=\"brz-css-1hfm6q0 brz-wrapper\">\n<div data-brz-form-version=\"2\" class=\"brz-forms2 brz-css-1w1xdd0 brz-css-xzl8kb\" data-brz-custom-id=\"acpiwrmjwbtoqzabdcshyqdphnyovtjsryqa\">\n<div data-brz-translate-text=\"1\" class=\"brz-forms2__item brz-css-va8odb brz-css-ohzgm4 brz-css-m238vq\"><\/div>\n<div data-brz-translate-text=\"1\" class=\"brz-forms2__item brz-css-va8odb brz-css-ohzgm4 brz-css-m238vq brz-css-1jrbudy\"><textarea id=\"fSpdkjBSWB4U_\" name=\"diuekvrpbtzoppjtwmvlddnlrsuanlgorlso\" data-brz-type=\"Paragraph\" data-brz-label=\"Paragraph\" data-brz-placeholder=\"Paragraph\" class=\"brz-textarea brz-forms2__field brz-forms2__field-paragraph\"><\/textarea><\/div>\n<div class=\"brz-forms2 brz-forms2__item brz-forms2__item-button\" data-brz-custom-id=\"acpiwrmjwbtoqzabdcshyqdphnyovtjsryqa\"><button class=\"brz-btn brz-btn-submit brz-css-1i22056 brz-css-e7vu3f\" data-brz-custom-id=\"cputpvincbzhytxzsgjebjhahvxfogxhkdme\"><span data-brz-translate-text=\"1\" class=\"brz-span brz-text__editor\">Submit Message<\/span><\/button><\/div>\n<div class=\"brz-g-recaptcha\" data-sitekey=\"\" data-size=\"invisible\" data-callback=\"brzFormV2Captcha\"><\/div>\n<\/div>\n<\/div>\n<\/div>\n<\/div>\n<\/div>\n<\/div>\n<div class=\"brz-row__container brz-css-1rd6e2b\" data-brz-custom-id=\"ihkchrkkbkxfgdmpvaeqxyoxbahhoomexmxt\">\n<div class=\"brz-bg\"><\/div>\n<div class=\"brz-row brz-css-35fug0 brz-css-px57zu\">\n<div class=\"brz-columns brz-css-wa2tm6 brz-css-m0k1sx\" data-brz-custom-id=\"vfyvvxfflkknflhlskuxbofalpbfnzefvgaq\">\n<div class=\"brz-bg\"><\/div>\n<div class=\"brz-column__items brz-css-j0r8xw brz-css-19lvrs4\">\n<div id=\"\" class=\"brz-css-1hfm6q0 brz-wrapper\">\n<div class=\"brz-line brz-line-default brz-css-yc42qw brz-css-drtkew\" data-brz-custom-id=\"kwkzrqzekvlwinatinchcwnuycrwzgtarjqc\">\n<hr class=\"brz-hr\"><\/div>\n<\/div>\n<div class=\"brz-row__container brz-css-1rd6e2b\" data-brz-custom-id=\"cwucmkdvsumhenvrfgwujbtyhtmjvbwzfcug\">\n<div class=\"brz-bg\"><\/div>\n<div class=\"brz-row brz-row--inner brz-css-35fug0 brz-css-px57zu\">\n<div class=\"brz-columns brz-css-wa2tm6 brz-css-15pb785\" data-brz-custom-id=\"hdomurznzabtvtrgusmknatirejrolnydimq\">\n<div class=\"brz-bg\"><\/div>\n<div class=\"brz-column__items brz-css-j0r8xw brz-css-bsiwg6\">\n<div id=\"\" class=\"brz-css-1hfm6q0 brz-css-en6gf5 brz-wrapper\">\n<div class=\"brz-rich-text brz-rich-text__custom brz-css-1s5v5uz\" data-brz-custom-id=\"dtkemrtvegszvknuyamsfmuyshfespiroacg\">\n<div data-brz-translate-text=\"1\">\n<h4 class=\"brz-tp-lg-heading5 brz-text-xs-center brz-css-tb0sD\" data-uniq-id=\"rzise\" data-generated-css=\"brz-css-szwrw\"><span class=\"brz-cp-color2\">Address<\/span><\/h4>\n<\/div>\n<\/div>\n<\/div>\n<div id=\"\" class=\"brz-css-1hfm6q0 brz-css-bt6747 brz-wrapper\">\n<div class=\"brz-rich-text brz-rich-text__custom brz-css-1s5v5uz\" data-brz-custom-id=\"tiksftmnboccwbcfcdvelhhiurmqnblmendf\">\n<div data-brz-translate-text=\"1\">\n<p class=\"brz-text-xs-center brz-tp-lg-paragraph brz-text-lg-left brz-css-fGjt1\" data-uniq-id=\"ipkkl\" data-generated-css=\"brz-css-xhecn\"><span class=\"brz-cp-color2\">Tevfik I\u015f\u0131k Cd. Ye\u015filbah\u00e7e Mh. \u00c7i\u00e7ek Sitesi A blok 2\/4 07100 Antalya, TURKEY<\/span><\/p>\n<\/div>\n<\/div>\n<\/div>\n<\/div>\n<\/div>\n<div class=\"brz-columns brz-css-wa2tm6 brz-css-1y71n0\" data-brz-custom-id=\"zwdgvlkcghqfiqecdjfqcdovkrungcoyjayq\">\n<div class=\"brz-bg\"><\/div>\n<div class=\"brz-column__items brz-css-j0r8xw\">\n<div id=\"\" class=\"brz-css-1hfm6q0 brz-css-1wpe53d brz-wrapper\">\n<div class=\"brz-rich-text brz-rich-text__custom brz-css-1s5v5uz\" data-brz-custom-id=\"bnirnwsraxfcswcfrpqpdarswlskcmtmnjui\">\n<div data-brz-translate-text=\"1\">\n<h4 class=\"brz-text-xs-center brz-tp-lg-heading5 brz-css-xURMW\" data-generated-css=\"brz-css-fswxj\" data-uniq-id=\"kqegb\"><span class=\"brz-cp-color2\">Social Media<\/span><\/h4>\n<\/div>\n<\/div>\n<\/div>\n<div class=\"brz-wrapper-clone brz-css-1i8bebe\">\n<div class=\"brz-d-xs-flex brz-flex-xs-wrap brz-css-18mm3u0 brz-css-1n2i72j\" data-brz-custom-id=\"\">\n<div class=\"brz-wrapper-clone__item\" id=\"qlvtudcpddebjuuvwwoctkqefhwofqqziqot\">\n<div class=\"brz-icon__container\" data-brz-custom-id=\"qlvtudcpddebjuuvwwoctkqefhwofqqziqot\"><span class=\"brz-icon brz-span brz-css-a3mqmg brz-css-18c6j9t\"><\/span><\/div>\n<\/div>\n<div class=\"brz-wrapper-clone__item\" id=\"nmkwspvwcserjhxbdrplgzgsiphlnarpbctm\">\n<div class=\"brz-icon__container\" data-brz-custom-id=\"nmkwspvwcserjhxbdrplgzgsiphlnarpbctm\"><span class=\"brz-icon brz-span brz-css-a3mqmg brz-css-1x6gun3\"><\/span><\/div>\n<\/div>\n<div class=\"brz-wrapper-clone__item\" id=\"uujyauujnxrsvgsnkbkkisdmpsqtcoqzvrbv\">\n<div class=\"brz-icon__container\" data-brz-custom-id=\"uujyauujnxrsvgsnkbkkisdmpsqtcoqzvrbv\"><span class=\"brz-icon brz-span brz-css-a3mqmg brz-css-1m62gch\"><\/span><\/div>\n<\/div>\n<\/div>\n<\/div>\n<\/div>\n<\/div>\n<\/div>\n<\/div>\n<\/div>\n<\/div>\n<div class=\"brz-columns brz-css-wa2tm6 brz-css-n1r83j\" data-brz-custom-id=\"xslfjizsaosrfnjdnxiborbejsaspfqnbugf\">\n<div class=\"brz-bg\"><\/div>\n<div class=\"brz-column__items brz-css-j0r8xw brz-css-dr1l56\">\n<div id=\"\" class=\"brz-css-1hfm6q0 brz-wrapper\">\n<div class=\"brz-line brz-line-default brz-css-yc42qw brz-css-xhefi2\" data-brz-custom-id=\"ghdycyrzdeyexxbtsrckcmjargnaeilgjajb\">\n<hr class=\"brz-hr\"><\/div>\n<\/div>\n<div class=\"brz-row__container brz-css-1rd6e2b\" data-brz-custom-id=\"rmjrogekfbujfeekysymjtwzcjcebqulmqrl\">\n<div class=\"brz-bg\"><\/div>\n<div class=\"brz-row brz-row--inner brz-css-35fug0 brz-css-px57zu\">\n<div class=\"brz-columns brz-css-wa2tm6 brz-css-1bmaj79\" data-brz-custom-id=\"suziwalfeexkfvpahggxnpyqcymcghlphwnc\">\n<div class=\"brz-bg\"><\/div>\n<div class=\"brz-column__items brz-css-j0r8xw brz-css-l91buf\">\n<div id=\"\" class=\"brz-css-1hfm6q0 brz-css-1nr29y0 brz-wrapper\">\n<div class=\"brz-rich-text brz-rich-text__custom brz-css-1s5v5uz\" data-brz-custom-id=\"plnbxseqrjyccqqbacbwotchicqaeivdmquk\">\n<div data-brz-translate-text=\"1\">\n<h4 class=\"brz-text-xs-center brz-tp-lg-heading5 brz-css-tlS5s\" data-generated-css=\"brz-css-mxoho\" data-uniq-id=\"zhfyf\"><span class=\"brz-cp-color2\">Phone<\/span><\/h4>\n<\/div>\n<\/div>\n<\/div>\n<div id=\"\" class=\"brz-css-1hfm6q0 brz-css-1qr0hsi brz-wrapper\">\n<div class=\"brz-rich-text brz-rich-text__custom brz-css-1s5v5uz\" data-brz-custom-id=\"bvzecrxvmqtdvabchttzfsohaizuakdzjycv\">\n<div data-brz-translate-text=\"1\">\n<p class=\"brz-text-lg-left brz-tp-lg-paragraph brz-text-xs-center brz-css-c0Nrr\" data-generated-css=\"brz-css-mhxtn\" data-uniq-id=\"qdoco\"><span class=\"brz-cp-color2\">+90 532 296 11 36<\/span><\/p>\n<\/div>\n<\/div>\n<\/div>\n<\/div>\n<\/div>\n<div class=\"brz-columns brz-css-wa2tm6 brz-css-oakffo\" data-brz-custom-id=\"vrkmdkrqyuqazwljppjvcklzvyrtxmfglmau\">\n<div class=\"brz-bg\"><\/div>\n<div class=\"brz-column__items brz-css-j0r8xw\">\n<div id=\"\" class=\"brz-css-1hfm6q0 brz-css-9td7rr brz-wrapper\">\n<div class=\"brz-rich-text brz-rich-text__custom brz-css-1s5v5uz\" data-brz-custom-id=\"gyqmuepjfhdksjpbxyzrjwwbcooshvnjoauw\">\n<div data-brz-translate-text=\"1\">\n<h4 class=\"brz-tp-lg-heading5 brz-text-xs-center brz-css-f55lS\" data-uniq-id=\"czuey\" data-generated-css=\"brz-css-pezuv\"><span class=\"brz-cp-color2\">Email<\/span><\/h4>\n<\/div>\n<\/div>\n<\/div>\n<div id=\"\" class=\"brz-css-1hfm6q0 brz-css-j7t2kf brz-wrapper\">\n<div class=\"brz-rich-text brz-rich-text__custom brz-css-1s5v5uz\" data-brz-custom-id=\"ozlvcjbezrwwbxkabkgirujpycjkmkxtppbl\">\n<div data-brz-translate-text=\"1\">\n<p class=\"brz-text-xs-center brz-text-lg-left brz-tp-lg-paragraph brz-css-pK0ta\" data-uniq-id=\"hdatw\" data-generated-css=\"brz-css-qwnjs\"><span class=\"brz-cp-color2\">info@drmakclinic.com<\/span><\/p>\n<\/div>\n<\/div>\n<\/div>\n<\/div>\n<\/div>\n<\/div>\n<\/div>\n<\/div>\n<\/div>\n<\/div>\n<\/div>\n<\/div>\n<\/div>\n<\/section>\n<section id=\"_npmeednmphbjpneoqzvxettkyrfwjqccdbrm\" class=\"brz-section brz-css-oiq3fe\">\n<div class=\"brz-section__content brz-section--boxed brz-css-1levo1a brz-css-3zttls\" data-brz-custom-id=\"ytjlzgdowthwkidrvcdpxxejakcqekitcxar\">\n<div class=\"brz-bg\">\n<div class=\"brz-bg-color\"><\/div>\n<\/div>\n<div class=\"brz-container brz-css-1ccko2i\">\n<div class=\"brz-row__container brz-css-1rd6e2b\" data-brz-custom-id=\"csgghoqhnyrqevakifiiufhgkhfvxkhgmmqm\">\n<div class=\"brz-bg\"><\/div>\n<div class=\"brz-row brz-css-35fug0\">\n<div class=\"brz-columns brz-css-wa2tm6 brz-css-1eex1ov\" data-brz-custom-id=\"bndkrialhbcoxizcitymlnpivxjhgpigpimv\">\n<div class=\"brz-bg\"><\/div>\n<div class=\"brz-column__items brz-css-j0r8xw brz-css-b3iyjf\">\n<div id=\"\" class=\"brz-css-1hfm6q0 brz-css-1w9ka7n brz-wrapper\">\n<div class=\"brz-image brz-css-1guemsu\" data-brz-custom-id=\"kifkngsdqrwrzlsijwxgvdqvogwcrbiixtet\"><img decoding=\"async\" class=\"brz-img\" src=\"https:\/\/drmakclinic.com\/ru?brizy_media=wp-a7d74fb0566e78d4d2d5c310f6d12f1b.png&amp;brizy_crop=original\" alt=\"\" loading=\"lazy\"><\/div>\n<\/div>\n<div id=\"\" class=\"brz-css-1hfm6q0 brz-css-1ugi21c brz-wrapper\">\n<div class=\"brz-rich-text brz-rich-text__custom brz-css-1s5v5uz\" data-brz-custom-id=\"gxstdqltcetjdgvpufghxnyenniignvkmmvf\">\n<div data-brz-translate-text=\"1\">\n<p class=\"brz-fw-lg-500 brz-fss-lg-px brz-fs-lg-26 brz-ft-upload brz-ff-ckyztbazucvfgxnrkwthfbuhnumrbfrmhags brz-tp-lg-empty brz-lh-lg-1_9 brz-ls-lg-0 brz-fs-xs-14 brz-text-sm-center brz-fs-sm-14 brz-fw-sm-300 brz-lh-sm-1_7 brz-text-xs-center brz-fw-xs-300 brz-lh-xs-1_7 brz-css-qeVep\" data-uniq-id=\"zsenk\" data-generated-css=\"brz-css-semcb\"><span>Dr.MAK Clinic<\/span><\/p>\n<p class=\"brz-fs-xs-14 brz-text-sm-center brz-fs-sm-14 brz-fw-sm-300 brz-lh-sm-1_7 brz-text-xs-center brz-fw-xs-300 brz-lh-xs-1_7 brz-tp-lg-empty brz-ff-manrope brz-ft-google brz-fss-lg-px brz-lh-lg-1_9 brz-fs-lg-16 brz-fw-lg-400 brz-ls-lg-0 brz-css-hxaqH\" data-uniq-id=\"pkbkf\" data-generated-css=\"brz-css-jwcoo\"><span style=\"opacity: 0.8\">Cosmetic and Reconstructive Plastic Surgeon<\/span><\/p>\n<\/div>\n<\/div>\n<\/div>\n<\/div>\n<\/div>\n<div class=\"brz-columns brz-css-wa2tm6 brz-css-9otfvx\" data-brz-custom-id=\"rcpmoelehbairgfupcrvbjqjhkmdglvwgxck\">\n<div class=\"brz-bg\"><\/div>\n<div class=\"brz-column__items brz-css-j0r8xw\">\n<div id=\"\" class=\"brz-css-1hfm6q0 brz-wrapper\">\n<div class=\"brz-rich-text brz-rich-text__custom brz-css-1s5v5uz\" data-brz-custom-id=\"whhdorcwrehyfcnvdujkpywosvyckwfhjlhh\">\n<div data-brz-translate-text=\"1\">\n<p class=\"brz-ff-ckyztbazucvfgxnrkwthfbuhnumrbfrmhags brz-tp-lg-empty brz-fw-xs-700 brz-text-xs-center brz-ls-xs-2 brz-ls-sm-2 brz-fs-sm-13 brz-lh-sm-1_7 brz-fs-xs-13 brz-lh-xs-1_7 brz-text-sm-left brz-fw-sm-700 brz-fss-lg-px brz-fw-lg-400 brz-ls-lg-1_1 brz-lh-lg-1_5 brz-ft-upload brz-fs-lg-20 brz-css-jh4h7\" data-uniq-id=\"vxxdx\" data-generated-css=\"brz-css-ljise\"><span>Clinic<\/span><\/p>\n<\/div>\n<\/div>\n<\/div>\n<div id=\"\" class=\"brz-css-1hfm6q0 brz-css-1nqbhqm brz-wrapper\"><\/div>\n<\/div>\n<\/div>\n<div class=\"brz-columns brz-css-wa2tm6 brz-css-fvy3jr\" data-brz-custom-id=\"vawcydsxpbqgemdaaxkduancbsvlfjnwjbdr\">\n<div class=\"brz-bg\"><\/div>\n<div class=\"brz-column__items brz-css-j0r8xw\">\n<div id=\"\" class=\"brz-css-1hfm6q0 brz-wrapper\">\n<div class=\"brz-rich-text brz-rich-text__custom brz-css-1s5v5uz\" data-brz-custom-id=\"itnmjzuvlapremmhclckjkxcuegwtlgezavj\">\n<div data-brz-translate-text=\"1\">\n<p class=\"brz-ff-ckyztbazucvfgxnrkwthfbuhnumrbfrmhags brz-tp-lg-empty brz-lh-lg-1_5 brz-ls-lg-1_1 brz-fw-lg-400 brz-fss-lg-px brz-fs-lg-20 brz-ft-upload brz-fw-sm-700 brz-text-sm-left brz-lh-xs-1_7 brz-fs-xs-13 brz-lh-sm-1_7 brz-fs-sm-13 brz-ls-sm-2 brz-ls-xs-2 brz-text-xs-center brz-fw-xs-700 brz-css-i1H66\" data-generated-css=\"brz-css-xcqqi\" data-uniq-id=\"ammwa\"><span>Top Procedures<\/span><\/p>\n<\/div>\n<\/div>\n<\/div>\n<div id=\"\" class=\"brz-css-1hfm6q0 brz-css-1syem99 brz-wrapper\"><\/div>\n<\/div>\n<\/div>\n<div class=\"brz-columns brz-css-wa2tm6 brz-css-1crbvfj\" data-brz-custom-id=\"pvtlkjuqvzpkwyrvuleolzidoeblrxfbnrdz\">\n<div class=\"brz-bg\"><\/div>\n<div class=\"brz-column__items brz-css-j0r8xw\">\n<div id=\"\" class=\"brz-css-1hfm6q0 brz-wrapper\">\n<div class=\"brz-rich-text brz-rich-text__custom brz-css-1s5v5uz\" data-brz-custom-id=\"wjgnzqkzqjvjfieehbgvjzpcalporzsitfeu\">\n<div data-brz-translate-text=\"1\">\n<p class=\"brz-ff-ckyztbazucvfgxnrkwthfbuhnumrbfrmhags brz-tp-lg-empty brz-fw-sm-700 brz-text-xs-center brz-lh-xs-1_7 brz-fs-xs-13 brz-lh-sm-1_7 brz-fs-sm-13 brz-ls-sm-2 brz-ls-xs-2 brz-text-sm-left brz-fw-xs-700 brz-fss-lg-px brz-fw-lg-400 brz-ls-lg-1_1 brz-lh-lg-1_5 brz-ft-upload brz-fs-lg-20 brz-css-aNcr0\" data-generated-css=\"brz-css-xhnow\" data-uniq-id=\"hudun\"><span>Contact<\/span><\/p>\n<\/div>\n<\/div>\n<\/div>\n<div id=\"\" class=\"brz-css-1hfm6q0 brz-wrapper\">\n<div class=\"brz-rich-text brz-rich-text__custom brz-css-1s5v5uz\" data-brz-custom-id=\"pvbaushkgqafpsbgmeuofrljptwshiznpcnf\">\n<div data-brz-translate-text=\"1\">\n<p class=\"brz-ft-google brz-ff-manrope brz-tp-lg-empty brz-lh-lg-1_9 brz-ls-lg-0 brz-fw-lg-400 brz-fss-lg-px brz-fs-lg-16 brz-mb-lg-35 brz-text-xs-center brz-lh-sm-2 brz-fs-sm-16 brz-text-sm-left brz-fs-xs-16 brz-lh-xs-2 brz-css-u_vvc\" data-uniq-id=\"htgxc\" data-generated-css=\"brz-css-lbmlh\"><span style=\"opacity: 1\">Get in touch today, contact us via email, phone or drop in for a chat with our team. <\/span><\/p>\n<\/div>\n<\/div>\n<\/div>\n<div id=\"\" class=\"brz-css-1hfm6q0 brz-wrapper\">\n<div class=\"brz-icon-text brz-css-e8evgo\" data-brz-custom-id=\"xyeyujkwbgblmcjqhrehwwzrbgvapjgfoksq\">\n<div class=\"brz-icon__container\" data-brz-custom-id=\"ogwpaahxrwvattxivswesstostlbdbaltwqj\"><span class=\"brz-icon brz-span brz-css-a3mqmg brz-css-1yrcxa8\"><\/span><\/div>\n<div class=\"brz-text-btn\">\n<div class=\"brz-rich-text brz-rich-text__custom brz-css-1s5v5uz\" data-brz-custom-id=\"fyncqdoybxhslbwuhvkdzjkzolzkafxxmedn\">\n<div data-brz-translate-text=\"1\">\n<p class=\"brz-fs-lg-15 brz-ft-google brz-ff-manrope brz-tp-lg-empty brz-fss-lg-px brz-fw-lg-400 brz-ls-lg-0 brz-lh-lg-1_9 brz-css-ep7Bb\" data-uniq-id=\"drkyz\" data-generated-css=\"brz-css-hzipg\"><span style=\"opacity: 1\">info@drmakclinic.com<\/span><\/p>\n<\/div>\n<\/div>\n<\/div>\n<\/div>\n<\/div>\n<div id=\"\" class=\"brz-css-1hfm6q0 brz-wrapper\">\n<div class=\"brz-icon-text brz-css-e8evgo\" data-brz-custom-id=\"vllmdwtqnrwsnzlxercftpgpywjfawjmunjk\">\n<div class=\"brz-icon__container\" data-brz-custom-id=\"khsabngqoazkrcksoeuqczupxkyfmbcvpmkw\"><span class=\"brz-icon brz-span brz-css-a3mqmg brz-css-10qnryy\"><\/span><\/div>\n<div class=\"brz-text-btn\">\n<div class=\"brz-rich-text brz-rich-text__custom brz-css-1s5v5uz\" data-brz-custom-id=\"fzyypkuvqxlqtutgvtnnwmlmvadefjsmfxui\">\n<div data-brz-translate-text=\"1\">\n<p class=\"brz-lh-lg-1_9 brz-ls-lg-0 brz-fw-lg-400 brz-fss-lg-px brz-fs-lg-15 brz-ft-google brz-ff-manrope brz-tp-lg-empty brz-css-vAwUr\" data-uniq-id=\"sefib\" data-generated-css=\"brz-css-iphzu\"><span style=\"opacity: 1\">+90 532 296 11 36<\/span><\/p>\n<\/div>\n<\/div>\n<\/div>\n<\/div>\n<\/div>\n<div id=\"\" class=\"brz-css-1hfm6q0 brz-wrapper\">\n<div class=\"brz-icon-text brz-css-e8evgo\" data-brz-custom-id=\"sanhfegohvqmchaydidyylwwkdlzmxkkobbu\">\n<div class=\"brz-icon__container\" data-brz-custom-id=\"lxxafdgilthgqtbbnhdayyoypudyyufszbpd\"><span class=\"brz-icon brz-span brz-css-a3mqmg brz-css-1cdu6d5\"><\/span><\/div>\n<div class=\"brz-text-btn\">\n<div class=\"brz-rich-text brz-rich-text__custom brz-css-1s5v5uz\" data-brz-custom-id=\"uahvonbllcpwzezesidxkvrfcssepsnwtyvk\">\n<div data-brz-translate-text=\"1\">\n<p class=\"brz-fs-lg-15 brz-ft-google brz-ff-manrope brz-tp-lg-empty brz-fss-lg-px brz-fw-lg-400 brz-ls-lg-0 brz-lh-lg-1_9 brz-css-jFJzF\" data-uniq-id=\"spawf\" data-generated-css=\"brz-css-wpqsk\"><span style=\"opacity: 1\">Tevfik I\u015f\u0131k Cd. Ye\u015filbah\u00e7e Mh. \u00c7i\u00e7ek Sitesi A blok 2\/4 07100 Antalya, TURKEY<\/span><\/p>\n<\/div>\n<\/div>\n<\/div>\n<\/div>\n<\/div>\n<\/div>\n<\/div>\n<\/div>\n<\/div>\n<\/div>\n<\/div>\n<\/section>\n<\/div>\n<p>    <!-- version:1738151586 --><\/p>\n","protected":false},"excerpt":{"rendered":"<p>\u041a\u041e\u041d\u0422\u0410\u041a\u0422\u042b \u0415\u0441\u043b\u0438 \u0432\u0430\u043c \u043d\u0443\u0436\u043d\u043e \u0441\u0432\u044f\u0437\u0430\u0442\u044c\u0441\u044f \u0441 \u043d\u0430\u043c\u0438, \u043f\u043e\u0436\u0430\u043b\u0443\u0439\u0441\u0442\u0430, \u043f\u043e\u0437\u0432\u043e\u043d\u0438\u0442\u0435 \u043f\u043e \u0442\u0435\u043b\u0435\u0444\u043e\u043d\u0443 +90 5436406409 \u0438\u043b\u0438 \u0432\u044b \u043c\u043e\u0436\u0435\u0442\u0435 \u043e\u0442\u043f\u0440\u0430\u0432\u0438\u0442\u044c \u043d\u0430\u043c \u044d\u043b\u0435\u043a\u0442\u0440\u043e\u043d\u043d\u043e\u0435 \u043f\u0438\u0441\u044c\u043c\u043e \u0434\u043b\u044f \u043d\u0435\u0441\u0440\u043e\u0447\u043d\u044b\u0445 \u0437\u0430\u043f\u0440\u043e\u0441\u043e\u0432 \u043d\u0430 \u0430\u0434\u0440\u0435\u0441 \u044d\u043b\u0435\u043a\u0442\u0440\u043e\u043d\u043d\u043e\u0439 \u043f\u043e\u0447\u0442\u044b. \u041f\u0440\u0438\u0432\u0435\u0442!&nbsp; \u041c\u044b \u0431\u0443\u0434\u0435\u043c \u0440\u0430\u0434\u044b \u0443\u0441\u043b\u044b\u0448\u0430\u0442\u044c&nbsp; \u0432\u0430\u0441. \u041f\u0440\u0438\u0441\u044b\u043b\u0430\u0439\u0442\u0435 \u043d\u0430\u043c \u0441\u0432\u043e\u0438 \u0432\u043e\u043f\u0440\u043e\u0441\u044b \u0438 \u043f\u043e\u0436\u0435\u043b\u0430\u043d\u0438\u044f. Submit Message Address Tevfik I\u015f\u0131k Cd. Ye\u015filbah\u00e7e Mh. \u00c7i\u00e7ek Sitesi A blok 2\/4 07100 Antalya, TURKEY [&hellip;]<\/p>\n","protected":false},"author":1,"featured_media":0,"parent":0,"menu_order":0,"comment_status":"closed","ping_status":"closed","template":"","meta":{"footnotes":""},"class_list":["post-103","page","type-page","status-publish","hentry"],"blocksy_meta":{"styles_descriptor":{"styles":{"desktop":"","tablet":"","mobile":""},"google_fonts":[],"version":6}},"_links":{"self":[{"href":"https:\/\/drmakclinic.com\/ru\/wp-json\/wp\/v2\/pages\/103","targetHints":{"allow":["GET"]}}],"collection":[{"href":"https:\/\/drmakclinic.com\/ru\/wp-json\/wp\/v2\/pages"}],"about":[{"href":"https:\/\/drmakclinic.com\/ru\/wp-json\/wp\/v2\/types\/page"}],"author":[{"embeddable":true,"href":"https:\/\/drmakclinic.com\/ru\/wp-json\/wp\/v2\/users\/1"}],"replies":[{"embeddable":true,"href":"https:\/\/drmakclinic.com\/ru\/wp-json\/wp\/v2\/comments?post=103"}],"version-history":[{"count":0,"href":"https:\/\/drmakclinic.com\/ru\/wp-json\/wp\/v2\/pages\/103\/revisions"}],"wp:attachment":[{"href":"https:\/\/drmakclinic.com\/ru\/wp-json\/wp\/v2\/media?parent=103"}],"curies":[{"name":"wp","href":"https:\/\/api.w.org\/{rel}","templated":true}]}}