{"id":108,"date":"2022-08-28T20:39:51","date_gmt":"2022-08-28T17:39:51","guid":{"rendered":"https:\/\/drmakclinic.com\/gallery\/"},"modified":"2025-01-30T12:15:39","modified_gmt":"2025-01-30T09:15:39","slug":"gallery","status":"publish","type":"page","link":"https:\/\/drmakclinic.com\/ru\/gallery\/","title":{"rendered":"Gallery"},"content":{"rendered":"<div class=\"brz-root__container brz-reset-all brz brz-root__container-page\">\n<section id=\"_ddtdmoiagjooiwiykuflhjexxnsokbewzhcp\" class=\"brz-section brz-css-56wy0q\">\n<div class=\"brz-section__content brz-section--boxed brz-css-1hrguib\" data-brz-custom-id=\"wfxyhpqpiddztixtcrrfgjeflgcufdcklcqp\">\n<div class=\"brz-container brz-css-d0mqp2\">\n<div id=\"\" class=\"brz-css-1hf7ift brz-wrapper\">\n<div class=\"brz-image__gallery\" data-brz-custom-id=\"mxleczgmcvvamuxusqbalpnsmbbmqzcilbou\">\n<div class=\"brz-image__gallery-container\">\n<div class=\"brz-image__gallery-wrapper brz-d-xs-flex brz-flex-xs-wrap brz-image__gallery-masonry brz-css-1d2a8y3\" data-settings=\"%7B%22type%22%3A%22masonry%22%2C%22settings%22%3A%7B%22itemSelector%22%3A%22.brz-image__gallery-item%22%2C%22masonry%22%3A%7B%22columnWidth%22%3A%22.brz-image__gallery-item%22%7D%7D%7D\">\n<div class=\"brz-image__gallery-item brz-image__gallery-item-empty\">\n<div class=\"brz-image brz-css-dwdqek\" data-brz-custom-id=\"qsxbfagkmtoukxuzesczfihgmqiwihezjcvn\">\n<div class=\"brz-picture brz-d-block brz-p-relative brz-css-nd220j\">\n<div class=\"brz-shortcode__placeholder\"><\/div>\n<\/div>\n<\/div>\n<\/div>\n<div class=\"brz-image__gallery-item brz-image__gallery-item-empty\">\n<div class=\"brz-image brz-css-8qat7n\" data-brz-custom-id=\"nrurowcpwyqzbbxlqhkulpsnaqrvpnuxgpbf\">\n<div class=\"brz-picture brz-d-block brz-p-relative brz-css-inywae\">\n<div class=\"brz-shortcode__placeholder\"><\/div>\n<\/div>\n<\/div>\n<\/div>\n<div class=\"brz-image__gallery-item brz-image__gallery-item-empty\">\n<div class=\"brz-image brz-css-1e8s5ll\" data-brz-custom-id=\"jvweqchqjfndszctztbvnxfkqvhpbnjyriuh\">\n<div class=\"brz-picture brz-d-block brz-p-relative brz-css-y6bzqo\">\n<div class=\"brz-shortcode__placeholder\"><\/div>\n<\/div>\n<\/div>\n<\/div>\n<div class=\"brz-image__gallery-item brz-image__gallery-item-empty\">\n<div class=\"brz-image brz-css-1kfwz9d\" data-brz-custom-id=\"pdhpxftwcmbrgpvnmpbjbbypybstcsmafmje\">\n<div class=\"brz-picture brz-d-block brz-p-relative brz-css-tcukmg\">\n<div class=\"brz-shortcode__placeholder\"><\/div>\n<\/div>\n<\/div>\n<\/div>\n<div class=\"brz-image__gallery-item brz-image__gallery-item-empty\">\n<div class=\"brz-image brz-css-vjm5df\" data-brz-custom-id=\"pikohchfevjandedzqolelpfayiosvwdzjpk\">\n<div class=\"brz-picture brz-d-block brz-p-relative brz-css-15rn0xf\">\n<div class=\"brz-shortcode__placeholder\"><\/div>\n<\/div>\n<\/div>\n<\/div>\n<div class=\"brz-image__gallery-item brz-image__gallery-item-empty\">\n<div class=\"brz-image brz-css-sf8as2\" data-brz-custom-id=\"pliunryvgkinttugwqvbfdeqrxawlzzvqlhn\">\n<div class=\"brz-picture brz-d-block brz-p-relative brz-css-6ysgeb\">\n<div class=\"brz-shortcode__placeholder\"><\/div>\n<\/div>\n<\/div>\n<\/div>\n<\/div>\n<\/div>\n<\/div>\n<\/div>\n<\/div>\n<\/div>\n<\/section>\n<section id=\"_lfphmwdsgcifarqvddzngjjrtajrbkoihuow\" class=\"brz-section brz-css-56wy0q\">\n<div class=\"brz-section__content brz-section--boxed brz-css-1hrguib brz-css-1qnxg2p\" data-brz-custom-id=\"doyvcwbdpcygyougtvjmzboevhikasxjuqbk\">\n<div class=\"brz-bg\">\n<div class=\"brz-bg-color\"><\/div>\n<\/div>\n<div class=\"brz-container brz-css-d0mqp2\">\n<div class=\"brz-row__container brz-css-ohgn8o\" data-brz-custom-id=\"kjplypdxbaxjfphnlobkxvtuoeoajpexrqzc\">\n<div class=\"brz-bg\"><\/div>\n<div class=\"brz-row brz-css-1sw7j8z\">\n<div class=\"brz-columns brz-css-cny7uo brz-css-1jyfamj\" data-brz-custom-id=\"hgmdtcszmsebatlmxdgzzwbmkqvszhjrtavr\">\n<div class=\"brz-bg\"><\/div>\n<div class=\"brz-column__items brz-css-1ypcw6u brz-css-xxq8q1\">\n<div id=\"\" class=\"brz-css-1hf7ift brz-css-llomlj brz-wrapper\">\n<div class=\"brz-image brz-css-bxa1sq\" data-brz-custom-id=\"edsvblsozijgmuefitpsneadsidhddomnvcl\"><img decoding=\"async\" class=\"brz-img\" src=\"https:\/\/drmakclinic.com\/ru?brizy_media=wp-a7d74fb0566e78d4d2d5c310f6d12f1b.png&amp;brizy_crop=original\" alt=\"\" loading=\"lazy\"><\/div>\n<\/div>\n<div id=\"\" class=\"brz-css-1hf7ift brz-css-44xn4l brz-wrapper\">\n<div class=\"brz-rich-text brz-rich-text__custom brz-css-1np9y06\" data-brz-custom-id=\"umdzxbbeulqcmrmwujcxlmalwymbzcjdmdkd\">\n<div data-brz-translate-text=\"1\">\n<p class=\"brz-fw-lg-500 brz-fss-lg-px brz-fs-lg-26 brz-ft-upload brz-ff-ckyztbazucvfgxnrkwthfbuhnumrbfrmhags brz-tp-lg-empty brz-lh-lg-1_9 brz-ls-lg-0 brz-fs-xs-14 brz-text-sm-center brz-fs-sm-14 brz-fw-sm-300 brz-lh-sm-1_7 brz-text-xs-center brz-fw-xs-300 brz-lh-xs-1_7 brz-css-h2HVw\" data-uniq-id=\"zsenk\" data-generated-css=\"brz-css-semcb\"><span>Dr.MAK Clinic<\/span><\/p>\n<p class=\"brz-fs-xs-14 brz-text-sm-center brz-fs-sm-14 brz-fw-sm-300 brz-lh-sm-1_7 brz-text-xs-center brz-fw-xs-300 brz-lh-xs-1_7 brz-tp-lg-empty brz-ff-manrope brz-ft-google brz-fss-lg-px brz-lh-lg-1_9 brz-fs-lg-16 brz-fw-lg-400 brz-ls-lg-0 brz-css-wJ6fr\" data-uniq-id=\"pkbkf\" data-generated-css=\"brz-css-jwcoo\"><span style=\"opacity: 0.8\">Cosmetic and Reconstructive Plastic Surgeon<\/span><\/p>\n<\/div>\n<\/div>\n<\/div>\n<\/div>\n<\/div>\n<div class=\"brz-columns brz-css-cny7uo brz-css-gha69m\" data-brz-custom-id=\"faujtdqgysyrqxokfpizodkuvfsqqxkjqgyo\">\n<div class=\"brz-bg\"><\/div>\n<div class=\"brz-column__items brz-css-1ypcw6u\">\n<div id=\"\" class=\"brz-css-1hf7ift brz-wrapper\">\n<div class=\"brz-rich-text brz-rich-text__custom brz-css-1np9y06\" data-brz-custom-id=\"kscnvwzulwkqzmxqmbpoqsvnjbouwaluotbz\">\n<div data-brz-translate-text=\"1\">\n<p class=\"brz-ff-ckyztbazucvfgxnrkwthfbuhnumrbfrmhags brz-tp-lg-empty brz-fw-xs-700 brz-text-xs-center brz-ls-xs-2 brz-ls-sm-2 brz-fs-sm-13 brz-lh-sm-1_7 brz-fs-xs-13 brz-lh-xs-1_7 brz-text-sm-left brz-fw-sm-700 brz-fss-lg-px brz-fw-lg-400 brz-ls-lg-1_1 brz-lh-lg-1_5 brz-ft-upload brz-fs-lg-20 brz-css-f7hGQ\" data-uniq-id=\"vxxdx\" data-generated-css=\"brz-css-ljise\"><span>Clinic<\/span><\/p>\n<\/div>\n<\/div>\n<\/div>\n<div id=\"\" class=\"brz-css-1hf7ift brz-css-1t9n3gu brz-wrapper\"><\/div>\n<\/div>\n<\/div>\n<div class=\"brz-columns brz-css-cny7uo brz-css-qppn5g\" data-brz-custom-id=\"nptribgyvradgahdluwxwcyzyigithzbrgbb\">\n<div class=\"brz-bg\"><\/div>\n<div class=\"brz-column__items brz-css-1ypcw6u\">\n<div id=\"\" class=\"brz-css-1hf7ift brz-wrapper\">\n<div class=\"brz-rich-text brz-rich-text__custom brz-css-1np9y06\" data-brz-custom-id=\"vtvjmgphiaqxoveqolbogpgyuyhxlrfjrxze\">\n<div data-brz-translate-text=\"1\">\n<p class=\"brz-ff-ckyztbazucvfgxnrkwthfbuhnumrbfrmhags brz-tp-lg-empty brz-lh-lg-1_5 brz-ls-lg-1_1 brz-fw-lg-400 brz-fss-lg-px brz-fs-lg-20 brz-ft-upload brz-fw-sm-700 brz-text-sm-left brz-lh-xs-1_7 brz-fs-xs-13 brz-lh-sm-1_7 brz-fs-sm-13 brz-ls-sm-2 brz-ls-xs-2 brz-text-xs-center brz-fw-xs-700 brz-css-snuMt\" data-generated-css=\"brz-css-xcqqi\" data-uniq-id=\"ammwa\"><span>Top Procedures<\/span><\/p>\n<\/div>\n<\/div>\n<\/div>\n<div id=\"\" class=\"brz-css-1hf7ift brz-css-12bjmod brz-wrapper\"><\/div>\n<\/div>\n<\/div>\n<div class=\"brz-columns brz-css-cny7uo brz-css-1ox7ztl\" data-brz-custom-id=\"gzjoxpxbzzjxeydkluaflihviyvfdsxxongm\">\n<div class=\"brz-bg\"><\/div>\n<div class=\"brz-column__items brz-css-1ypcw6u\">\n<div id=\"\" class=\"brz-css-1hf7ift brz-wrapper\">\n<div class=\"brz-rich-text brz-rich-text__custom brz-css-1np9y06\" data-brz-custom-id=\"fvlbezuioegvhnqiarojoxgmafvjsdepizuj\">\n<div data-brz-translate-text=\"1\">\n<p class=\"brz-ff-ckyztbazucvfgxnrkwthfbuhnumrbfrmhags brz-tp-lg-empty brz-fw-sm-700 brz-text-xs-center brz-lh-xs-1_7 brz-fs-xs-13 brz-lh-sm-1_7 brz-fs-sm-13 brz-ls-sm-2 brz-ls-xs-2 brz-text-sm-left brz-fw-xs-700 brz-fss-lg-px brz-fw-lg-400 brz-ls-lg-1_1 brz-lh-lg-1_5 brz-ft-upload brz-fs-lg-20 brz-css-pcce7\" data-generated-css=\"brz-css-xhnow\" data-uniq-id=\"hudun\"><span>Contact<\/span><\/p>\n<\/div>\n<\/div>\n<\/div>\n<div id=\"\" class=\"brz-css-1hf7ift brz-wrapper\">\n<div class=\"brz-rich-text brz-rich-text__custom brz-css-1np9y06\" data-brz-custom-id=\"chsslenlymqsagzzknttptqqvrvyiaflpwzo\">\n<div data-brz-translate-text=\"1\">\n<p class=\"brz-ft-google brz-ff-manrope brz-tp-lg-empty brz-lh-lg-1_9 brz-ls-lg-0 brz-fw-lg-400 brz-fss-lg-px brz-fs-lg-16 brz-mb-lg-35 brz-text-xs-center brz-lh-sm-2 brz-fs-sm-16 brz-text-sm-left brz-fs-xs-16 brz-lh-xs-2 brz-css-dihg4\" data-uniq-id=\"htgxc\" data-generated-css=\"brz-css-lbmlh\"><span style=\"opacity: 1\">Get in touch today, contact us via email, phone or drop in for a chat with our team. <\/span><\/p>\n<\/div>\n<\/div>\n<\/div>\n<div id=\"\" class=\"brz-css-1hf7ift brz-wrapper\">\n<div class=\"brz-icon-text brz-css-hx019j\" data-brz-custom-id=\"bupdtamxojzcqllxsqmqojhtqmubhmsmbszz\">\n<div class=\"brz-icon__container\" data-brz-custom-id=\"peiwxpkglsnwvbynbhkeomuviumnzupjgbun\"><span class=\"brz-icon brz-span brz-css-86cgox brz-css-gp8vwc\"><\/span><\/div>\n<div class=\"brz-text-btn\">\n<div class=\"brz-rich-text brz-rich-text__custom brz-css-1np9y06\" data-brz-custom-id=\"uooqbhjfzisvreoiyoyqrorqisykyapwvgyn\">\n<div data-brz-translate-text=\"1\">\n<p class=\"brz-fs-lg-15 brz-ft-google brz-ff-manrope brz-tp-lg-empty brz-fss-lg-px brz-fw-lg-400 brz-ls-lg-0 brz-lh-lg-1_9 brz-css-xOUKo\" data-uniq-id=\"drkyz\" data-generated-css=\"brz-css-hzipg\"><span style=\"opacity: 1\">info@drmakclinic.com<\/span><\/p>\n<\/div>\n<\/div>\n<\/div>\n<\/div>\n<\/div>\n<div id=\"\" class=\"brz-css-1hf7ift brz-wrapper\">\n<div class=\"brz-icon-text brz-css-hx019j\" data-brz-custom-id=\"jxkhahhmuyjvakwzckcmyuihwbfabpoaapcl\">\n<div class=\"brz-icon__container\" data-brz-custom-id=\"uhqmrsfoukzgiakxuglqcfsuduuqizofobat\"><span class=\"brz-icon brz-span brz-css-86cgox brz-css-303e9v\"><\/span><\/div>\n<div class=\"brz-text-btn\">\n<div class=\"brz-rich-text brz-rich-text__custom brz-css-1np9y06\" data-brz-custom-id=\"jjgbofynsaegeayjxrbxkwcivszubtijwbkc\">\n<div data-brz-translate-text=\"1\">\n<p class=\"brz-lh-lg-1_9 brz-ls-lg-0 brz-fw-lg-400 brz-fss-lg-px brz-fs-lg-15 brz-ft-google brz-ff-manrope brz-tp-lg-empty brz-css-jOC_i\" data-uniq-id=\"sefib\" data-generated-css=\"brz-css-iphzu\"><span style=\"opacity: 1\">+90 532 296 11 36<\/span><\/p>\n<\/div>\n<\/div>\n<\/div>\n<\/div>\n<\/div>\n<div id=\"\" class=\"brz-css-1hf7ift brz-wrapper\">\n<div class=\"brz-icon-text brz-css-hx019j\" data-brz-custom-id=\"debjzcibofidpeuolclvzwwaauhwzlcoffbx\">\n<div class=\"brz-icon__container\" data-brz-custom-id=\"kdymwmuvdvvfdebqszlkkbedbnzjjlzmzikh\"><span class=\"brz-icon brz-span brz-css-86cgox brz-css-106kvkv\"><\/span><\/div>\n<div class=\"brz-text-btn\">\n<div class=\"brz-rich-text brz-rich-text__custom brz-css-1np9y06\" data-brz-custom-id=\"jqxbofzqklndipmmoqximqotqxwkhaqzgjtr\">\n<div data-brz-translate-text=\"1\">\n<p class=\"brz-fs-lg-15 brz-ft-google brz-ff-manrope brz-tp-lg-empty brz-fss-lg-px brz-fw-lg-400 brz-ls-lg-0 brz-lh-lg-1_9 brz-css-dIfPn\" data-uniq-id=\"spawf\" data-generated-css=\"brz-css-wpqsk\"><span style=\"opacity: 1\">Tevfik I\u015f\u0131k Cd. Ye\u015filbah\u00e7e Mh. \u00c7i\u00e7ek Sitesi A blok 2\/4 07100 Antalya, TURKEY<\/span><\/p>\n<\/div>\n<\/div>\n<\/div>\n<\/div>\n<\/div>\n<\/div>\n<\/div>\n<\/div>\n<\/div>\n<\/div>\n<\/div>\n<\/section>\n<\/div>\n<p>    <!-- version:1738228539 --><\/p>\n","protected":false},"excerpt":{"rendered":"<p>Dr.MAK Clinic Cosmetic and Reconstructive Plastic Surgeon Clinic Top Procedures Contact Get in touch today, contact us via email, phone or drop in for a chat with our team. info@drmakclinic.com +90 532 296 11 36 Tevfik I\u015f\u0131k Cd. Ye\u015filbah\u00e7e Mh. \u00c7i\u00e7ek Sitesi A blok 2\/4 07100 Antalya, TURKEY<\/p>\n","protected":false},"author":1,"featured_media":0,"parent":0,"menu_order":0,"comment_status":"closed","ping_status":"closed","template":"","meta":{"footnotes":""},"class_list":["post-108","page","type-page","status-publish","hentry"],"blocksy_meta":{"styles_descriptor":{"styles":{"desktop":"","tablet":"","mobile":""},"google_fonts":[],"version":6}},"_links":{"self":[{"href":"https:\/\/drmakclinic.com\/ru\/wp-json\/wp\/v2\/pages\/108","targetHints":{"allow":["GET"]}}],"collection":[{"href":"https:\/\/drmakclinic.com\/ru\/wp-json\/wp\/v2\/pages"}],"about":[{"href":"https:\/\/drmakclinic.com\/ru\/wp-json\/wp\/v2\/types\/page"}],"author":[{"embeddable":true,"href":"https:\/\/drmakclinic.com\/ru\/wp-json\/wp\/v2\/users\/1"}],"replies":[{"embeddable":true,"href":"https:\/\/drmakclinic.com\/ru\/wp-json\/wp\/v2\/comments?post=108"}],"version-history":[{"count":0,"href":"https:\/\/drmakclinic.com\/ru\/wp-json\/wp\/v2\/pages\/108\/revisions"}],"wp:attachment":[{"href":"https:\/\/drmakclinic.com\/ru\/wp-json\/wp\/v2\/media?parent=108"}],"curies":[{"name":"wp","href":"https:\/\/api.w.org\/{rel}","templated":true}]}}