{"id":121,"date":"2022-08-28T20:48:26","date_gmt":"2022-08-28T17:48:26","guid":{"rendered":"https:\/\/drmakclinic.com\/procedures\/aesthetic-plastic-surgery\/forehead-lift\/"},"modified":"2025-01-30T16:48:15","modified_gmt":"2025-01-30T13:48:15","slug":"forehead-lift","status":"publish","type":"page","link":"https:\/\/drmakclinic.com\/ru\/procedures\/aesthetic-plastic-surgery\/forehead-lift\/","title":{"rendered":"Forehead Lift"},"content":{"rendered":"<div class=\"brz-root__container brz-reset-all brz brz-root__container-page\">\n<section id=\"_izcxdefkwapeidzkfvxcotnxlruhxekfsbhr\" class=\"brz-section brz-css-thjkm0\">\n<div class=\"brz-section__content brz-section--boxed brz-css-1hhs4h brz-css-1poleyd\" data-brz-custom-id=\"vtgafzdbxeweuyollzjihtlhwsxcezjexyct\">\n<div class=\"brz-bg\">\n<div class=\"brz-bg-color\"><\/div>\n<\/div>\n<div class=\"brz-container brz-css-13yv07u\">\n<div class=\"brz-row__container brz-css-3gsf6f\" data-brz-custom-id=\"drafpbqlrvgmhmuziwoprcjnlxvjxqtkcuyh\">\n<div class=\"brz-bg\"><\/div>\n<div class=\"brz-row brz-css-7twy81 brz-css-1b8o7z8\">\n<div class=\"brz-columns brz-css-167w305 brz-css-12yolbh\" data-brz-custom-id=\"awcvysquvysygtsytaswfmosjcwdbhdjnncs\">\n<div class=\"brz-bg\"><\/div>\n<div class=\"brz-column__items brz-css-tvy0pj\">\n<div id=\"\" class=\"brz-css-3ej912 brz-wrapper\">\n<div class=\"brz-icon-text brz-css-1f13z8o brz-css-ucz6jj\" data-brz-custom-id=\"eoazbqzzdjygqnshayrksnvmmgzjmsbuvplz\">\n<div class=\"brz-icon__container\" data-brz-custom-id=\"ysudmdvxaxwuhzttvhxnuichtrpyvpsbelvu\"><span class=\"brz-icon brz-span brz-css-2ko0sj brz-css-19fjyww\"><\/span><\/div>\n<div class=\"brz-text-btn\">\n<div class=\"brz-rich-text brz-rich-text__custom brz-css-auvtwt\" data-brz-custom-id=\"cffaljvqrfiplxncndksldhanrdinidwgqta\">\n<div data-brz-translate-text=\"1\">\n<p class=\"brz-tp-lg-empty brz-ff-izzivsxniqvyexslaslvwzgtgnghvrxuxiru brz-ft-upload brz-fs-lg-66 brz-fss-lg-px brz-fw-lg-400 brz-ls-lg-0 brz-lh-lg-1 brz-css-mj8NZ\" data-uniq-id=\"closq\" data-generated-css=\"brz-css-sfiqt\"><span class=\"brz-cp-color2\">\u041f\u043e\u0436\u0442\u044f\u0436\u043a\u0430 \u043b\u0431\u0430 <\/span><\/p>\n<\/div>\n<\/div>\n<\/div>\n<\/div>\n<\/div>\n<\/div>\n<\/div>\n<\/div>\n<\/div>\n<\/div>\n<\/div>\n<\/section>\n<section id=\"_vktheyacpqyyeizwywfyspfjenhjnnscysle\" class=\"brz-section brz-css-thjkm0\">\n<div class=\"brz-section__content brz-section--boxed brz-css-1hhs4h brz-css-ijlakq\" data-brz-custom-id=\"dxmdhqsefguiuhcklpgidffilnikarnrtmvz\">\n<div class=\"brz-bg\">\n<div class=\"brz-bg-color\"><\/div>\n<\/div>\n<div class=\"brz-container brz-css-13yv07u\">\n<div id=\"\" class=\"brz-css-3ej912 brz-wrapper\">\n<div class=\"brz-line brz-line-default brz-css-11mou88 brz-css-48efjd\" data-brz-custom-id=\"jnaiueaiwlimnrnqwyxopbszpoxibhgqubfy\">\n<hr class=\"brz-hr\"><\/div>\n<\/div>\n<div class=\"brz-row__container brz-css-3gsf6f\" data-brz-custom-id=\"iwsengciqjjimvbctdpjbspdsllvshuiizjz\">\n<div class=\"brz-bg\"><\/div>\n<div class=\"brz-row brz-css-7twy81 brz-css-14lsblj\">\n<div class=\"brz-columns brz-css-167w305 brz-css-l3rxha\" data-brz-custom-id=\"kwuidyopwssrrrtnlqwhounjgvbtqvtiqfip\">\n<div class=\"brz-bg\"><\/div>\n<div class=\"brz-column__items brz-css-tvy0pj brz-css-3da1w8\">\n<div id=\"\" class=\"brz-css-3ej912 brz-css-lt9iee brz-wrapper\">\n<div class=\"brz-rich-text brz-rich-text__custom brz-css-auvtwt\" data-brz-custom-id=\"ocphotzqtyccvvtzdpltyhfpqvokogdfnjwl\">\n<div data-brz-translate-text=\"1\">\n<p class=\"brz-tp-lg-empty brz-ff-manrope brz-ft-google brz-fs-lg-13 brz-fss-lg-px brz-fw-lg-700 brz-ls-lg-1_1 brz-lh-lg-1_5 brz-css-uVRGS\" data-uniq-id=\"llvky\" data-generated-css=\"brz-css-bruxg\"><span class=\"brz-capitalize-on\">\u041f\u043e\u0436\u0442\u044f\u0436\u043a\u0430 \u043b\u0431\u0430 <\/span><\/p>\n<\/div>\n<\/div>\n<\/div>\n<div id=\"\" class=\"brz-css-3ej912 brz-css-vbd05b brz-wrapper\">\n<div class=\"brz-spacer brz-css-alevb brz-css-4imtok\"><\/div>\n<\/div>\n<div id=\"\" class=\"brz-css-3ej912 brz-css-1myj8b3 brz-wrapper\">\n<div class=\"brz-icon-text brz-css-1f13z8o\" data-brz-custom-id=\"lamaslbytttldyldxjnrdmfqltmrlbxiuutg\">\n<div class=\"brz-icon__container\" data-brz-custom-id=\"htxytvsuvixfzzljlqxofuxikngslszypyvb\"><span class=\"brz-icon brz-span brz-css-2ko0sj brz-css-1csyo1r\"><\/span><\/div>\n<div class=\"brz-text-btn\">\n<div class=\"brz-rich-text brz-rich-text__custom brz-css-auvtwt\" data-brz-custom-id=\"ventszmprmknjqlgdulkuthdfsalsrsrntgi\">\n<div data-brz-translate-text=\"1\">\n<p class=\"brz-lh-xs-1_4 brz-lh-sm-1_4 brz-fs-lg-18 brz-fs-sm-17 brz-fs-xs-17 brz-ls-lg-0 brz-ls-sm-0 brz-ls-xs-0 brz-ff-arimo brz-ft-google brz-fw-lg-400 brz-fw-sm-400 brz-fw-xs-400 brz-lh-lg-1_3 brz-css-pF9F_\" data-uniq-id=\"alxsq\" data-generated-css=\"brz-css-oycnl\"><span>\u0410\u043d\u0435\u0441\u0442\u0435\u0437\u0438\u044f: \u043e\u0431\u0449\u0430\u044f<\/span><\/p>\n<\/div>\n<\/div>\n<\/div>\n<\/div>\n<\/div>\n<div id=\"\" class=\"brz-css-3ej912 brz-css-vbd05b brz-wrapper\">\n<div class=\"brz-spacer brz-css-alevb brz-css-15roye7\"><\/div>\n<\/div>\n<div id=\"\" class=\"brz-css-3ej912 brz-css-oeu8oj brz-wrapper\">\n<div class=\"brz-icon-text brz-css-1f13z8o\" data-brz-custom-id=\"izmtgsuhadeplmakvopepuvzqiycbekokttj\">\n<div class=\"brz-icon__container\" data-brz-custom-id=\"uajsrhfxfwfnzfnehkjurhzbuoqchowgtfeb\"><span class=\"brz-icon brz-span brz-css-2ko0sj brz-css-6tvvh7\"><\/span><\/div>\n<div class=\"brz-text-btn\">\n<div class=\"brz-rich-text brz-rich-text__custom brz-css-auvtwt\" data-brz-custom-id=\"foapfgjgjzuqvgsszzclzxtitwkctfwpwxng\">\n<div data-brz-translate-text=\"1\">\n<p class=\"brz-lh-sm-1_4 brz-lh-lg-1_3 brz-fw-xs-400 brz-fw-sm-400 brz-fw-lg-400 brz-ft-google brz-ff-arimo brz-ls-xs-0 brz-ls-sm-0 brz-ls-lg-0 brz-fs-xs-17 brz-fs-sm-17 brz-fs-lg-18 brz-lh-xs-1_4 brz-css-jZ9KT\" data-uniq-id=\"etuue\" data-generated-css=\"brz-css-vouua\"><span>\u041f\u0440\u043e\u0434\u043e\u043b\u0436\u0438\u0442\u0435\u043b\u044c\u043d\u043e\u0441\u0442\u044c \u043f\u0440\u0435\u0431\u044b\u0432\u0430\u043d\u0438\u044f: 5 \u043d\u043e\u0447\u0435\u0439<\/span><\/p>\n<\/div>\n<\/div>\n<\/div>\n<\/div>\n<\/div>\n<div id=\"\" class=\"brz-css-3ej912 brz-css-vbd05b brz-wrapper\">\n<div class=\"brz-spacer brz-css-alevb brz-css-o6j8pd\"><\/div>\n<\/div>\n<div id=\"\" class=\"brz-css-3ej912 brz-css-pdt1q3 brz-wrapper\">\n<div class=\"brz-icon-text brz-css-1f13z8o\" data-brz-custom-id=\"bgoiaakcyhemsfcskuintpjdcskreoxxbvxt\">\n<div class=\"brz-icon__container\" data-brz-custom-id=\"lrbbhsgqgatpslsyxaudgclzlchrtgubknsq\"><span class=\"brz-icon brz-span brz-css-2ko0sj brz-css-xmr67y\"><\/span><\/div>\n<div class=\"brz-text-btn\">\n<div class=\"brz-rich-text brz-rich-text__custom brz-css-auvtwt\" data-brz-custom-id=\"khcjmaxsinmeeykfwjvfkaaugqtaaflzrqmd\">\n<div data-brz-translate-text=\"1\">\n<p class=\"brz-lh-sm-1_4 brz-lh-lg-1_3 brz-fw-xs-400 brz-fw-sm-400 brz-fw-lg-400 brz-ft-google brz-ff-arimo brz-ls-xs-0 brz-ls-sm-0 brz-ls-lg-0 brz-fs-xs-17 brz-fs-sm-17 brz-fs-lg-18 brz-lh-xs-1_4 brz-css-c4UNW\" data-uniq-id=\"psnkf\" data-generated-css=\"brz-css-jwsgc\"><span>\u041f\u0440\u043e\u0434\u043e\u043b\u0436\u0438\u0442\u0435\u043b\u044c\u043d\u043e\u0441\u0442\u044c \u043e\u043f\u0435\u0440\u0430\u0446\u0438\u0438: 1 \u0447\u0430\u0441<\/span><\/p>\n<\/div>\n<\/div>\n<\/div>\n<\/div>\n<\/div>\n<div id=\"\" class=\"brz-css-3ej912 brz-css-vbd05b brz-wrapper\">\n<div class=\"brz-spacer brz-css-alevb brz-css-4ur53\"><\/div>\n<\/div>\n<div id=\"\" class=\"brz-css-3ej912 brz-css-1j3v15 brz-wrapper\">\n<div class=\"brz-icon-text brz-css-1f13z8o\" data-brz-custom-id=\"uvvnauuesgipsrqmijuzdxcceewlsfqwicbz\">\n<div class=\"brz-icon__container\" data-brz-custom-id=\"uswcswpvcdgunjonxjsrcmobblpjepyjafev\"><span class=\"brz-icon brz-span brz-css-2ko0sj brz-css-8jcuhw\"><\/span><\/div>\n<div class=\"brz-text-btn\">\n<div class=\"brz-rich-text brz-rich-text__custom brz-css-auvtwt\" data-brz-custom-id=\"opiegyfftjfehmprwvyamopwcgqinrounwck\">\n<div data-brz-translate-text=\"1\">\n<p class=\"brz-lh-sm-1_4 brz-lh-lg-1_3 brz-fw-xs-400 brz-fw-sm-400 brz-fw-lg-400 brz-ft-google brz-ff-arimo brz-ls-xs-0 brz-ls-sm-0 brz-ls-lg-0 brz-fs-xs-17 brz-fs-sm-17 brz-fs-lg-18 brz-lh-xs-1_4 brz-css-aKAid\" data-generated-css=\"brz-css-ijvvk\" data-uniq-id=\"zmeol\"><span>\u0412\u043e\u0437\u0432\u0440\u0430\u0449\u0435\u043d\u0438\u0435 \u043a \u043e\u0431\u044b\u0447\u043d\u043e\u0439 \u0436\u0438\u0437\u043d\u0438: 1 \u043d\u0435\u0434\u0435\u043b\u044f<\/span><\/p>\n<\/div>\n<\/div>\n<\/div>\n<\/div>\n<\/div>\n<div id=\"\" class=\"brz-css-3ej912 brz-css-vbd05b brz-wrapper\">\n<div class=\"brz-spacer brz-css-alevb brz-css-4lkyve\"><\/div>\n<\/div>\n<\/div>\n<\/div>\n<div class=\"brz-columns brz-css-167w305 brz-css-1a4v5sl\" data-brz-custom-id=\"icxsekctklqbltmexlcrcploxwuguszneajm\">\n<div class=\"brz-bg\"><\/div>\n<div class=\"brz-column__items brz-css-tvy0pj brz-css-57rhyq\">\n<div id=\"\" class=\"brz-css-3ej912 brz-css-16tz29e brz-wrapper\">\n<div class=\"brz-image brz-css-19vfvfp brz-css-g71s2e\" data-brz-custom-id=\"vgrbxblkgwmpohplnlwbgxtklodfeogyztyh\"><img decoding=\"async\" class=\"brz-img\" src=\"https:\/\/drmakclinic.com\/ru?brizy_media=wp-7a8b7f6112c2328730e520510e30b4df.png&amp;brizy_crop=original\" alt=\"\" loading=\"lazy\"><\/div>\n<\/div>\n<\/div>\n<\/div>\n<\/div>\n<\/div>\n<\/div>\n<\/div>\n<\/section>\n<section id=\"_eiboyvhddogqkmxgxkfynesjwnguyuzcaduz\" class=\"brz-section brz-css-thjkm0\">\n<div class=\"brz-section__content brz-section--boxed brz-css-1hhs4h brz-css-1s4lvl0\" data-brz-custom-id=\"esnrujkqqbzkmasqkhgaxyfjofoqomjdtjce\">\n<div class=\"brz-bg\">\n<div class=\"brz-bg-color\"><\/div>\n<\/div>\n<div class=\"brz-container brz-css-13yv07u\">\n<div id=\"\" class=\"brz-css-3ej912 brz-wrapper\">\n<div class=\"brz-line brz-line-default brz-css-11mou88 brz-css-6wfhm0\" data-brz-custom-id=\"xzohcjvumecyexdepdbbohnawoiekbtleddt\">\n<hr class=\"brz-hr\"><\/div>\n<\/div>\n<\/div>\n<\/div>\n<\/section>\n<section id=\"_bqvlxxgjchpibiklmzzbmdnszpynfwywygzt\" class=\"brz-section brz-css-thjkm0\">\n<div class=\"brz-section__content brz-section--boxed brz-css-1hhs4h brz-css-epgy71\" data-brz-custom-id=\"ksihuhhykbxgwgwcpruezwexjaxnuozifzey\">\n<div class=\"brz-bg\">\n<div class=\"brz-bg-color\"><\/div>\n<\/div>\n<div class=\"brz-container brz-css-13yv07u\">\n<div id=\"\" class=\"brz-css-3ej912 brz-css-vbd05b brz-wrapper\">\n<div class=\"brz-spacer brz-css-alevb brz-css-vv0jsq\"><\/div>\n<\/div>\n<div class=\"brz-row__container brz-css-3gsf6f\" data-brz-custom-id=\"jqjhegrbjmdbppevkdwoeviegehshxoiflun\">\n<div class=\"brz-bg\"><\/div>\n<div class=\"brz-row brz-css-7twy81 brz-css-14lsblj\">\n<div class=\"brz-columns brz-css-167w305 brz-css-9x2c96\" data-brz-custom-id=\"onqwzxzypgqjspfmhpllvvgtremeueetbgnw\">\n<div class=\"brz-bg\"><\/div>\n<div class=\"brz-column__items brz-css-tvy0pj brz-css-1kdrva1\">\n<div id=\"\" class=\"brz-css-3ej912 brz-css-fw1vma brz-wrapper\">\n<div class=\"brz-image brz-css-1bhgl2i brz-css-18oc0uj\" data-brz-custom-id=\"umigiwqycwabipdwsbwkmazfhsbpioozinxk\"><img decoding=\"async\" class=\"brz-img\" src=\"https:\/\/drmakclinic.com\/ru?brizy_media=wp-9b7486b9d786a0648588605ea135d33b.jpg&amp;brizy_crop=iW%3D316%26iH%3D211%26oX%3D90%26oY%3D23%26cW%3D105%26cH%3D106\" alt=\"\" loading=\"lazy\"><\/div>\n<\/div>\n<\/div>\n<\/div>\n<div class=\"brz-columns brz-css-167w305 brz-css-ark3ry\" data-brz-custom-id=\"rojttmuxyzxwbvrgsfwbuqccmcbbyghlugvn\">\n<div class=\"brz-bg\"><\/div>\n<div class=\"brz-column__items brz-css-tvy0pj brz-css-1e9me4t\">\n<div id=\"\" class=\"brz-css-3ej912 brz-wrapper\">\n<div class=\"brz-rich-text brz-rich-text__custom brz-css-auvtwt\" data-brz-custom-id=\"zqadvtdzyerurwpvgtndelxkmrxxiolaoyny\">\n<div data-brz-translate-text=\"1\">\n<p data-uniq-id=\"egydo\" data-generated-css=\"brz-css-trizt\" class=\"brz-tp-lg-empty brz-ff-ckyztbazucvfgxnrkwthfbuhnumrbfrmhags brz-ft-upload brz-fs-lg-24 brz-fss-lg-px brz-fw-lg-400 brz-ls-lg-0 brz-lh-lg-1_5 brz-css-ibIdH\">As you begin your journey toward considering plastic surgery and other cosmetic enhancements , my goal as your plastic surgeon is to provide you the highest quality of care throughout the entire process.<\/p>\n<\/div>\n<\/div>\n<\/div>\n<div id=\"\" class=\"brz-css-3ej912 brz-css-vbd05b brz-css-26xdzh brz-wrapper\">\n<div class=\"brz-spacer brz-css-alevb brz-css-164ns18\"><\/div>\n<\/div>\n<div id=\"\" class=\"brz-css-3ej912 brz-css-myd4c1 brz-wrapper\">\n<div class=\"brz-rich-text brz-rich-text__custom brz-css-auvtwt\" data-brz-custom-id=\"npvtlezxkbixexvcsnnafbicusqibunolalv\">\n<div data-brz-translate-text=\"1\">\n<p class=\"brz-text-xs-center brz-tp-lg-heading4 brz-css-xlHt5\" data-uniq-id=\"mrayu\" data-generated-css=\"brz-css-yakzy\"><strong class=\"brz-cp-color2\">Dr. Mehmet Arif Karag\u00f6z<\/strong><\/p>\n<\/div>\n<\/div>\n<\/div>\n<div id=\"\" class=\"brz-css-3ej912 brz-css-i79gcu brz-wrapper\">\n<div class=\"brz-rich-text brz-rich-text__custom brz-css-auvtwt\" data-brz-custom-id=\"sbwefohzmusszowikjbdeopujckfnzbiptkw\">\n<div data-brz-translate-text=\"1\">\n<p class=\"brz-text-xs-center brz-tp-lg-paragraph brz-css-bYfG8\" data-uniq-id=\"xuihj\" data-generated-css=\"brz-css-uaiir\"><span class=\"brz-cp-color7\">DRMAK Plastic Surgeon<\/span><\/p>\n<\/div>\n<\/div>\n<\/div>\n<\/div>\n<\/div>\n<\/div>\n<\/div>\n<div id=\"\" class=\"brz-css-3ej912 brz-css-vbd05b brz-css-1227n99 brz-wrapper\">\n<div class=\"brz-spacer brz-css-alevb brz-css-6sqs95\"><\/div>\n<\/div>\n<div id=\"\" class=\"brz-css-3ej912 brz-wrapper\">\n<div class=\"brz-line brz-line-default brz-css-11mou88 brz-css-1sidncq\" data-brz-custom-id=\"uamabozsxpmigxskxnllvjovgbmgdfaefqwa\">\n<hr class=\"brz-hr\"><\/div>\n<\/div>\n<\/div>\n<\/div>\n<\/section>\n<section id=\"_qzfefeniiwkmukmqxiifnxprzcpsoqmhcwob\" class=\"brz-section brz-css-thjkm0\">\n<div class=\"brz-section__content brz-section--boxed brz-css-1hhs4h brz-css-f2wfqd\" data-brz-custom-id=\"uycskjyzczfufytansymgkggwncxjadkxqcd\">\n<div class=\"brz-bg\">\n<div class=\"brz-bg-color\"><\/div>\n<\/div>\n<div class=\"brz-container brz-css-13yv07u\">\n<div id=\"\" class=\"brz-css-3ej912 brz-wrapper\">\n<div class=\"brz-rich-text brz-rich-text__custom brz-css-auvtwt\" data-brz-custom-id=\"kpeczmmlgbkhohqylooxdurnzmuixjwdcjyu\">\n<div data-brz-translate-text=\"1\">\n<p class=\"brz-fs-lg-48 brz-ft-upload brz-ff-ckyztbazucvfgxnrkwthfbuhnumrbfrmhags brz-tp-lg-empty brz-lh-lg-1_3 brz-ls-lg-0 brz-fw-lg-400 brz-fss-lg-px brz-text-lg-center brz-css-yMpJC\" data-uniq-id=\"eefzm\" data-generated-css=\"brz-css-vuork\"><span class=\"brz-cp-color2\">Schedule An Appointment<\/span><\/p>\n<\/div>\n<\/div>\n<\/div>\n<div id=\"\" class=\"brz-css-3ej912 brz-css-13rlbc9 brz-wrapper\">\n<div class=\"brz-rich-text brz-rich-text__custom brz-css-auvtwt\" data-brz-custom-id=\"sytxfddljyyxpgxhtscbbddeonwoizjyjxdv\">\n<div data-brz-translate-text=\"1\">\n<p class=\"brz-text-lg-center brz-tp-lg-paragraph brz-mb-lg-25 brz-css-gcqHa\" data-uniq-id=\"xdwrr\" data-generated-css=\"brz-css-xztwc\">Dr. Mak Clinic experts are ready to consult and work with you<\/p>\n<\/div>\n<\/div>\n<\/div>\n<div id=\"\" class=\"brz-css-3ej912 brz-wrapper\">\n<div class=\"brz-wp-shortcode brz-css-1t9l579\" data-brz-custom-id=\"dpvxtlfjmxqrwaiqsvjhzylzldzpgkhdpthm\">\n<div>[ameliastepbooking]<\/div>\n<\/div>\n<\/div>\n<div id=\"\" class=\"brz-css-3ej912 brz-css-1vzhnk4 brz-wrapper\">\n<div class=\"brz-rich-text brz-rich-text__custom brz-css-auvtwt\" data-brz-custom-id=\"lqzfjscutpfkkddgoehgyrqzljpzhnczihko\">\n<div data-brz-translate-text=\"1\">\n<p class=\"brz-mt-lg-40 brz-tp-lg-empty brz-ff-ckyztbazucvfgxnrkwthfbuhnumrbfrmhags brz-ft-upload brz-fs-lg-36 brz-fss-lg-px brz-fw-lg-400 brz-ls-lg-0 brz-lh-lg-1_3 brz-text-lg-center brz-css-tjNYG\" data-uniq-id=\"tqaur\" data-generated-css=\"brz-css-znzpq\">&#171;Get the dream look you deserve.&#187;<\/p>\n<\/div>\n<\/div>\n<\/div>\n<\/div>\n<\/div>\n<\/section>\n<section id=\"_mogdrxlhutoxgcfzparufkjaosdwdjvkwerv\" class=\"brz-section brz-css-thjkm0\">\n<div class=\"brz-section__content brz-section--boxed brz-css-1hhs4h brz-css-et7ddp\" data-brz-custom-id=\"hnzmpruwxeqrggwgnpurrjctbramyhmpcvjf\">\n<div class=\"brz-bg\">\n<div class=\"brz-bg-color\"><\/div>\n<\/div>\n<div class=\"brz-container brz-css-13yv07u\">\n<div class=\"brz-row__container brz-css-3gsf6f\" data-brz-custom-id=\"cdhxktcddkhwkcvmtdacepvrzrhdqyqftcdq\">\n<div class=\"brz-bg\"><\/div>\n<div class=\"brz-row brz-css-7twy81\">\n<div class=\"brz-columns brz-css-167w305 brz-css-vspt1e\" data-brz-custom-id=\"txafcjboywjpqlxqvcaxewjyljgapawsqiag\">\n<div class=\"brz-bg\"><\/div>\n<div class=\"brz-column__items brz-css-tvy0pj brz-css-1g2d6nk\">\n<div id=\"\" class=\"brz-css-3ej912 brz-css-cjt0pu brz-wrapper\">\n<div class=\"brz-image brz-css-fl5pqi\" data-brz-custom-id=\"snbhfqswbfqlqdjapxnyxdrxwyvglumdmcfu\"><img decoding=\"async\" class=\"brz-img\" src=\"https:\/\/drmakclinic.com\/ru?brizy_media=wp-a7d74fb0566e78d4d2d5c310f6d12f1b.png&amp;brizy_crop=original\" alt=\"\" loading=\"lazy\"><\/div>\n<\/div>\n<div id=\"\" class=\"brz-css-3ej912 brz-css-tezxte brz-wrapper\">\n<div class=\"brz-rich-text brz-rich-text__custom brz-css-auvtwt\" data-brz-custom-id=\"mfuqnqiakzrwvtbedohqalxqsbpjfyynbahp\">\n<div data-brz-translate-text=\"1\">\n<p class=\"brz-fw-lg-500 brz-fss-lg-px brz-fs-lg-26 brz-ft-upload brz-ff-ckyztbazucvfgxnrkwthfbuhnumrbfrmhags brz-tp-lg-empty brz-lh-lg-1_9 brz-ls-lg-0 brz-fs-xs-14 brz-text-sm-center brz-fs-sm-14 brz-fw-sm-300 brz-lh-sm-1_7 brz-text-xs-center brz-fw-xs-300 brz-lh-xs-1_7 brz-css-baqri\" data-uniq-id=\"zsenk\" data-generated-css=\"brz-css-semcb\"><span>Dr.MAK Clinic<\/span><\/p>\n<p class=\"brz-fs-xs-14 brz-text-sm-center brz-fs-sm-14 brz-fw-sm-300 brz-lh-sm-1_7 brz-text-xs-center brz-fw-xs-300 brz-lh-xs-1_7 brz-tp-lg-empty brz-ff-manrope brz-ft-google brz-fss-lg-px brz-lh-lg-1_9 brz-fs-lg-16 brz-fw-lg-400 brz-ls-lg-0 brz-css-flthJ\" data-uniq-id=\"pkbkf\" data-generated-css=\"brz-css-jwcoo\"><span style=\"opacity: 0.8\">Cosmetic and Reconstructive Plastic Surgeon<\/span><\/p>\n<\/div>\n<\/div>\n<\/div>\n<\/div>\n<\/div>\n<div class=\"brz-columns brz-css-167w305 brz-css-1aw8te2\" data-brz-custom-id=\"sunjefjzgupsppproessrcgeuyyfjkbicckt\">\n<div class=\"brz-bg\"><\/div>\n<div class=\"brz-column__items brz-css-tvy0pj\">\n<div id=\"\" class=\"brz-css-3ej912 brz-wrapper\">\n<div class=\"brz-rich-text brz-rich-text__custom brz-css-auvtwt\" data-brz-custom-id=\"vtxupbtnjdhiwnybkobnjmohmtuaduphedhw\">\n<div data-brz-translate-text=\"1\">\n<p class=\"brz-ff-ckyztbazucvfgxnrkwthfbuhnumrbfrmhags brz-tp-lg-empty brz-fw-xs-700 brz-text-xs-center brz-ls-xs-2 brz-ls-sm-2 brz-fs-sm-13 brz-lh-sm-1_7 brz-fs-xs-13 brz-lh-xs-1_7 brz-text-sm-left brz-fw-sm-700 brz-fss-lg-px brz-fw-lg-400 brz-ls-lg-1_1 brz-lh-lg-1_5 brz-ft-upload brz-fs-lg-20 brz-css-jSEbs\" data-uniq-id=\"vxxdx\" data-generated-css=\"brz-css-ljise\"><span>Clinic<\/span><\/p>\n<\/div>\n<\/div>\n<\/div>\n<div id=\"\" class=\"brz-css-3ej912 brz-css-e26eb4 brz-wrapper\"><\/div>\n<\/div>\n<\/div>\n<div class=\"brz-columns brz-css-167w305 brz-css-t4ckvs\" data-brz-custom-id=\"ybmrmqedrzavajkmbbrknilzscycijfvskki\">\n<div class=\"brz-bg\"><\/div>\n<div class=\"brz-column__items brz-css-tvy0pj\">\n<div id=\"\" class=\"brz-css-3ej912 brz-wrapper\">\n<div class=\"brz-rich-text brz-rich-text__custom brz-css-auvtwt\" data-brz-custom-id=\"fpwuqmemvjuubajskdxfdcmstzwfqhyhwsxf\">\n<div data-brz-translate-text=\"1\">\n<p class=\"brz-ff-ckyztbazucvfgxnrkwthfbuhnumrbfrmhags brz-tp-lg-empty brz-lh-lg-1_5 brz-ls-lg-1_1 brz-fw-lg-400 brz-fss-lg-px brz-fs-lg-20 brz-ft-upload brz-fw-sm-700 brz-text-sm-left brz-lh-xs-1_7 brz-fs-xs-13 brz-lh-sm-1_7 brz-fs-sm-13 brz-ls-sm-2 brz-ls-xs-2 brz-text-xs-center brz-fw-xs-700 brz-css-sUx8n\" data-generated-css=\"brz-css-xcqqi\" data-uniq-id=\"ammwa\"><span>Top Procedures<\/span><\/p>\n<\/div>\n<\/div>\n<\/div>\n<div id=\"\" class=\"brz-css-3ej912 brz-css-alltgu brz-wrapper\"><\/div>\n<\/div>\n<\/div>\n<div class=\"brz-columns brz-css-167w305 brz-css-g492hl\" data-brz-custom-id=\"beguutarrzrdpapxpsjstoutvcznocngsnvu\">\n<div class=\"brz-bg\"><\/div>\n<div class=\"brz-column__items brz-css-tvy0pj\">\n<div id=\"\" class=\"brz-css-3ej912 brz-wrapper\">\n<div class=\"brz-rich-text brz-rich-text__custom brz-css-auvtwt\" data-brz-custom-id=\"ifbzackoosgkpsamigrsjibibebngjcdgrhl\">\n<div data-brz-translate-text=\"1\">\n<p class=\"brz-ff-ckyztbazucvfgxnrkwthfbuhnumrbfrmhags brz-tp-lg-empty brz-fw-sm-700 brz-text-xs-center brz-lh-xs-1_7 brz-fs-xs-13 brz-lh-sm-1_7 brz-fs-sm-13 brz-ls-sm-2 brz-ls-xs-2 brz-text-sm-left brz-fw-xs-700 brz-fss-lg-px brz-fw-lg-400 brz-ls-lg-1_1 brz-lh-lg-1_5 brz-ft-upload brz-fs-lg-20 brz-css-gcxOx\" data-generated-css=\"brz-css-xhnow\" data-uniq-id=\"hudun\"><span>Contact<\/span><\/p>\n<\/div>\n<\/div>\n<\/div>\n<div id=\"\" class=\"brz-css-3ej912 brz-wrapper\">\n<div class=\"brz-rich-text brz-rich-text__custom brz-css-auvtwt\" data-brz-custom-id=\"hjhfsncyvjqfbzhqbgzxhjvfyeexsuuicrmr\">\n<div data-brz-translate-text=\"1\">\n<p class=\"brz-ft-google brz-ff-manrope brz-tp-lg-empty brz-lh-lg-1_9 brz-ls-lg-0 brz-fw-lg-400 brz-fss-lg-px brz-fs-lg-16 brz-mb-lg-35 brz-text-xs-center brz-lh-sm-2 brz-fs-sm-16 brz-text-sm-left brz-fs-xs-16 brz-lh-xs-2 brz-css-pESkV\" data-uniq-id=\"htgxc\" data-generated-css=\"brz-css-lbmlh\"><span style=\"opacity: 1\">Get in touch today, contact us via email, phone or drop in for a chat with our team. <\/span><\/p>\n<\/div>\n<\/div>\n<\/div>\n<div id=\"\" class=\"brz-css-3ej912 brz-wrapper\">\n<div class=\"brz-icon-text brz-css-1f13z8o\" data-brz-custom-id=\"qamfwjffkuvprrxuyspraoeaqngydheodkqm\">\n<div class=\"brz-icon__container\" data-brz-custom-id=\"oqpojroxerofvqxgbdusnfarysfmobdfxqva\"><span class=\"brz-icon brz-span brz-css-2ko0sj brz-css-105m5nl\"><\/span><\/div>\n<div class=\"brz-text-btn\">\n<div class=\"brz-rich-text brz-rich-text__custom brz-css-auvtwt\" data-brz-custom-id=\"bjdcrdcfagvakkwulatponkugoorkgaofpqd\">\n<div data-brz-translate-text=\"1\">\n<p class=\"brz-fs-lg-15 brz-ft-google brz-ff-manrope brz-tp-lg-empty brz-fss-lg-px brz-fw-lg-400 brz-ls-lg-0 brz-lh-lg-1_9 brz-css-lx5Tm\" data-uniq-id=\"drkyz\" data-generated-css=\"brz-css-hzipg\"><span style=\"opacity: 1\">info@drmakclinic.com<\/span><\/p>\n<\/div>\n<\/div>\n<\/div>\n<\/div>\n<\/div>\n<div id=\"\" class=\"brz-css-3ej912 brz-wrapper\">\n<div class=\"brz-icon-text brz-css-1f13z8o\" data-brz-custom-id=\"jlcmyngxyhczsogyqlcndisghpbtpffecxdb\">\n<div class=\"brz-icon__container\" data-brz-custom-id=\"nrpycctksgxuulimlkqjnmpeytzctprjbufj\"><span class=\"brz-icon brz-span brz-css-2ko0sj brz-css-10egl4t\"><\/span><\/div>\n<div class=\"brz-text-btn\">\n<div class=\"brz-rich-text brz-rich-text__custom brz-css-auvtwt\" data-brz-custom-id=\"unloainkeebbjisojhalabjmlxpiwevkopit\">\n<div data-brz-translate-text=\"1\">\n<p class=\"brz-lh-lg-1_9 brz-ls-lg-0 brz-fw-lg-400 brz-fss-lg-px brz-fs-lg-15 brz-ft-google brz-ff-manrope brz-tp-lg-empty brz-css-oYRJF\" data-uniq-id=\"sefib\" data-generated-css=\"brz-css-iphzu\"><span style=\"opacity: 1\">+90 532 296 11 36<\/span><\/p>\n<\/div>\n<\/div>\n<\/div>\n<\/div>\n<\/div>\n<div id=\"\" class=\"brz-css-3ej912 brz-wrapper\">\n<div class=\"brz-icon-text brz-css-1f13z8o\" data-brz-custom-id=\"zlhvuheelfvtifwenlrzbpjruiyeanrpjpsr\">\n<div class=\"brz-icon__container\" data-brz-custom-id=\"xavryfppnnkbhokxxzhjjnaoibkxiarqdrqy\"><span class=\"brz-icon brz-span brz-css-2ko0sj brz-css-1n6dyq4\"><\/span><\/div>\n<div class=\"brz-text-btn\">\n<div class=\"brz-rich-text brz-rich-text__custom brz-css-auvtwt\" data-brz-custom-id=\"zrcwdqcakikklzhugpiazgsghwrpnbtzxlgg\">\n<div data-brz-translate-text=\"1\">\n<p class=\"brz-fs-lg-15 brz-ft-google brz-ff-manrope brz-tp-lg-empty brz-fss-lg-px brz-fw-lg-400 brz-ls-lg-0 brz-lh-lg-1_9 brz-css-fo9wZ\" data-uniq-id=\"spawf\" data-generated-css=\"brz-css-wpqsk\"><span style=\"opacity: 1\">Tevfik I\u015f\u0131k Cd. Ye\u015filbah\u00e7e Mh. \u00c7i\u00e7ek Sitesi A blok 2\/4 07100 Antalya, TURKEY<\/span><\/p>\n<\/div>\n<\/div>\n<\/div>\n<\/div>\n<\/div>\n<\/div>\n<\/div>\n<\/div>\n<\/div>\n<\/div>\n<\/div>\n<\/section>\n<\/div>\n<p>    <!-- version:1738244895 --><\/p>\n","protected":false},"excerpt":{"rendered":"<p>\u041f\u043e\u0436\u0442\u044f\u0436\u043a\u0430 \u043b\u0431\u0430 \u041f\u043e\u0436\u0442\u044f\u0436\u043a\u0430 \u043b\u0431\u0430 \u0410\u043d\u0435\u0441\u0442\u0435\u0437\u0438\u044f: \u043e\u0431\u0449\u0430\u044f \u041f\u0440\u043e\u0434\u043e\u043b\u0436\u0438\u0442\u0435\u043b\u044c\u043d\u043e\u0441\u0442\u044c \u043f\u0440\u0435\u0431\u044b\u0432\u0430\u043d\u0438\u044f: 5 \u043d\u043e\u0447\u0435\u0439 \u041f\u0440\u043e\u0434\u043e\u043b\u0436\u0438\u0442\u0435\u043b\u044c\u043d\u043e\u0441\u0442\u044c \u043e\u043f\u0435\u0440\u0430\u0446\u0438\u0438: 1 \u0447\u0430\u0441 \u0412\u043e\u0437\u0432\u0440\u0430\u0449\u0435\u043d\u0438\u0435 \u043a \u043e\u0431\u044b\u0447\u043d\u043e\u0439 \u0436\u0438\u0437\u043d\u0438: 1 \u043d\u0435\u0434\u0435\u043b\u044f As you begin your journey toward considering plastic surgery and other cosmetic enhancements , my goal as your plastic surgeon is to provide you the highest quality of care throughout the entire process. Dr. Mehmet [&hellip;]<\/p>\n","protected":false},"author":1,"featured_media":0,"parent":111,"menu_order":0,"comment_status":"closed","ping_status":"closed","template":"","meta":{"footnotes":""},"class_list":["post-121","page","type-page","status-publish","hentry"],"blocksy_meta":{"styles_descriptor":{"styles":{"desktop":"","tablet":"","mobile":""},"google_fonts":[],"version":6}},"_links":{"self":[{"href":"https:\/\/drmakclinic.com\/ru\/wp-json\/wp\/v2\/pages\/121","targetHints":{"allow":["GET"]}}],"collection":[{"href":"https:\/\/drmakclinic.com\/ru\/wp-json\/wp\/v2\/pages"}],"about":[{"href":"https:\/\/drmakclinic.com\/ru\/wp-json\/wp\/v2\/types\/page"}],"author":[{"embeddable":true,"href":"https:\/\/drmakclinic.com\/ru\/wp-json\/wp\/v2\/users\/1"}],"replies":[{"embeddable":true,"href":"https:\/\/drmakclinic.com\/ru\/wp-json\/wp\/v2\/comments?post=121"}],"version-history":[{"count":0,"href":"https:\/\/drmakclinic.com\/ru\/wp-json\/wp\/v2\/pages\/121\/revisions"}],"up":[{"embeddable":true,"href":"https:\/\/drmakclinic.com\/ru\/wp-json\/wp\/v2\/pages\/111"}],"wp:attachment":[{"href":"https:\/\/drmakclinic.com\/ru\/wp-json\/wp\/v2\/media?parent=121"}],"curies":[{"name":"wp","href":"https:\/\/api.w.org\/{rel}","templated":true}]}}