{"id":136,"date":"2022-08-28T19:02:00","date_gmt":"2022-08-28T16:02:00","guid":{"rendered":"https:\/\/drmakclinic.com\/yakinda\/"},"modified":"2022-08-28T19:02:00","modified_gmt":"2022-08-28T16:02:00","slug":"yakinda","status":"publish","type":"page","link":"https:\/\/drmakclinic.com\/ru\/yakinda\/","title":{"rendered":"Yak\u0131nda"},"content":{"rendered":"<div class=\"brz-root__container brz-reset-all\">\n<section id=\"rjohqskufyixbrunuidovdclntukjbtgaocu\" class=\"brz-section brz-css-lowwo brz-css-szmti\" data-uid=\"rjohqskufyixbrunuidovdclntukjbtgaocu\">\n<div class=\"brz-section__content brz-section--fullWidth brz-css-uyrkb\" data-custom-id=\"uebojrqfjnpulxknacjiysbppkoyvsjeaflp\">\n<div class=\"brz-container brz-css-qbgkf brz-css-ruyki\">\n<div class=\"brz-css-dlyec brz-wrapper\">\n<div class=\"brz-rich-text brz-rich-text__custom brz-css-dgqrz\" data-custom-id=\"lcvfczruaecxvspdwajmyviriuedusfwukww\">\n<div>\n<p class=\"brz-css-szuhp\" data-uniq-id=\"qlvlp\" data-generated-css=\"brz-css-ilypi\"><span class=\"brz-cp-color7\">Web sitemiz yap\u0131m a\u015famas\u0131ndad\u0131r.<\/span><\/p>\n<p class=\"brz-css-qkmlr\" data-uniq-id=\"qlaxq\" data-generated-css=\"brz-css-pjjgz\"><span class=\"brz-cp-color7\">Yak\u0131n bi zaman i\u00e7erisinde l\u00fctfen tekrar ziyaret ediniz.\u00a0<\/span><\/p>\n<\/div>\n<\/div>\n<\/div>\n<\/div>\n<\/div>\n<\/section>\n<\/div>\n<p><!-- version:1661710243 --><\/p>\n","protected":false},"excerpt":{"rendered":"<p>Web sitemiz yap\u0131m a\u015famas\u0131ndad\u0131r. Yak\u0131n bi zaman i\u00e7erisinde l\u00fctfen tekrar ziyaret ediniz.\u00a0<\/p>\n","protected":false},"author":1,"featured_media":0,"parent":0,"menu_order":0,"comment_status":"closed","ping_status":"closed","template":"brizy-blank-template.php","meta":{"footnotes":""},"class_list":["post-136","page","type-page","status-publish","hentry"],"blocksy_meta":{"styles_descriptor":{"styles":{"desktop":"","tablet":"","mobile":""},"google_fonts":[],"version":6}},"_links":{"self":[{"href":"https:\/\/drmakclinic.com\/ru\/wp-json\/wp\/v2\/pages\/136","targetHints":{"allow":["GET"]}}],"collection":[{"href":"https:\/\/drmakclinic.com\/ru\/wp-json\/wp\/v2\/pages"}],"about":[{"href":"https:\/\/drmakclinic.com\/ru\/wp-json\/wp\/v2\/types\/page"}],"author":[{"embeddable":true,"href":"https:\/\/drmakclinic.com\/ru\/wp-json\/wp\/v2\/users\/1"}],"replies":[{"embeddable":true,"href":"https:\/\/drmakclinic.com\/ru\/wp-json\/wp\/v2\/comments?post=136"}],"version-history":[{"count":0,"href":"https:\/\/drmakclinic.com\/ru\/wp-json\/wp\/v2\/pages\/136\/revisions"}],"wp:attachment":[{"href":"https:\/\/drmakclinic.com\/ru\/wp-json\/wp\/v2\/media?parent=136"}],"curies":[{"name":"wp","href":"https:\/\/api.w.org\/{rel}","templated":true}]}}